{"id":4584,"date":"2023-01-03T10:12:10","date_gmt":"2023-01-03T13:12:10","guid":{"rendered":"https:\/\/jundiai.sp.gov.br\/saude\/?page_id=4584"},"modified":"2023-12-14T17:06:44","modified_gmt":"2023-12-14T20:06:44","slug":"contato","status":"publish","type":"page","link":"https:\/\/jundiai.sp.gov.br\/saude\/visat\/contato\/","title":{"rendered":"Contato"},"content":{"rendered":"\n<p><strong>Vigil\u00e2ncia em Sa\u00fade do Trabalhador<\/strong><\/p>\n\n\n\n<p>Endere\u00e7o: Rua Marechal Deodoro da Fonseca, 147 &#8211; Centro<br>Telefone: (11) 4589-0359<br>E-mail: <a href=\"mailto:cerestjundiai@jundiai.sp.gov.br\">cerestjundiai@jundiai.sp.gov.br<\/a>  <br>\u00d3rg\u00e3o: 1255<br>Hor\u00e1rio de funcionamento: das 7h \u00e0s 16h<\/p>\n","protected":false},"excerpt":{"rendered":"<p>Vigil\u00e2ncia em Sa\u00fade do Trabalhador Endere\u00e7o: Rua Marechal Deodoro da Fonseca, 147 &#8211; CentroTelefone: (11) 4589-0359E-mail: cerestjundiai@jundiai.sp.gov.br \u00d3rg\u00e3o: 1255Hor\u00e1rio de funcionamento: das 7h \u00e0s 16h<\/p>\n","protected":false},"author":8,"featured_media":0,"parent":2702,"menu_order":0,"comment_status":"closed","ping_status":"closed","template":"","meta":{"footnotes":""},"class_list":["post-4584","page","type-page","status-publish","hentry"],"_links":{"self":[{"href":"https:\/\/jundiai.sp.gov.br\/saude\/wp-json\/wp\/v2\/pages\/4584","targetHints":{"allow":["GET"]}}],"collection":[{"href":"https:\/\/jundiai.sp.gov.br\/saude\/wp-json\/wp\/v2\/pages"}],"about":[{"href":"https:\/\/jundiai.sp.gov.br\/saude\/wp-json\/wp\/v2\/types\/page"}],"author":[{"embeddable":true,"href":"https:\/\/jundiai.sp.gov.br\/saude\/wp-json\/wp\/v2\/users\/8"}],"replies":[{"embeddable":true,"href":"https:\/\/jundiai.sp.gov.br\/saude\/wp-json\/wp\/v2\/comments?post=4584"}],"version-history":[{"count":2,"href":"https:\/\/jundiai.sp.gov.br\/saude\/wp-json\/wp\/v2\/pages\/4584\/revisions"}],"predecessor-version":[{"id":5132,"href":"https:\/\/jundiai.sp.gov.br\/saude\/wp-json\/wp\/v2\/pages\/4584\/revisions\/5132"}],"up":[{"embeddable":true,"href":"https:\/\/jundiai.sp.gov.br\/saude\/wp-json\/wp\/v2\/pages\/2702"}],"wp:attachment":[{"href":"https:\/\/jundiai.sp.gov.br\/saude\/wp-json\/wp\/v2\/media?parent=4584"}],"curies":[{"name":"wp","href":"https:\/\/api.w.org\/{rel}","templated":true}]}}