{"id":4751,"date":"2023-06-26T16:27:34","date_gmt":"2023-06-26T19:27:34","guid":{"rendered":"https:\/\/jundiai.sp.gov.br\/saude\/?page_id=4751"},"modified":"2024-08-05T11:46:27","modified_gmt":"2024-08-05T14:46:27","slug":"febre-maculosa","status":"publish","type":"page","link":"https:\/\/jundiai.sp.gov.br\/saude\/febre-maculosa\/","title":{"rendered":"Febre Maculosa"},"content":{"rendered":"\n<figure class=\"wp-block-image size-full\"><img loading=\"lazy\" decoding=\"async\" width=\"1280\" height=\"274\" src=\"https:\/\/jundiai.sp.gov.br\/saude\/wp-content\/uploads\/sites\/17\/2024\/06\/pmj-0025-23-banner-top-site_1280x274px-copiar.png\" alt=\"\" class=\"wp-image-5587\" srcset=\"https:\/\/jundiai.sp.gov.br\/saude\/wp-content\/uploads\/sites\/17\/2024\/06\/pmj-0025-23-banner-top-site_1280x274px-copiar.png 1280w, https:\/\/jundiai.sp.gov.br\/saude\/wp-content\/uploads\/sites\/17\/2024\/06\/pmj-0025-23-banner-top-site_1280x274px-copiar-300x64.png 300w, https:\/\/jundiai.sp.gov.br\/saude\/wp-content\/uploads\/sites\/17\/2024\/06\/pmj-0025-23-banner-top-site_1280x274px-copiar-768x164.png 768w\" sizes=\"auto, (max-width: 1280px) 100vw, 1280px\" \/><\/figure>\n\n\n\n<p>A febre maculosa \u00e9 uma doen\u00e7a infecciosa, febril aguda e de gravidade vari\u00e1vel. Ela pode variar desde as formas cl\u00ednicas leves e at\u00edpicas at\u00e9 formas graves, com elevada taxa de letalidade. A febre maculosa \u00e9 causada por uma bact\u00e9ria do g\u00eanero&nbsp;<em>Rickettsia<\/em>, transmitida pela picada do carrapato.<\/p>\n\n\n\n<p>Os principais sintomas da Febre Maculosa s\u00e3o:<\/p>\n\n\n\n<ul class=\"wp-block-list\">\n<li>Febre alta e s\u00fabita;<\/li>\n\n\n\n<li>Cefaleia;<\/li>\n\n\n\n<li>Hiperemia conjuntival;<\/li>\n\n\n\n<li>Dor muscular e articular;<\/li>\n\n\n\n<li>Mal-estar;<\/li>\n\n\n\n<li>Dores abdominais;<\/li>\n\n\n\n<li>V\u00f4mito;<\/li>\n\n\n\n<li>Diarreia;<\/li>\n\n\n\n<li>Exantema.<\/li>\n<\/ul>\n\n\n\n<p><strong>A Febre Maculosa, se n\u00e3o tratada adequadamente, pode evoluir para quadros graves e levar a pessoa \u00e0 morte.<\/strong><\/p>\n\n\n\n<h2 class=\"wp-block-heading\"><strong><em><a rel=\"noreferrer noopener\" href=\"https:\/\/jundiai.sp.gov.br\/saude\/febre-maculosa\/faq-perguntas-frequentes\/\" target=\"_blank\">FAQ &#8211; Perguntas Frequentes<\/a><\/em><\/strong><\/h2>\n\n\n\n<h2 class=\"wp-block-heading\"><strong><em>Materiais de divulga\u00e7\u00e3o para preven\u00e7\u00e3o:<\/em><\/strong><\/h2>\n\n\n\n<p><a href=\"https:\/\/jundiai.sp.gov.br\/saude\/wp-content\/uploads\/sites\/17\/2024\/06\/pmj-0025-23-cartaz_a3_compressed.pdf\">Cartaz<\/a><\/p>\n\n\n\n<figure class=\"wp-block-image size-large is-resized\"><img loading=\"lazy\" decoding=\"async\" width=\"689\" height=\"960\" src=\"https:\/\/jundiai.sp.gov.br\/saude\/wp-content\/uploads\/sites\/17\/2024\/06\/pmj-0025-23-cartaz_a3-689x960.png\" alt=\"\" class=\"wp-image-5602\" style=\"width:275px;height:auto\" srcset=\"https:\/\/jundiai.sp.gov.br\/saude\/wp-content\/uploads\/sites\/17\/2024\/06\/pmj-0025-23-cartaz_a3-689x960.png 689w, https:\/\/jundiai.sp.gov.br\/saude\/wp-content\/uploads\/sites\/17\/2024\/06\/pmj-0025-23-cartaz_a3-300x418.png 300w, https:\/\/jundiai.sp.gov.br\/saude\/wp-content\/uploads\/sites\/17\/2024\/06\/pmj-0025-23-cartaz_a3-768x1071.png 768w, https:\/\/jundiai.sp.gov.br\/saude\/wp-content\/uploads\/sites\/17\/2024\/06\/pmj-0025-23-cartaz_a3-1102x1536.png 1102w, https:\/\/jundiai.sp.gov.br\/saude\/wp-content\/uploads\/sites\/17\/2024\/06\/pmj-0025-23-cartaz_a3-1469x2048.png 1469w, https:\/\/jundiai.sp.gov.br\/saude\/wp-content\/uploads\/sites\/17\/2024\/06\/pmj-0025-23-cartaz_a3.png 1900w\" sizes=\"auto, (max-width: 689px) 100vw, 689px\" \/><\/figure>\n\n\n\n<p><a href=\"https:\/\/jundiai.sp.gov.br\/saude\/wp-content\/uploads\/sites\/17\/2024\/06\/pmj-0025-23-folheto.png\">Folheto Frente<\/a><\/p>\n\n\n\n<p><a href=\"https:\/\/jundiai.sp.gov.br\/saude\/wp-content\/uploads\/sites\/17\/2024\/06\/pmj-0025-23-folheto-2.png\">Folheto Verso<\/a><\/p>\n\n\n\n<div class=\"wp-block-columns is-layout-flex wp-container-core-columns-is-layout-9d6595d7 wp-block-columns-is-layout-flex\">\n<div class=\"wp-block-column is-layout-flow wp-block-column-is-layout-flow\">\n<figure class=\"wp-block-image size-large\"><img loading=\"lazy\" decoding=\"async\" width=\"1280\" height=\"917\" src=\"https:\/\/jundiai.sp.gov.br\/saude\/wp-content\/uploads\/sites\/17\/2024\/06\/pmj-0025-23-folheto-1-1280x917.png\" alt=\"\" class=\"wp-image-5590\" srcset=\"https:\/\/jundiai.sp.gov.br\/saude\/wp-content\/uploads\/sites\/17\/2024\/06\/pmj-0025-23-folheto-1-1280x917.png 1280w, https:\/\/jundiai.sp.gov.br\/saude\/wp-content\/uploads\/sites\/17\/2024\/06\/pmj-0025-23-folheto-1-300x215.png 300w, https:\/\/jundiai.sp.gov.br\/saude\/wp-content\/uploads\/sites\/17\/2024\/06\/pmj-0025-23-folheto-1-768x550.png 768w, https:\/\/jundiai.sp.gov.br\/saude\/wp-content\/uploads\/sites\/17\/2024\/06\/pmj-0025-23-folheto-1-1536x1100.png 1536w, https:\/\/jundiai.sp.gov.br\/saude\/wp-content\/uploads\/sites\/17\/2024\/06\/pmj-0025-23-folheto-1.png 1900w\" sizes=\"auto, (max-width: 1280px) 100vw, 1280px\" \/><\/figure>\n<\/div>\n\n\n\n<div class=\"wp-block-column is-layout-flow wp-block-column-is-layout-flow\">\n<figure class=\"wp-block-image size-large\"><img loading=\"lazy\" decoding=\"async\" width=\"1280\" height=\"917\" src=\"https:\/\/jundiai.sp.gov.br\/saude\/wp-content\/uploads\/sites\/17\/2024\/06\/pmj-0025-23-folheto-2-1-1280x917.png\" alt=\"\" class=\"wp-image-5591\" srcset=\"https:\/\/jundiai.sp.gov.br\/saude\/wp-content\/uploads\/sites\/17\/2024\/06\/pmj-0025-23-folheto-2-1-1280x917.png 1280w, https:\/\/jundiai.sp.gov.br\/saude\/wp-content\/uploads\/sites\/17\/2024\/06\/pmj-0025-23-folheto-2-1-300x215.png 300w, https:\/\/jundiai.sp.gov.br\/saude\/wp-content\/uploads\/sites\/17\/2024\/06\/pmj-0025-23-folheto-2-1-768x550.png 768w, https:\/\/jundiai.sp.gov.br\/saude\/wp-content\/uploads\/sites\/17\/2024\/06\/pmj-0025-23-folheto-2-1-1536x1101.png 1536w, https:\/\/jundiai.sp.gov.br\/saude\/wp-content\/uploads\/sites\/17\/2024\/06\/pmj-0025-23-folheto-2-1-2048x1467.png 2048w\" sizes=\"auto, (max-width: 1280px) 100vw, 1280px\" \/><\/figure>\n<\/div>\n<\/div>\n\n\n\n<p><strong>Cards<\/strong><\/p>\n\n\n\n<figure class=\"wp-block-gallery has-nested-images columns-default is-cropped wp-block-gallery-1 is-layout-flex wp-block-gallery-is-layout-flex\">\n<figure class=\"wp-block-image size-large\"><img loading=\"lazy\" decoding=\"async\" width=\"959\" height=\"960\" data-id=\"5595\" src=\"https:\/\/jundiai.sp.gov.br\/saude\/wp-content\/uploads\/sites\/17\/2024\/06\/dengue1-1.jpeg\" alt=\"\" class=\"wp-image-5595\" srcset=\"https:\/\/jundiai.sp.gov.br\/saude\/wp-content\/uploads\/sites\/17\/2024\/06\/dengue1-1.jpeg 959w, https:\/\/jundiai.sp.gov.br\/saude\/wp-content\/uploads\/sites\/17\/2024\/06\/dengue1-1-300x300.jpeg 300w, https:\/\/jundiai.sp.gov.br\/saude\/wp-content\/uploads\/sites\/17\/2024\/06\/dengue1-1-100x100.jpeg 100w, https:\/\/jundiai.sp.gov.br\/saude\/wp-content\/uploads\/sites\/17\/2024\/06\/dengue1-1-768x769.jpeg 768w\" sizes=\"auto, (max-width: 959px) 100vw, 959px\" \/><\/figure>\n\n\n\n<figure class=\"wp-block-image size-large\"><img loading=\"lazy\" decoding=\"async\" width=\"960\" height=\"960\" data-id=\"5596\" src=\"https:\/\/jundiai.sp.gov.br\/saude\/wp-content\/uploads\/sites\/17\/2024\/06\/pmj-0025-23-carrossel-1-960x960.png\" alt=\"\" class=\"wp-image-5596\" srcset=\"https:\/\/jundiai.sp.gov.br\/saude\/wp-content\/uploads\/sites\/17\/2024\/06\/pmj-0025-23-carrossel-1-960x960.png 960w, https:\/\/jundiai.sp.gov.br\/saude\/wp-content\/uploads\/sites\/17\/2024\/06\/pmj-0025-23-carrossel-1-300x300.png 300w, https:\/\/jundiai.sp.gov.br\/saude\/wp-content\/uploads\/sites\/17\/2024\/06\/pmj-0025-23-carrossel-1-100x100.png 100w, https:\/\/jundiai.sp.gov.br\/saude\/wp-content\/uploads\/sites\/17\/2024\/06\/pmj-0025-23-carrossel-1-768x768.png 768w, https:\/\/jundiai.sp.gov.br\/saude\/wp-content\/uploads\/sites\/17\/2024\/06\/pmj-0025-23-carrossel-1.png 1080w\" sizes=\"auto, (max-width: 960px) 100vw, 960px\" \/><\/figure>\n\n\n\n<figure class=\"wp-block-image size-large\"><img loading=\"lazy\" decoding=\"async\" width=\"960\" height=\"960\" data-id=\"5599\" src=\"https:\/\/jundiai.sp.gov.br\/saude\/wp-content\/uploads\/sites\/17\/2024\/06\/pmj-0025-23-carrossel-3-960x960.png\" alt=\"\" class=\"wp-image-5599\" srcset=\"https:\/\/jundiai.sp.gov.br\/saude\/wp-content\/uploads\/sites\/17\/2024\/06\/pmj-0025-23-carrossel-3-960x960.png 960w, https:\/\/jundiai.sp.gov.br\/saude\/wp-content\/uploads\/sites\/17\/2024\/06\/pmj-0025-23-carrossel-3-300x300.png 300w, https:\/\/jundiai.sp.gov.br\/saude\/wp-content\/uploads\/sites\/17\/2024\/06\/pmj-0025-23-carrossel-3-100x100.png 100w, https:\/\/jundiai.sp.gov.br\/saude\/wp-content\/uploads\/sites\/17\/2024\/06\/pmj-0025-23-carrossel-3-768x768.png 768w, https:\/\/jundiai.sp.gov.br\/saude\/wp-content\/uploads\/sites\/17\/2024\/06\/pmj-0025-23-carrossel-3.png 1080w\" sizes=\"auto, (max-width: 960px) 100vw, 960px\" \/><\/figure>\n\n\n\n<figure class=\"wp-block-image size-large\"><img loading=\"lazy\" decoding=\"async\" width=\"960\" height=\"960\" data-id=\"5598\" src=\"https:\/\/jundiai.sp.gov.br\/saude\/wp-content\/uploads\/sites\/17\/2024\/06\/pmj-0025-23-carrossel-4-960x960.png\" alt=\"\" class=\"wp-image-5598\" srcset=\"https:\/\/jundiai.sp.gov.br\/saude\/wp-content\/uploads\/sites\/17\/2024\/06\/pmj-0025-23-carrossel-4-960x960.png 960w, https:\/\/jundiai.sp.gov.br\/saude\/wp-content\/uploads\/sites\/17\/2024\/06\/pmj-0025-23-carrossel-4-300x300.png 300w, https:\/\/jundiai.sp.gov.br\/saude\/wp-content\/uploads\/sites\/17\/2024\/06\/pmj-0025-23-carrossel-4-100x100.png 100w, https:\/\/jundiai.sp.gov.br\/saude\/wp-content\/uploads\/sites\/17\/2024\/06\/pmj-0025-23-carrossel-4-768x768.png 768w, https:\/\/jundiai.sp.gov.br\/saude\/wp-content\/uploads\/sites\/17\/2024\/06\/pmj-0025-23-carrossel-4.png 1080w\" sizes=\"auto, (max-width: 960px) 100vw, 960px\" \/><\/figure>\n\n\n\n<figure class=\"wp-block-image size-large\"><img loading=\"lazy\" decoding=\"async\" width=\"960\" height=\"960\" data-id=\"5600\" src=\"https:\/\/jundiai.sp.gov.br\/saude\/wp-content\/uploads\/sites\/17\/2024\/06\/pmj-0025-23-carrossel-5-960x960.png\" alt=\"\" class=\"wp-image-5600\" srcset=\"https:\/\/jundiai.sp.gov.br\/saude\/wp-content\/uploads\/sites\/17\/2024\/06\/pmj-0025-23-carrossel-5-960x960.png 960w, https:\/\/jundiai.sp.gov.br\/saude\/wp-content\/uploads\/sites\/17\/2024\/06\/pmj-0025-23-carrossel-5-300x300.png 300w, https:\/\/jundiai.sp.gov.br\/saude\/wp-content\/uploads\/sites\/17\/2024\/06\/pmj-0025-23-carrossel-5-100x100.png 100w, https:\/\/jundiai.sp.gov.br\/saude\/wp-content\/uploads\/sites\/17\/2024\/06\/pmj-0025-23-carrossel-5-768x768.png 768w, https:\/\/jundiai.sp.gov.br\/saude\/wp-content\/uploads\/sites\/17\/2024\/06\/pmj-0025-23-carrossel-5.png 1080w\" sizes=\"auto, (max-width: 960px) 100vw, 960px\" \/><\/figure>\n\n\n\n<figure class=\"wp-block-image size-large\"><img loading=\"lazy\" decoding=\"async\" width=\"960\" height=\"960\" data-id=\"5597\" src=\"https:\/\/jundiai.sp.gov.br\/saude\/wp-content\/uploads\/sites\/17\/2024\/06\/pmj-0025-23-carrossel-2-960x960.png\" alt=\"\" class=\"wp-image-5597\" srcset=\"https:\/\/jundiai.sp.gov.br\/saude\/wp-content\/uploads\/sites\/17\/2024\/06\/pmj-0025-23-carrossel-2-960x960.png 960w, https:\/\/jundiai.sp.gov.br\/saude\/wp-content\/uploads\/sites\/17\/2024\/06\/pmj-0025-23-carrossel-2-300x300.png 300w, https:\/\/jundiai.sp.gov.br\/saude\/wp-content\/uploads\/sites\/17\/2024\/06\/pmj-0025-23-carrossel-2-100x100.png 100w, https:\/\/jundiai.sp.gov.br\/saude\/wp-content\/uploads\/sites\/17\/2024\/06\/pmj-0025-23-carrossel-2-768x768.png 768w, https:\/\/jundiai.sp.gov.br\/saude\/wp-content\/uploads\/sites\/17\/2024\/06\/pmj-0025-23-carrossel-2.png 1080w\" sizes=\"auto, (max-width: 960px) 100vw, 960px\" \/><\/figure>\n<\/figure>\n","protected":false},"excerpt":{"rendered":"<p>A febre maculosa \u00e9 uma doen\u00e7a infecciosa, febril aguda e de gravidade vari\u00e1vel. Ela pode variar desde as formas cl\u00ednicas leves e at\u00edpicas at\u00e9 formas graves, com elevada taxa de letalidade. A febre maculosa \u00e9 causada por uma bact\u00e9ria do g\u00eanero&nbsp;Rickettsia, transmitida pela picada do carrapato. Os principais sintomas da Febre Maculosa s\u00e3o: A Febre [&hellip;]<\/p>\n","protected":false},"author":69,"featured_media":0,"parent":0,"menu_order":0,"comment_status":"closed","ping_status":"closed","template":"","meta":{"footnotes":""},"class_list":["post-4751","page","type-page","status-publish","hentry"],"_links":{"self":[{"href":"https:\/\/jundiai.sp.gov.br\/saude\/wp-json\/wp\/v2\/pages\/4751","targetHints":{"allow":["GET"]}}],"collection":[{"href":"https:\/\/jundiai.sp.gov.br\/saude\/wp-json\/wp\/v2\/pages"}],"about":[{"href":"https:\/\/jundiai.sp.gov.br\/saude\/wp-json\/wp\/v2\/types\/page"}],"author":[{"embeddable":true,"href":"https:\/\/jundiai.sp.gov.br\/saude\/wp-json\/wp\/v2\/users\/69"}],"replies":[{"embeddable":true,"href":"https:\/\/jundiai.sp.gov.br\/saude\/wp-json\/wp\/v2\/comments?post=4751"}],"version-history":[{"count":16,"href":"https:\/\/jundiai.sp.gov.br\/saude\/wp-json\/wp\/v2\/pages\/4751\/revisions"}],"predecessor-version":[{"id":5741,"href":"https:\/\/jundiai.sp.gov.br\/saude\/wp-json\/wp\/v2\/pages\/4751\/revisions\/5741"}],"wp:attachment":[{"href":"https:\/\/jundiai.sp.gov.br\/saude\/wp-json\/wp\/v2\/media?parent=4751"}],"curies":[{"name":"wp","href":"https:\/\/api.w.org\/{rel}","templated":true}]}}