{"id":4770,"date":"2023-06-28T14:37:22","date_gmt":"2023-06-28T17:37:22","guid":{"rendered":"https:\/\/jundiai.sp.gov.br\/saude\/?page_id=4770"},"modified":"2023-08-02T12:42:12","modified_gmt":"2023-08-02T15:42:12","slug":"faq-perguntas-frequentes","status":"publish","type":"page","link":"https:\/\/jundiai.sp.gov.br\/saude\/febre-maculosa\/faq-perguntas-frequentes\/","title":{"rendered":"FAQ &#8211; Perguntas Frequentes &#8211; Febre Maculosa"},"content":{"rendered":"\n<p><strong>1. O que \u00e9 febre maculosa?<\/strong><\/p>\n\n\n\n<p>A febre maculosa brasileira \u00e9 uma doen\u00e7a infecciosa causada pela bact\u00e9ria Rickettsia rickettsii, transmitida por carrapatos infectados, conhecidos como \u201ccarrapato-estrela\u201d. Por esse motivo, tamb\u00e9m \u00e9 conhecida como \u201cdoen\u00e7a do carrapato&#8221;.&nbsp; \u00c9 grave e se n\u00e3o for tratada precocemente, pode levar a complica\u00e7\u00f5es graves ou at\u00e9 mesmo \u00e0 morte.<\/p>\n\n\n\n<p><strong>2. Como a febre maculosa \u00e9 transmitida?<\/strong><\/p>\n\n\n\n<p>Atrav\u00e9s da picada de carrapatos infectados pela bact\u00e9ria Rickettsia rickettsii, que fixado \u00e0 pele por v\u00e1rias horas, transmite a doen\u00e7a. N\u00e3o h\u00e1 transmiss\u00e3o de pessoa para pessoa.&nbsp;&nbsp; Apenas cerca de 1% dos carrapatos encontrados na natureza est\u00e3o infectados. Mas a prote\u00e7\u00e3o&nbsp; \u00e9 essencial.<\/p>\n\n\n\n<p><strong>3. Quais s\u00e3o os sintomas da febre maculosa?<\/strong><\/p>\n\n\n\n<p>Os sintomas iniciais da febre maculosa podem incluir febre, dor de cabe\u00e7a, dores musculares, n\u00e1useas e v\u00f4mitos. Alguns dias depois, uma erup\u00e7\u00e3o cut\u00e2nea caracter\u00edstica pode se desenvolver, come\u00e7ando nas extremidades e se espalhando para o tronco. Se n\u00e3o for tratada, a doen\u00e7a pode progredir para sintomas mais graves, como insufici\u00eancia renal, problemas pulmonares e danos no sistema nervoso. Os sintomas podem surgir entre dois a 14 dias ap\u00f3s ser picado por um carrapato e eles podem ser confundidos com outras doen\u00e7as, como dengue, leptospirose, gripe e Covid-19.&nbsp;<\/p>\n\n\n\n<p><strong>4. Quando procurar o servi\u00e7o de sa\u00fade?<\/strong><\/p>\n\n\n\n<p>Pessoas que frequentaram \u00e1reas de risco para febre maculosa (\u00e1reas de matas, de beira de rio, de pasto, com presen\u00e7a de capivaras e\/ou cavalos) e apresentam sintomas como febre, dor no corpo e dor de cabe\u00e7a de 2 a 14 dias devem procurar atendimento m\u00e9dico e informar ao profissional de sa\u00fade que esteve em um local de risco, mesmo que n\u00e3o tenha encontrado carrapatos no corpo. \u00c9 fundamental buscar atendimento o mais r\u00e1pido poss\u00edvel, depois do in\u00edcio dos sintomas. A doen\u00e7a tem cura quando o tratamento \u00e9 iniciado preferencialmente em at\u00e9 tr\u00eas dias.<\/p>\n\n\n\n<p><strong>5. Qual exame detecta a febre maculosa e como \u00e9 tratada?<\/strong><\/p>\n\n\n\n<p>O exame para febre maculosa \u00e9 realizado por meio de duas coletas de amostra de sangue, com intervalo m\u00ednimo de 14 dias entre elas. Por isso, o mais importante \u00e9 que o tratamento seja iniciado j\u00e1 no momento da suspeita da doen\u00e7a para evitar complica\u00e7\u00f5es graves.<br>A doen\u00e7a \u00e9 tratada com antibi\u00f3ticos, geralmente doxiciclina, administrados por via oral. O tratamento deve ser iniciado o mais r\u00e1pido poss\u00edvel ap\u00f3s o in\u00edcio dos sintomas, e a dura\u00e7\u00e3o do tratamento depende da gravidade da doen\u00e7a e da resposta individual ao medicamento.<\/p>\n\n\n\n<p><strong>6. Como posso prevenir a febre maculosa?<\/strong><\/p>\n\n\n\n<p>Algumas medidas de preven\u00e7\u00e3o incluem evitar \u00e1reas infestadas de carrapatos sempre que poss\u00edvel, usar roupas protetoras de longa dura\u00e7\u00e3o ao caminhar em \u00e1reas arborizadas ou gramadas, aplicar repelente de insetos contendo DEET na pele e verificar o corpo em busca de carrapatos ap\u00f3s atividades ao ar livre. Se voc\u00ea encontrar um carrapato, remova-o corretamente usando uma pin\u00e7a e procurando assist\u00eancia m\u00e9dica se desenvolver sintomas de infec\u00e7\u00e3o.<\/p>\n\n\n\n<p><strong>7. Como proceder caso seja picado por um carrapato ou perceba o carrapato preso no corpo?<\/strong><\/p>\n\n\n\n<p>Caso encontre um carrapato preso no corpo \u00e9 importante retir\u00e1-lo cuidadosamente com aux\u00edlio de uma pin\u00e7a: segure e fa\u00e7a movimentos circulares, rotacionando a pin\u00e7a devagar, para n\u00e3o esmagar o carrapato e conseguir tir\u00e1-lo do corpo. Utilize bucha vegetal e sabonetes acaricidas durante o banho, realizando movimentos circulares.<\/p>\n\n\n\n<p>Quando visitar locais de risco inspecione o corpo e caso encontre carrapatos retire o mais r\u00e1pido poss\u00edvel (preferencialmente em at\u00e9 3 horas). \u00c9 importante que ap\u00f3s ter visitado uma \u00e1rea de risco, mesmo que n\u00e3o tenha visto o carrapato no corpo ou marcas de picadas, voc\u00ea esteja atento para qualquer sintoma da febre maculosa, principalmente febre e dores no corpo ou cabe\u00e7a, que podem aparecer entre dois a 14 dias depois. Se tiver febre ou outros sintomas nesse per\u00edodo, procure imediatamente um servi\u00e7o de sa\u00fade e nunca deixe de informar ao profissional de sa\u00fade que teve febre e que esteve em uma \u00e1rea de risco.<\/p>\n\n\n\n<p><strong>8. Todos os carrapatos transmitem febre maculosa? Qual a apar\u00eancia do carrapato e onde podem ser encontrados?<\/strong><\/p>\n\n\n\n<p>Somente carrapatos infectados com a bact\u00e9ria Rickettsia rickettsii podem transmitir a febre maculosa.&nbsp;<\/p>\n\n\n\n<p>Os carrapatos n\u00e3o s\u00e3o todos iguais, ou seja, existem diferentes esp\u00e9cies.<\/p>\n\n\n\n<p>A esp\u00e9cie de carrapato mais importante na transmiss\u00e3o da febre maculosa no interior do estado de S\u00e3o Paulo \u00e9 o Amblyomma sculptum, conhecido como carrapato-estrela, carrapato-do-cavalo, rodoleiro, micuim ou vermelhinho. O micuim \u00e9 a larva do carrapato, \u00e9 muito pequeno e no corpo se parece com um pontinho, uma \u201cpintinha\u201d.&nbsp; O vermelhinho \u00e9 a ninfa do carrapato e \u00e9 um pouco maior que o micuim, mas ainda \u00e9 menor que o carrapato adulto. O carrapato adulto tem mais ou menos 1 cm, mas pode ficar maior quando se alimenta, e possui o dorso do corpo \u201cdesenhado\u201d, lembrando uma estrela. Uma \u00fanica f\u00eamea de carrapato-estrela p\u00f5e em torno de 6.000 ovos. Mas, apenas cerca de 1% dos carrapatos encontrados na natureza s\u00e3o infectados.<\/p>\n\n\n\n<p>Esses carrapatos podem ser encontrados em \u00e1reas de matas, pastos, beira de rio e lagos e em locais com presen\u00e7a de capivaras e\/ou cavalos, etc.&nbsp;<\/p>\n\n\n\n<p><strong>9. Existem venenos para controlar os carrapatos?<\/strong><\/p>\n\n\n\n<p>O carrapato-estrela n\u00e3o \u00e9 controlado com sucesso com o uso de produtos qu\u00edmicos carrapaticidas, conhecidos popularmente como \u201cvenenos\u201d. A popula\u00e7\u00e3o de carrapatos pode diminuir temporariamente, mas n\u00e3o ao ponto de n\u00e3o existir mais o risco de transmiss\u00e3o de febre maculosa. Importante destacar que, em caso de suspeita de febre maculosa, \u00e9 fundamental buscar orienta\u00e7\u00e3o m\u00e9dica para diagn\u00f3stico e tratamento adequados.<\/p>\n\n\n\n<p><strong>10. Qual a rela\u00e7\u00e3o das capivaras com a febre maculosa?<\/strong><\/p>\n\n\n\n<p>As capivaras s\u00e3o os principais hospedeiros do carrapato-estrela, que transmite a febre maculosa, ou seja, esses carrapatos s\u00e3o encontrados principalmente nesses animais. Al\u00e9m disso, as capivaras podem contrair a bact\u00e9ria que causa a febre maculosa quando s\u00e3o parasitadas por carrapatos-estrela infectados, desenvolvendo um grande n\u00famero de bact\u00e9rias na circula\u00e7\u00e3o sangu\u00ednea, o que permite que outros os carrapatos contraiam a bact\u00e9ria quando eles se alimentam do seu sangue.<\/p>\n","protected":false},"excerpt":{"rendered":"<p>1. O que \u00e9 febre maculosa? A febre maculosa brasileira \u00e9 uma doen\u00e7a infecciosa causada pela bact\u00e9ria Rickettsia rickettsii, transmitida por carrapatos infectados, conhecidos como \u201ccarrapato-estrela\u201d. Por esse motivo, tamb\u00e9m \u00e9 conhecida como \u201cdoen\u00e7a do carrapato&#8221;.&nbsp; \u00c9 grave e se n\u00e3o for tratada precocemente, pode levar a complica\u00e7\u00f5es graves ou at\u00e9 mesmo \u00e0 morte. 2. [&hellip;]<\/p>\n","protected":false},"author":69,"featured_media":0,"parent":4751,"menu_order":0,"comment_status":"closed","ping_status":"closed","template":"","meta":{"footnotes":""},"class_list":["post-4770","page","type-page","status-publish","hentry"],"_links":{"self":[{"href":"https:\/\/jundiai.sp.gov.br\/saude\/wp-json\/wp\/v2\/pages\/4770","targetHints":{"allow":["GET"]}}],"collection":[{"href":"https:\/\/jundiai.sp.gov.br\/saude\/wp-json\/wp\/v2\/pages"}],"about":[{"href":"https:\/\/jundiai.sp.gov.br\/saude\/wp-json\/wp\/v2\/types\/page"}],"author":[{"embeddable":true,"href":"https:\/\/jundiai.sp.gov.br\/saude\/wp-json\/wp\/v2\/users\/69"}],"replies":[{"embeddable":true,"href":"https:\/\/jundiai.sp.gov.br\/saude\/wp-json\/wp\/v2\/comments?post=4770"}],"version-history":[{"count":4,"href":"https:\/\/jundiai.sp.gov.br\/saude\/wp-json\/wp\/v2\/pages\/4770\/revisions"}],"predecessor-version":[{"id":4916,"href":"https:\/\/jundiai.sp.gov.br\/saude\/wp-json\/wp\/v2\/pages\/4770\/revisions\/4916"}],"up":[{"embeddable":true,"href":"https:\/\/jundiai.sp.gov.br\/saude\/wp-json\/wp\/v2\/pages\/4751"}],"wp:attachment":[{"href":"https:\/\/jundiai.sp.gov.br\/saude\/wp-json\/wp\/v2\/media?parent=4770"}],"curies":[{"name":"wp","href":"https:\/\/api.w.org\/{rel}","templated":true}]}}