{"id":4810,"date":"2023-07-03T13:53:10","date_gmt":"2023-07-03T16:53:10","guid":{"rendered":"https:\/\/jundiai.sp.gov.br\/saude\/?page_id=4810"},"modified":"2025-06-24T14:20:01","modified_gmt":"2025-06-24T17:20:01","slug":"enfermagem-2","status":"publish","type":"page","link":"https:\/\/jundiai.sp.gov.br\/saude\/protocolos\/enfermagem-2\/","title":{"rendered":"Enfermagem"},"content":{"rendered":"\n<div class=\"wp-block-file\"><a id=\"wp-block-file--media-4af4188e-c1f9-4b82-ba5b-8334e4a9d90f\" href=\"https:\/\/jundiai.sp.gov.br\/saude\/wp-content\/uploads\/sites\/17\/2025\/04\/protocolo-da-dengue.pdf\" target=\"_blank\" rel=\"noreferrer noopener\">Dengue<\/a><a href=\"https:\/\/jundiai.sp.gov.br\/saude\/wp-content\/uploads\/sites\/17\/2025\/04\/protocolo-da-dengue.pdf\" class=\"wp-block-file__button wp-element-button\" download aria-describedby=\"wp-block-file--media-4af4188e-c1f9-4b82-ba5b-8334e4a9d90f\">Baixar<\/a><\/div>\n\n\n\n<div class=\"wp-block-file\"><a id=\"wp-block-file--media-129c6ef9-af5a-4544-b031-8192446dc88c\" href=\"https:\/\/jundiai.sp.gov.br\/saude\/wp-content\/uploads\/sites\/17\/2024\/09\/protocolo-diabetes-gestacional-1.pdf\" target=\"_blank\" rel=\"noreferrer noopener\">Diabetes Gestacional<\/a><a href=\"https:\/\/jundiai.sp.gov.br\/saude\/wp-content\/uploads\/sites\/17\/2024\/09\/protocolo-diabetes-gestacional-1.pdf\" class=\"wp-block-file__button wp-element-button\" download aria-describedby=\"wp-block-file--media-129c6ef9-af5a-4544-b031-8192446dc88c\">Baixar<\/a><\/div>\n\n\n\n<div class=\"wp-block-file\"><a id=\"wp-block-file--media-9570db3d-7274-4eeb-b910-48bbb6e66a32\" href=\"https:\/\/jundiai.sp.gov.br\/saude\/wp-content\/uploads\/sites\/17\/2023\/08\/multidisciplinar-de-hipertens_o-e-diabetes-mellitus-na-ab.pdf\" target=\"_blank\" rel=\"noreferrer noopener\">Multidisciplinar de hipertens\u00e3o e diabetes mellitus<\/a><a href=\"https:\/\/jundiai.sp.gov.br\/saude\/wp-content\/uploads\/sites\/17\/2023\/08\/multidisciplinar-de-hipertens_o-e-diabetes-mellitus-na-ab.pdf\" class=\"wp-block-file__button wp-element-button\" download aria-describedby=\"wp-block-file--media-9570db3d-7274-4eeb-b910-48bbb6e66a32\">Baixar<\/a><\/div>\n\n\n\n<div class=\"wp-block-file\"><a id=\"wp-block-file--media-787f81bc-7bf9-48f4-ab2b-63df4850a860\" href=\"https:\/\/jundiai.sp.gov.br\/saude\/wp-content\/uploads\/sites\/17\/2025\/06\/protocolo-de-feridas.pdf\" target=\"_blank\" rel=\"noreferrer noopener\">Preven\u00e7\u00e3o e tratamento de feridas<\/a><a href=\"https:\/\/jundiai.sp.gov.br\/saude\/wp-content\/uploads\/sites\/17\/2025\/06\/protocolo-de-feridas.pdf\" class=\"wp-block-file__button wp-element-button\" download aria-describedby=\"wp-block-file--media-787f81bc-7bf9-48f4-ab2b-63df4850a860\">Baixar<\/a><\/div>\n\n\n\n<div class=\"wp-block-file\"><a id=\"wp-block-file--media-94f8cf08-3879-421b-ab18-320eb82409ae\" href=\"https:\/\/jundiai.sp.gov.br\/saude\/wp-content\/uploads\/sites\/17\/2025\/06\/proced-para-o-processam_-de-materiais.pdf\" target=\"_blank\" rel=\"noreferrer noopener\">Procedimentos para o Processamento de Materiais nos Servi\u00e7os de Sa\u00fade<\/a><a href=\"https:\/\/jundiai.sp.gov.br\/saude\/wp-content\/uploads\/sites\/17\/2025\/06\/proced-para-o-processam_-de-materiais.pdf\" class=\"wp-block-file__button wp-element-button\" download aria-describedby=\"wp-block-file--media-94f8cf08-3879-421b-ab18-320eb82409ae\">Baixar<\/a><\/div>\n\n\n\n<div class=\"wp-block-file\"><a id=\"wp-block-file--media-8df35f63-b150-46c8-8a4d-7850db1f0f49\" href=\"https:\/\/jundiai.sp.gov.br\/saude\/wp-content\/uploads\/sites\/17\/2024\/06\/protocolo-de-atendimento-de-enfermagem-em-puericultura.pdf\" target=\"_blank\" rel=\"noreferrer noopener\">Protocolo de atendimento de enfermagem em puericultura<\/a><a href=\"https:\/\/jundiai.sp.gov.br\/saude\/wp-content\/uploads\/sites\/17\/2024\/06\/protocolo-de-atendimento-de-enfermagem-em-puericultura.pdf\" class=\"wp-block-file__button wp-element-button\" download aria-describedby=\"wp-block-file--media-8df35f63-b150-46c8-8a4d-7850db1f0f49\">Baixar<\/a><\/div>\n\n\n\n<div class=\"wp-block-file\"><a id=\"wp-block-file--media-aa0b445a-6a94-4dee-961b-afef9b5642c6\" href=\"https:\/\/jundiai.sp.gov.br\/saude\/wp-content\/uploads\/sites\/17\/2024\/06\/urg_ncias-na-ab.pdf\" target=\"_blank\" rel=\"noreferrer noopener\">Protocolo de Atendimento inicial de Urg\u00eancias e Emerg\u00eancias da Aten\u00e7\u00e3o Prim\u00e1ria<\/a><a href=\"https:\/\/jundiai.sp.gov.br\/saude\/wp-content\/uploads\/sites\/17\/2024\/06\/urg_ncias-na-ab.pdf\" class=\"wp-block-file__button wp-element-button\" download aria-describedby=\"wp-block-file--media-aa0b445a-6a94-4dee-961b-afef9b5642c6\">Baixar<\/a><\/div>\n\n\n\n<div class=\"wp-block-file\"><a id=\"wp-block-file--media-a6d8ca25-ef55-40b9-b8cc-87e52f9c6ba4\" href=\"https:\/\/jundiai.sp.gov.br\/saude\/wp-content\/uploads\/sites\/17\/2023\/07\/enfermagem-rastreamento-de-cancer-de-mama-e-acesso-ao-ambulatorio-de-mastologia.pdf\" target=\"_blank\" rel=\"noreferrer noopener\">Rastreamento de c\u00e2ncer de mama e acesso ao ambulat\u00f3rio de mastologia<\/a><a href=\"https:\/\/jundiai.sp.gov.br\/saude\/wp-content\/uploads\/sites\/17\/2023\/07\/enfermagem-rastreamento-de-cancer-de-mama-e-acesso-ao-ambulatorio-de-mastologia.pdf\" class=\"wp-block-file__button wp-element-button\" download aria-describedby=\"wp-block-file--media-a6d8ca25-ef55-40b9-b8cc-87e52f9c6ba4\">Baixar<\/a><\/div>\n\n\n\n<div class=\"wp-block-file\"><a id=\"wp-block-file--media-605599f8-21cb-4d2a-b4dc-3e56a0100898\" href=\"https:\/\/jundiai.sp.gov.br\/saude\/wp-content\/uploads\/sites\/17\/2024\/08\/regimento-de-enfermagem.pdf\" target=\"_blank\" rel=\"noreferrer noopener\">Regimento de Enfermagem<\/a><a href=\"https:\/\/jundiai.sp.gov.br\/saude\/wp-content\/uploads\/sites\/17\/2024\/08\/regimento-de-enfermagem.pdf\" class=\"wp-block-file__button wp-element-button\" download aria-describedby=\"wp-block-file--media-605599f8-21cb-4d2a-b4dc-3e56a0100898\">Baixar<\/a><\/div>\n\n\n\n<div class=\"wp-block-file\"><a id=\"wp-block-file--media-b57f4b81-56da-498c-9fff-4a662071fa70\" href=\"https:\/\/jundiai.sp.gov.br\/saude\/wp-content\/uploads\/sites\/17\/2023\/12\/sa_de-do-homem.pdf\" target=\"_blank\" rel=\"noreferrer noopener\">Sa\u00fade do homem<\/a><a href=\"https:\/\/jundiai.sp.gov.br\/saude\/wp-content\/uploads\/sites\/17\/2023\/12\/sa_de-do-homem.pdf\" class=\"wp-block-file__button wp-element-button\" download aria-describedby=\"wp-block-file--media-b57f4b81-56da-498c-9fff-4a662071fa70\">Baixar<\/a><\/div>\n\n\n\n<div class=\"wp-block-file\"><a id=\"wp-block-file--media-a9b20775-8730-4a1a-aa46-5d165c2da2d9\" href=\"https:\/\/jundiai.sp.gov.br\/saude\/wp-content\/uploads\/sites\/17\/2024\/08\/sigl_rio-aten__o-b_sica.pdf\" target=\"_blank\" rel=\"noreferrer noopener\">Sigl\u00e1rio Para Aten\u00e7\u00e3o B\u00e1sica<\/a><a href=\"https:\/\/jundiai.sp.gov.br\/saude\/wp-content\/uploads\/sites\/17\/2024\/08\/sigl_rio-aten__o-b_sica.pdf\" class=\"wp-block-file__button wp-element-button\" download aria-describedby=\"wp-block-file--media-a9b20775-8730-4a1a-aa46-5d165c2da2d9\">Baixar<\/a><\/div>\n\n\n\n<div class=\"wp-block-file\"><a id=\"wp-block-file--media-305df75b-bd72-40bb-ad01-a81487a158a1\" href=\"https:\/\/jundiai.sp.gov.br\/saude\/wp-content\/uploads\/sites\/17\/2024\/09\/protocolo-de-homeopatia.pdf\" target=\"_blank\" rel=\"noreferrer noopener\">Homeopatia<\/a><a href=\"https:\/\/jundiai.sp.gov.br\/saude\/wp-content\/uploads\/sites\/17\/2024\/09\/protocolo-de-homeopatia.pdf\" class=\"wp-block-file__button wp-element-button\" download aria-describedby=\"wp-block-file--media-305df75b-bd72-40bb-ad01-a81487a158a1\">Baixar<\/a><\/div>\n\n\n\n<div class=\"wp-block-file\"><a id=\"wp-block-file--media-b5b0a3b9-81be-4c55-b147-33d105214b57\" href=\"https:\/\/jundiai.sp.gov.br\/saude\/wp-content\/uploads\/sites\/17\/2024\/09\/mpox.pdf\" target=\"_blank\" rel=\"noreferrer noopener\">Manejo do MPOX<\/a><a href=\"https:\/\/jundiai.sp.gov.br\/saude\/wp-content\/uploads\/sites\/17\/2024\/09\/mpox.pdf\" class=\"wp-block-file__button wp-element-button\" download aria-describedby=\"wp-block-file--media-b5b0a3b9-81be-4c55-b147-33d105214b57\">Baixar<\/a><\/div>\n\n\n\n<div class=\"wp-block-file\"><a id=\"wp-block-file--media-d6a34034-5dd1-4988-b663-ff979f60aadb\" href=\"https:\/\/jundiai.sp.gov.br\/saude\/wp-content\/uploads\/sites\/17\/2024\/11\/protocolo-implanon.pdf\" target=\"_blank\" rel=\"noreferrer noopener\">Implante Subd\u00e9rmico De Etonogestrel Para Atendimento \u00c0s Mulheres Vulner\u00e1veis<\/a><a href=\"https:\/\/jundiai.sp.gov.br\/saude\/wp-content\/uploads\/sites\/17\/2024\/11\/protocolo-implanon.pdf\" class=\"wp-block-file__button wp-element-button\" download aria-describedby=\"wp-block-file--media-d6a34034-5dd1-4988-b663-ff979f60aadb\">Baixar<\/a><\/div>\n\n\n\n<div class=\"wp-block-file\"><a id=\"wp-block-file--media-0057e80f-38c0-422e-9fcd-bdb5611a230c\" href=\"https:\/\/jundiai.sp.gov.br\/saude\/wp-content\/uploads\/sites\/17\/2024\/11\/enfermagem-para-acolhimento-em-pediatria-na-aten__o-b_sica.pdf\" target=\"_blank\" rel=\"noreferrer noopener\">Protocolo de Enfermagem para Acolhimento em Pediatria na Aten\u00e7\u00e3o B\u00e1sica<\/a><a href=\"https:\/\/jundiai.sp.gov.br\/saude\/wp-content\/uploads\/sites\/17\/2024\/11\/enfermagem-para-acolhimento-em-pediatria-na-aten__o-b_sica.pdf\" class=\"wp-block-file__button wp-element-button\" download aria-describedby=\"wp-block-file--media-0057e80f-38c0-422e-9fcd-bdb5611a230c\">Baixar<\/a><\/div>\n\n\n\n<div class=\"wp-block-file\"><a id=\"wp-block-file--media-830ceaec-5bd8-4964-9a56-7006faea708d\" href=\"https:\/\/jundiai.sp.gov.br\/saude\/wp-content\/uploads\/sites\/17\/2024\/12\/protocolo-de-manejo-de-anticoncepcionais-hormonais.pdf\" target=\"_blank\" rel=\"noreferrer noopener\">Protocolo de Manejo de Anticoncepcionais Hormonais<\/a><a href=\"https:\/\/jundiai.sp.gov.br\/saude\/wp-content\/uploads\/sites\/17\/2024\/12\/protocolo-de-manejo-de-anticoncepcionais-hormonais.pdf\" class=\"wp-block-file__button wp-element-button\" download aria-describedby=\"wp-block-file--media-830ceaec-5bd8-4964-9a56-7006faea708d\">Baixar<\/a><\/div>\n\n\n\n<div class=\"wp-block-file\"><a id=\"wp-block-file--media-6fce3aa5-d80a-4075-86f0-71a6c53c2040\" href=\"https:\/\/jundiai.sp.gov.br\/saude\/wp-content\/uploads\/sites\/17\/2024\/12\/documento-escrito-pop-06_11_2024-vers_o-final.pdf\" target=\"_blank\" rel=\"noreferrer noopener\">Procedimentos Operacionais Padr\u00e3o (POP) de Enfermagem<\/a><a href=\"https:\/\/jundiai.sp.gov.br\/saude\/wp-content\/uploads\/sites\/17\/2024\/12\/documento-escrito-pop-06_11_2024-vers_o-final.pdf\" class=\"wp-block-file__button wp-element-button\" download aria-describedby=\"wp-block-file--media-6fce3aa5-d80a-4075-86f0-71a6c53c2040\">Baixar<\/a><\/div>\n\n\n\n<div class=\"wp-block-file\"><a id=\"wp-block-file--media-c5b3df9b-fa13-4fbd-b248-f1700950bc59\" href=\"https:\/\/jundiai.sp.gov.br\/saude\/wp-content\/uploads\/sites\/17\/2025\/04\/protocolo-de-acesso-ao-napd.pdf\" target=\"_blank\" rel=\"noreferrer noopener\">Protocolo de Acesso ao N\u00facleo de Assist\u00eancia \u00e0 Pessoa com Defici\u00eancia de Jundia\u00ed &#8211; NAPD<\/a><a href=\"https:\/\/jundiai.sp.gov.br\/saude\/wp-content\/uploads\/sites\/17\/2025\/04\/protocolo-de-acesso-ao-napd.pdf\" class=\"wp-block-file__button wp-element-button\" download aria-describedby=\"wp-block-file--media-c5b3df9b-fa13-4fbd-b248-f1700950bc59\">Baixar<\/a><\/div>\n\n\n\n<div class=\"wp-block-file\"><a id=\"wp-block-file--media-0d228035-c89c-47b4-ba56-46e84439403a\" href=\"https:\/\/jundiai.sp.gov.br\/saude\/wp-content\/uploads\/sites\/17\/2025\/06\/ilovepdf_merged-_34_.pdf\" target=\"_blank\" rel=\"noreferrer noopener\">Protocolo de Enfermagem para Acolhimento da Queixa Aguda do Adulto<\/a><a href=\"https:\/\/jundiai.sp.gov.br\/saude\/wp-content\/uploads\/sites\/17\/2025\/06\/ilovepdf_merged-_34_.pdf\" class=\"wp-block-file__button wp-element-button\" download aria-describedby=\"wp-block-file--media-0d228035-c89c-47b4-ba56-46e84439403a\">Baixar<\/a><\/div>\n\n\n\n<div class=\"wp-block-file\"><a id=\"wp-block-file--media-5d43ace3-4ea9-4cdf-ac00-425dee621f41\" href=\"https:\/\/jundiai.sp.gov.br\/saude\/wp-content\/uploads\/sites\/17\/2025\/06\/protocolo-de-atendimento-s_ndrome-gripal.pdf\" target=\"_blank\" rel=\"noreferrer noopener\">Protocolo de Atendimento de S\u00edndrome Gripal nas Unidades B\u00e1sicas de Sa\u00fade<\/a><a href=\"https:\/\/jundiai.sp.gov.br\/saude\/wp-content\/uploads\/sites\/17\/2025\/06\/protocolo-de-atendimento-s_ndrome-gripal.pdf\" class=\"wp-block-file__button wp-element-button\" download aria-describedby=\"wp-block-file--media-5d43ace3-4ea9-4cdf-ac00-425dee621f41\">Baixar<\/a><\/div>\n","protected":false},"excerpt":{"rendered":"","protected":false},"author":8,"featured_media":0,"parent":4808,"menu_order":0,"comment_status":"closed","ping_status":"closed","template":"page-subpaginas.php","meta":{"footnotes":""},"class_list":["post-4810","page","type-page","status-publish","hentry"],"_links":{"self":[{"href":"https:\/\/jundiai.sp.gov.br\/saude\/wp-json\/wp\/v2\/pages\/4810","targetHints":{"allow":["GET"]}}],"collection":[{"href":"https:\/\/jundiai.sp.gov.br\/saude\/wp-json\/wp\/v2\/pages"}],"about":[{"href":"https:\/\/jundiai.sp.gov.br\/saude\/wp-json\/wp\/v2\/types\/page"}],"author":[{"embeddable":true,"href":"https:\/\/jundiai.sp.gov.br\/saude\/wp-json\/wp\/v2\/users\/8"}],"replies":[{"embeddable":true,"href":"https:\/\/jundiai.sp.gov.br\/saude\/wp-json\/wp\/v2\/comments?post=4810"}],"version-history":[{"count":38,"href":"https:\/\/jundiai.sp.gov.br\/saude\/wp-json\/wp\/v2\/pages\/4810\/revisions"}],"predecessor-version":[{"id":6499,"href":"https:\/\/jundiai.sp.gov.br\/saude\/wp-json\/wp\/v2\/pages\/4810\/revisions\/6499"}],"up":[{"embeddable":true,"href":"https:\/\/jundiai.sp.gov.br\/saude\/wp-json\/wp\/v2\/pages\/4808"}],"wp:attachment":[{"href":"https:\/\/jundiai.sp.gov.br\/saude\/wp-json\/wp\/v2\/media?parent=4810"}],"curies":[{"name":"wp","href":"https:\/\/api.w.org\/{rel}","templated":true}]}}