{"id":4817,"date":"2023-07-03T14:03:04","date_gmt":"2023-07-03T17:03:04","guid":{"rendered":"https:\/\/jundiai.sp.gov.br\/saude\/?page_id=4817"},"modified":"2026-03-31T16:21:19","modified_gmt":"2026-03-31T19:21:19","slug":"odontologia","status":"publish","type":"page","link":"https:\/\/jundiai.sp.gov.br\/saude\/protocolos\/odontologia\/","title":{"rendered":"Odontologia"},"content":{"rendered":"\n<div class=\"wp-block-file\"><a id=\"wp-block-file--media-bcb9e474-137e-4890-a032-d327a7fd953a\" href=\"https:\/\/jundiai.sp.gov.br\/saude\/wp-content\/uploads\/sites\/17\/2023\/07\/atendimento-odontologico-a-pacientes-cardiopatas.pdf\" target=\"_blank\" rel=\"noreferrer noopener\">Atendimento odont\u00f3logico a pacientes cardiopatas<\/a><a href=\"https:\/\/jundiai.sp.gov.br\/saude\/wp-content\/uploads\/sites\/17\/2023\/07\/atendimento-odontologico-a-pacientes-cardiopatas.pdf\" class=\"wp-block-file__button wp-element-button\" download aria-describedby=\"wp-block-file--media-bcb9e474-137e-4890-a032-d327a7fd953a\">Baixar<\/a><\/div>\n\n\n\n<div class=\"wp-block-file\"><a id=\"wp-block-file--media-60fb2c39-eada-4b4d-a940-8fdddfbad4e9\" href=\"https:\/\/jundiai.sp.gov.br\/saude\/wp-content\/uploads\/sites\/17\/2023\/07\/diagn_stico-bucal-em-tecidos-moles.pdf\" target=\"_blank\" rel=\"noreferrer noopener\">Diagn\u00f3stico bucal em tecidos moles<\/a><a href=\"https:\/\/jundiai.sp.gov.br\/saude\/wp-content\/uploads\/sites\/17\/2023\/07\/diagn_stico-bucal-em-tecidos-moles.pdf\" class=\"wp-block-file__button wp-element-button\" download aria-describedby=\"wp-block-file--media-60fb2c39-eada-4b4d-a940-8fdddfbad4e9\">Baixar<\/a><\/div>\n\n\n\n<div class=\"wp-block-file\"><a id=\"wp-block-file--media-8f3ef919-8cf1-4e8a-badb-770a356e53b2\" href=\"https:\/\/jundiai.sp.gov.br\/saude\/wp-content\/uploads\/sites\/17\/2023\/07\/odonto-paciente-diabetico.pdf\" target=\"_blank\" rel=\"noreferrer noopener\">Manejo odontol\u00f3gico do paciente diab\u00e9tico<\/a><a href=\"https:\/\/jundiai.sp.gov.br\/saude\/wp-content\/uploads\/sites\/17\/2023\/07\/odonto-paciente-diabetico.pdf\" class=\"wp-block-file__button wp-element-button\" download aria-describedby=\"wp-block-file--media-8f3ef919-8cf1-4e8a-badb-770a356e53b2\">Baixar<\/a><\/div>\n\n\n\n<div class=\"wp-block-file\"><a id=\"wp-block-file--media-4625dd63-46a7-4d0f-a28a-d77c7e794c17\" href=\"https:\/\/jundiai.sp.gov.br\/saude\/wp-content\/uploads\/sites\/17\/2024\/06\/nota-t_cnica-_-processamento-materiais-nos-servi_os-de-sa_de.pdf\" target=\"_blank\" rel=\"noreferrer noopener\">Procedimentos para o Processamento de Materiais nos Servi\u00e7os de Sa\u00fade<\/a><a href=\"https:\/\/jundiai.sp.gov.br\/saude\/wp-content\/uploads\/sites\/17\/2024\/06\/nota-t_cnica-_-processamento-materiais-nos-servi_os-de-sa_de.pdf\" class=\"wp-block-file__button wp-element-button\" download aria-describedby=\"wp-block-file--media-4625dd63-46a7-4d0f-a28a-d77c7e794c17\">Baixar<\/a><\/div>\n\n\n\n<div class=\"wp-block-file\"><a id=\"wp-block-file--media-282798fd-7f48-4c22-87d1-93decf4a97a3\" href=\"https:\/\/jundiai.sp.gov.br\/saude\/wp-content\/uploads\/sites\/17\/2024\/08\/sigl_rio-aten__o-b_sica.pdf\" target=\"_blank\" rel=\"noreferrer noopener\">Sigl\u00e1rio Para Aten\u00e7\u00e3o B\u00e1sica<\/a><a href=\"https:\/\/jundiai.sp.gov.br\/saude\/wp-content\/uploads\/sites\/17\/2024\/08\/sigl_rio-aten__o-b_sica.pdf\" class=\"wp-block-file__button wp-element-button\" download aria-describedby=\"wp-block-file--media-282798fd-7f48-4c22-87d1-93decf4a97a3\">Baixar<\/a><\/div>\n\n\n\n<div class=\"wp-block-file\"><a id=\"wp-block-file--media-b5b0a3b9-81be-4c55-b147-33d105214b57\" href=\"https:\/\/jundiai.sp.gov.br\/saude\/wp-content\/uploads\/sites\/17\/2024\/09\/mpox.pdf\" target=\"_blank\" rel=\"noreferrer noopener\">Manejo do MPOX<\/a><a href=\"https:\/\/jundiai.sp.gov.br\/saude\/wp-content\/uploads\/sites\/17\/2024\/09\/mpox.pdf\" class=\"wp-block-file__button wp-element-button\" download aria-describedby=\"wp-block-file--media-b5b0a3b9-81be-4c55-b147-33d105214b57\">Baixar<\/a><\/div>\n\n\n\n<div class=\"wp-block-file\"><a id=\"wp-block-file--media-c7e127fc-31b1-4b9f-9b2b-04442aa3006f\" href=\"https:\/\/jundiai.sp.gov.br\/saude\/wp-content\/uploads\/sites\/17\/2025\/05\/protocolo-atendimento-odont-de-pessoas-vivendo-com-hiv.pdf\" target=\"_blank\" rel=\"noreferrer noopener\">Protocolo de Atendimento Odontol\u00f3gico de Pessoas Vivendo com HIV\/AIDS (PVHA)<\/a><a href=\"https:\/\/jundiai.sp.gov.br\/saude\/wp-content\/uploads\/sites\/17\/2025\/05\/protocolo-atendimento-odont-de-pessoas-vivendo-com-hiv.pdf\" class=\"wp-block-file__button wp-element-button\" download aria-describedby=\"wp-block-file--media-c7e127fc-31b1-4b9f-9b2b-04442aa3006f\">Baixar<\/a><\/div>\n\n\n\n<div class=\"wp-block-file\"><a id=\"wp-block-file--media-cb61316f-295d-4293-a487-7f9761e0197f\" href=\"https:\/\/jundiai.sp.gov.br\/saude\/wp-content\/uploads\/sites\/17\/2026\/03\/protocolo-pr_tese-dent_ria-_-conv_nio-apcd.pdf\" target=\"_blank\" rel=\"noreferrer noopener\">Protocolo de Encaminhamento Pr\u00f3tese Dent\u00e1ria &#8211; Conv\u00eanio APCD<\/a><a href=\"https:\/\/jundiai.sp.gov.br\/saude\/wp-content\/uploads\/sites\/17\/2026\/03\/protocolo-pr_tese-dent_ria-_-conv_nio-apcd.pdf\" class=\"wp-block-file__button wp-element-button\" download aria-describedby=\"wp-block-file--media-cb61316f-295d-4293-a487-7f9761e0197f\">Baixar<\/a><\/div>\n\n\n\n<div class=\"wp-block-file\"><a id=\"wp-block-file--media-77407ecd-0425-464b-a1e3-6d3c766cacdb\" href=\"https:\/\/jundiai.sp.gov.br\/saude\/wp-content\/uploads\/sites\/17\/2025\/07\/protocolo-de-fisioterapia-para-dtm-_-crj.pdf\" target=\"_blank\" rel=\"noreferrer noopener\">Protocolo de Fisioterapia para DTM &#8211; CRJ<\/a><a href=\"https:\/\/jundiai.sp.gov.br\/saude\/wp-content\/uploads\/sites\/17\/2025\/07\/protocolo-de-fisioterapia-para-dtm-_-crj.pdf\" class=\"wp-block-file__button wp-element-button\" download aria-describedby=\"wp-block-file--media-77407ecd-0425-464b-a1e3-6d3c766cacdb\">Baixar<\/a><\/div>\n\n\n\n<div class=\"wp-block-file\"><a id=\"wp-block-file--media-8a2eed62-f5f7-42ec-9ad9-7c34374ffd29\" href=\"https:\/\/jundiai.sp.gov.br\/saude\/wp-content\/uploads\/sites\/17\/2025\/10\/multidisciplinar_de_hipertens_o_e_diabetes_mellitus_na_ab.pdf\" target=\"_blank\" rel=\"noreferrer noopener\">Protocolo Multidisciplinar de Manejo do Paciente Adulto com Hipertens\u00e3o Arterial Sist\u00eamica e\/ou Diabetes Mellitus na Aten\u00e7\u00e3o Prim\u00e1ria \u00e0 Sa\u00fade<\/a><a href=\"https:\/\/jundiai.sp.gov.br\/saude\/wp-content\/uploads\/sites\/17\/2025\/10\/multidisciplinar_de_hipertens_o_e_diabetes_mellitus_na_ab.pdf\" class=\"wp-block-file__button wp-element-button\" download aria-describedby=\"wp-block-file--media-8a2eed62-f5f7-42ec-9ad9-7c34374ffd29\">Baixar<\/a><\/div>\n\n\n\n<div class=\"wp-block-file\"><a id=\"wp-block-file--media-bec1541a-2bc3-486f-b5e8-f2bab450e30a\" href=\"https:\/\/jundiai.sp.gov.br\/saude\/wp-content\/uploads\/sites\/17\/2026\/03\/proced_para_o_processam__de_materiais.pdf\" target=\"_blank\" rel=\"noreferrer noopener\">Procedimentos para o Processamento de Materiais nos Servi\u00e7os de Sa\u00fade<\/a><a href=\"https:\/\/jundiai.sp.gov.br\/saude\/wp-content\/uploads\/sites\/17\/2026\/03\/proced_para_o_processam__de_materiais.pdf\" class=\"wp-block-file__button wp-element-button\" download aria-describedby=\"wp-block-file--media-bec1541a-2bc3-486f-b5e8-f2bab450e30a\">Baixar<\/a><\/div>\n\n\n\n<div class=\"wp-block-file\"><a id=\"wp-block-file--media-953fae31-49b4-4d14-bcdd-e7751c631951\" href=\"https:\/\/jundiai.sp.gov.br\/saude\/wp-content\/uploads\/sites\/17\/2026\/03\/protocolo-de-periodontia.pdf\" target=\"_blank\" rel=\"noreferrer noopener\">Protocolo de Encaminhamento &#8211; Periodontia<\/a><a href=\"https:\/\/jundiai.sp.gov.br\/saude\/wp-content\/uploads\/sites\/17\/2026\/03\/protocolo-de-periodontia.pdf\" class=\"wp-block-file__button wp-element-button\" download aria-describedby=\"wp-block-file--media-953fae31-49b4-4d14-bcdd-e7751c631951\">Baixar<\/a><\/div>\n\n\n\n<div class=\"wp-block-file\"><a id=\"wp-block-file--media-f281ec18-2f7b-41e0-a2ae-c0c98e72f95c\" href=\"https:\/\/jundiai.sp.gov.br\/saude\/wp-content\/uploads\/sites\/17\/2026\/03\/protocolo-opne.pdf\" target=\"_blank\" rel=\"noreferrer noopener\">Protocolo de Encaminhamento &#8211;  Odontologia Para Pacientes com Necessidades Especiais (OPNE)<\/a><a href=\"https:\/\/jundiai.sp.gov.br\/saude\/wp-content\/uploads\/sites\/17\/2026\/03\/protocolo-opne.pdf\" class=\"wp-block-file__button wp-element-button\" download aria-describedby=\"wp-block-file--media-f281ec18-2f7b-41e0-a2ae-c0c98e72f95c\">Baixar<\/a><\/div>\n\n\n\n<div class=\"wp-block-file\"><a id=\"wp-block-file--media-773910c8-77f1-4e03-a2fc-45d4c2ed6a53\" href=\"https:\/\/jundiai.sp.gov.br\/saude\/wp-content\/uploads\/sites\/17\/2026\/03\/protocolo-odonto-frenectomia.pdf\" target=\"_blank\" rel=\"noreferrer noopener\">Protocolo de Encaminhamento &#8211;  Odonto Frenectomia<\/a><a href=\"https:\/\/jundiai.sp.gov.br\/saude\/wp-content\/uploads\/sites\/17\/2026\/03\/protocolo-odonto-frenectomia.pdf\" class=\"wp-block-file__button wp-element-button\" download aria-describedby=\"wp-block-file--media-773910c8-77f1-4e03-a2fc-45d4c2ed6a53\">Baixar<\/a><\/div>\n\n\n\n<div class=\"wp-block-file\"><a id=\"wp-block-file--media-979aa861-7e45-4899-9200-a1e17073cc63\" href=\"https:\/\/jundiai.sp.gov.br\/saude\/wp-content\/uploads\/sites\/17\/2026\/03\/protocolo-cirurgia-odontologica.pdf\" target=\"_blank\" rel=\"noreferrer noopener\">Protocolo de Encaminhamento &#8211;  Cirurgia<\/a><a href=\"https:\/\/jundiai.sp.gov.br\/saude\/wp-content\/uploads\/sites\/17\/2026\/03\/protocolo-cirurgia-odontologica.pdf\" class=\"wp-block-file__button wp-element-button\" download aria-describedby=\"wp-block-file--media-979aa861-7e45-4899-9200-a1e17073cc63\">Baixar<\/a><\/div>\n\n\n\n<div class=\"wp-block-file\"><a id=\"wp-block-file--media-000097bb-f7cf-4a0b-9268-4206d6002c35\" href=\"https:\/\/jundiai.sp.gov.br\/saude\/wp-content\/uploads\/sites\/17\/2026\/03\/protocolo-de-estomatologia.pdf\" target=\"_blank\" rel=\"noreferrer noopener\">Protocolo de Encaminhamento &#8211; Estomatologia<\/a><a href=\"https:\/\/jundiai.sp.gov.br\/saude\/wp-content\/uploads\/sites\/17\/2026\/03\/protocolo-de-estomatologia.pdf\" class=\"wp-block-file__button wp-element-button\" download aria-describedby=\"wp-block-file--media-000097bb-f7cf-4a0b-9268-4206d6002c35\">Baixar<\/a><\/div>\n\n\n\n<div class=\"wp-block-file\"><a id=\"wp-block-file--media-8d6a1b0c-48fe-4be6-a00c-428f17a56a51\" href=\"https:\/\/jundiai.sp.gov.br\/saude\/wp-content\/uploads\/sites\/17\/2026\/03\/protocolo-de-endodontia.pdf\" target=\"_blank\" rel=\"noreferrer noopener\">Protocolo de Encaminhamento &#8211; Endodontia<\/a><a href=\"https:\/\/jundiai.sp.gov.br\/saude\/wp-content\/uploads\/sites\/17\/2026\/03\/protocolo-de-endodontia.pdf\" class=\"wp-block-file__button wp-element-button\" download aria-describedby=\"wp-block-file--media-8d6a1b0c-48fe-4be6-a00c-428f17a56a51\">Baixar<\/a><\/div>\n","protected":false},"excerpt":{"rendered":"","protected":false},"author":8,"featured_media":0,"parent":4808,"menu_order":0,"comment_status":"closed","ping_status":"closed","template":"","meta":{"footnotes":""},"class_list":["post-4817","page","type-page","status-publish","hentry"],"_links":{"self":[{"href":"https:\/\/jundiai.sp.gov.br\/saude\/wp-json\/wp\/v2\/pages\/4817","targetHints":{"allow":["GET"]}}],"collection":[{"href":"https:\/\/jundiai.sp.gov.br\/saude\/wp-json\/wp\/v2\/pages"}],"about":[{"href":"https:\/\/jundiai.sp.gov.br\/saude\/wp-json\/wp\/v2\/types\/page"}],"author":[{"embeddable":true,"href":"https:\/\/jundiai.sp.gov.br\/saude\/wp-json\/wp\/v2\/users\/8"}],"replies":[{"embeddable":true,"href":"https:\/\/jundiai.sp.gov.br\/saude\/wp-json\/wp\/v2\/comments?post=4817"}],"version-history":[{"count":17,"href":"https:\/\/jundiai.sp.gov.br\/saude\/wp-json\/wp\/v2\/pages\/4817\/revisions"}],"predecessor-version":[{"id":6944,"href":"https:\/\/jundiai.sp.gov.br\/saude\/wp-json\/wp\/v2\/pages\/4817\/revisions\/6944"}],"up":[{"embeddable":true,"href":"https:\/\/jundiai.sp.gov.br\/saude\/wp-json\/wp\/v2\/pages\/4808"}],"wp:attachment":[{"href":"https:\/\/jundiai.sp.gov.br\/saude\/wp-json\/wp\/v2\/media?parent=4817"}],"curies":[{"name":"wp","href":"https:\/\/api.w.org\/{rel}","templated":true}]}}