{"id":4843,"date":"2023-07-03T14:25:52","date_gmt":"2023-07-03T17:25:52","guid":{"rendered":"https:\/\/jundiai.sp.gov.br\/saude\/?page_id=4843"},"modified":"2025-06-04T11:00:51","modified_gmt":"2025-06-04T14:00:51","slug":"saude-da-mulher","status":"publish","type":"page","link":"https:\/\/jundiai.sp.gov.br\/saude\/protocolos\/saude-da-mulher\/","title":{"rendered":"Sa\u00fade da Mulher"},"content":{"rendered":"\n<div class=\"wp-block-file\"><a id=\"wp-block-file--media-4af4188e-c1f9-4b82-ba5b-8334e4a9d90f\" href=\"https:\/\/jundiai.sp.gov.br\/saude\/wp-content\/uploads\/sites\/17\/2025\/04\/protocolo-da-dengue.pdf\" target=\"_blank\" rel=\"noreferrer noopener\">Dengue<\/a><a href=\"https:\/\/jundiai.sp.gov.br\/saude\/wp-content\/uploads\/sites\/17\/2025\/04\/protocolo-da-dengue.pdf\" class=\"wp-block-file__button wp-element-button\" download aria-describedby=\"wp-block-file--media-4af4188e-c1f9-4b82-ba5b-8334e4a9d90f\">Baixar<\/a><\/div>\n\n\n\n<div class=\"wp-block-file\"><a id=\"wp-block-file--media-23bb79e9-5d64-47bb-b50c-38f17c52dfe4\" href=\"https:\/\/jundiai.sp.gov.br\/saude\/wp-content\/uploads\/sites\/17\/2023\/07\/aborto-habitual.pdf\" target=\"_blank\" rel=\"noreferrer noopener\">Aborto habitual<\/a><a href=\"https:\/\/jundiai.sp.gov.br\/saude\/wp-content\/uploads\/sites\/17\/2023\/07\/aborto-habitual.pdf\" class=\"wp-block-file__button wp-element-button\" download aria-describedby=\"wp-block-file--media-23bb79e9-5d64-47bb-b50c-38f17c52dfe4\">Baixar<\/a><\/div>\n\n\n\n<div class=\"wp-block-file\"><a id=\"wp-block-file--media-65a37c55-839c-4b79-9d02-2cc82aa3e8c7\" href=\"https:\/\/jundiai.sp.gov.br\/saude\/wp-content\/uploads\/sites\/17\/2024\/04\/dor-p_lvica-cr_nica.pdf\" target=\"_blank\" rel=\"noreferrer noopener\">Dor P\u00e9lvica Cr\u00f4nica<\/a><a href=\"https:\/\/jundiai.sp.gov.br\/saude\/wp-content\/uploads\/sites\/17\/2024\/04\/dor-p_lvica-cr_nica.pdf\" class=\"wp-block-file__button wp-element-button\" download aria-describedby=\"wp-block-file--media-65a37c55-839c-4b79-9d02-2cc82aa3e8c7\">Baixar<\/a><\/div>\n\n\n\n<div class=\"wp-block-file\"><a id=\"wp-block-file--media-e9b9b864-0294-4c06-b1ea-1df0058010ca\" href=\"https:\/\/jundiai.sp.gov.br\/saude\/wp-content\/uploads\/sites\/17\/2023\/07\/investiga__o-inicial-para-casal-inf_rtil-na-aten__o-prim_ria.pdf\" target=\"_blank\" rel=\"noreferrer noopener\">Investiga\u00e7\u00e3o inicial para casal inf\u00e9rtil na Aten\u00e7\u00e3o Prim\u00e1ria<\/a><a href=\"https:\/\/jundiai.sp.gov.br\/saude\/wp-content\/uploads\/sites\/17\/2023\/07\/investiga__o-inicial-para-casal-inf_rtil-na-aten__o-prim_ria.pdf\" class=\"wp-block-file__button wp-element-button\" download aria-describedby=\"wp-block-file--media-e9b9b864-0294-4c06-b1ea-1df0058010ca\">Baixar<\/a><\/div>\n\n\n\n<div class=\"wp-block-file\"><a id=\"wp-block-file--media-12fb9f13-a725-4add-b27b-76d42d03a9ea\" href=\"https:\/\/jundiai.sp.gov.br\/saude\/wp-content\/uploads\/sites\/17\/2023\/07\/molestias_infecciosas.pdf\" target=\"_blank\" rel=\"noreferrer noopener\">Mol\u00e9stias infecciosas<\/a><a href=\"https:\/\/jundiai.sp.gov.br\/saude\/wp-content\/uploads\/sites\/17\/2023\/07\/molestias_infecciosas.pdf\" class=\"wp-block-file__button wp-element-button\" download aria-describedby=\"wp-block-file--media-12fb9f13-a725-4add-b27b-76d42d03a9ea\">Baixar<\/a><\/div>\n\n\n\n<div class=\"wp-block-file\"><a id=\"wp-block-file--media-aa0b445a-6a94-4dee-961b-afef9b5642c6\" href=\"https:\/\/jundiai.sp.gov.br\/saude\/wp-content\/uploads\/sites\/17\/2024\/06\/urg_ncias-na-ab.pdf\" target=\"_blank\" rel=\"noreferrer noopener\">Protocolo de Atendimento inicial de Urg\u00eancias e Emerg\u00eancias da Aten\u00e7\u00e3o Prim\u00e1ria<\/a><a href=\"https:\/\/jundiai.sp.gov.br\/saude\/wp-content\/uploads\/sites\/17\/2024\/06\/urg_ncias-na-ab.pdf\" class=\"wp-block-file__button wp-element-button\" download aria-describedby=\"wp-block-file--media-aa0b445a-6a94-4dee-961b-afef9b5642c6\">Baixar<\/a><\/div>\n\n\n\n<div class=\"wp-block-file\"><a id=\"wp-block-file--media-328e9dda-b9d6-422f-a1b5-872ad3074821\" href=\"https:\/\/jundiai.sp.gov.br\/saude\/wp-content\/uploads\/sites\/17\/2023\/07\/rastreamento-de-cancer-de-colo-uterino-e-acesso-ao-ambulatorio-de-colposcopia.pdf\" target=\"_blank\" rel=\"noreferrer noopener\">Rastreamento de c\u00e2ncer de colo uterino e acesso ao ambulatorio de colposcopia<\/a><a href=\"https:\/\/jundiai.sp.gov.br\/saude\/wp-content\/uploads\/sites\/17\/2023\/07\/rastreamento-de-cancer-de-colo-uterino-e-acesso-ao-ambulatorio-de-colposcopia.pdf\" class=\"wp-block-file__button wp-element-button\" download aria-describedby=\"wp-block-file--media-328e9dda-b9d6-422f-a1b5-872ad3074821\">Baixar<\/a><\/div>\n\n\n\n<div class=\"wp-block-file\"><a id=\"wp-block-file--media-4cf7bbac-f8ae-4fc5-932f-cd977e8d8194\" href=\"https:\/\/jundiai.sp.gov.br\/saude\/wp-content\/uploads\/sites\/17\/2023\/07\/rastreamento-de-cancer-de-mama-e-acesso-ao-ambulatorio-de-mastologia.pdf\" target=\"_blank\" rel=\"noreferrer noopener\">Rastreamento de c\u00e2ncer de mama e acesso ao ambulat\u00f3rio de mastologia<\/a><a href=\"https:\/\/jundiai.sp.gov.br\/saude\/wp-content\/uploads\/sites\/17\/2023\/07\/rastreamento-de-cancer-de-mama-e-acesso-ao-ambulatorio-de-mastologia.pdf\" class=\"wp-block-file__button wp-element-button\" download aria-describedby=\"wp-block-file--media-4cf7bbac-f8ae-4fc5-932f-cd977e8d8194\">Baixar<\/a><\/div>\n\n\n\n<div class=\"wp-block-file\"><a id=\"wp-block-file--media-40b029be-a049-45d4-81d7-66ea02f3f947\" href=\"https:\/\/jundiai.sp.gov.br\/saude\/wp-content\/uploads\/sites\/17\/2024\/01\/rede-de-aten__o-integral-_-mulher-em-situa__o-de-viol_ncia.pdf\" target=\"_blank\" rel=\"noreferrer noopener\">Rede de aten\u00e7\u00e3o integral \u00e0 mulher em situa\u00e7\u00e3o de viol\u00eancia<\/a><a href=\"https:\/\/jundiai.sp.gov.br\/saude\/wp-content\/uploads\/sites\/17\/2024\/01\/rede-de-aten__o-integral-_-mulher-em-situa__o-de-viol_ncia.pdf\" class=\"wp-block-file__button wp-element-button\" download aria-describedby=\"wp-block-file--media-40b029be-a049-45d4-81d7-66ea02f3f947\">Baixar<\/a><\/div>\n\n\n\n<div class=\"wp-block-file\"><a id=\"wp-block-file--media-05efb8c8-5620-4343-b701-a5f51ea558e2\" href=\"https:\/\/jundiai.sp.gov.br\/saude\/wp-content\/uploads\/sites\/17\/2023\/08\/uroginecologia.pdf\" target=\"_blank\" rel=\"noreferrer noopener\">Uroginecologia<\/a><a href=\"https:\/\/jundiai.sp.gov.br\/saude\/wp-content\/uploads\/sites\/17\/2023\/08\/uroginecologia.pdf\" class=\"wp-block-file__button wp-element-button\" download aria-describedby=\"wp-block-file--media-05efb8c8-5620-4343-b701-a5f51ea558e2\">Baixar<\/a><\/div>\n\n\n\n<div class=\"wp-block-file\"><a id=\"wp-block-file--media-81214613-73b5-4311-aef2-de58db73dc05\" href=\"https:\/\/jundiai.sp.gov.br\/saude\/wp-content\/uploads\/sites\/17\/2023\/07\/urologia-_1_.pdf\" target=\"_blank\" rel=\"noreferrer noopener\">Urologia<\/a><a href=\"https:\/\/jundiai.sp.gov.br\/saude\/wp-content\/uploads\/sites\/17\/2023\/07\/urologia-_1_.pdf\" class=\"wp-block-file__button wp-element-button\" download aria-describedby=\"wp-block-file--media-81214613-73b5-4311-aef2-de58db73dc05\">Baixar<\/a><\/div>\n\n\n\n<div class=\"wp-block-file\"><a id=\"wp-block-file--media-c3f67dfd-97d9-45e5-8166-af19a18dd7ad\" href=\"https:\/\/jundiai.sp.gov.br\/saude\/wp-content\/uploads\/sites\/17\/2024\/08\/sigl_rio-aten__o-b_sica.pdf\" target=\"_blank\" rel=\"noreferrer noopener\">Sigl\u00e1rio Para Aten\u00e7\u00e3o B\u00e1sica<\/a><a href=\"https:\/\/jundiai.sp.gov.br\/saude\/wp-content\/uploads\/sites\/17\/2024\/08\/sigl_rio-aten__o-b_sica.pdf\" class=\"wp-block-file__button wp-element-button\" download aria-describedby=\"wp-block-file--media-c3f67dfd-97d9-45e5-8166-af19a18dd7ad\">Baixar<\/a><\/div>\n\n\n\n<div class=\"wp-block-file\"><a id=\"wp-block-file--media-55a3039e-b5d6-42c9-be90-d148b2db849b\" href=\"https:\/\/jundiai.sp.gov.br\/saude\/wp-content\/uploads\/sites\/17\/2024\/09\/protocolo-de-homeopatia.pdf\" target=\"_blank\" rel=\"noreferrer noopener\">Homeopatia<\/a><a href=\"https:\/\/jundiai.sp.gov.br\/saude\/wp-content\/uploads\/sites\/17\/2024\/09\/protocolo-de-homeopatia.pdf\" class=\"wp-block-file__button wp-element-button\" download aria-describedby=\"wp-block-file--media-55a3039e-b5d6-42c9-be90-d148b2db849b\">Baixar<\/a><\/div>\n\n\n\n<div class=\"wp-block-file\"><a id=\"wp-block-file--media-b5b0a3b9-81be-4c55-b147-33d105214b57\" href=\"https:\/\/jundiai.sp.gov.br\/saude\/wp-content\/uploads\/sites\/17\/2024\/09\/mpox.pdf\" target=\"_blank\" rel=\"noreferrer noopener\">Manejo do MPOX<\/a><a href=\"https:\/\/jundiai.sp.gov.br\/saude\/wp-content\/uploads\/sites\/17\/2024\/09\/mpox.pdf\" class=\"wp-block-file__button wp-element-button\" download aria-describedby=\"wp-block-file--media-b5b0a3b9-81be-4c55-b147-33d105214b57\">Baixar<\/a><\/div>\n\n\n\n<div class=\"wp-block-file\"><a id=\"wp-block-file--media-f20a375b-a3fc-4634-87a7-be5ef025abfd\" href=\"https:\/\/jundiai.sp.gov.br\/saude\/wp-content\/uploads\/sites\/17\/2024\/10\/protocolo-de-dermatologia.pdf\" target=\"_blank\" rel=\"noreferrer noopener\">Dermatologia<\/a><a href=\"https:\/\/jundiai.sp.gov.br\/saude\/wp-content\/uploads\/sites\/17\/2024\/10\/protocolo-de-dermatologia.pdf\" class=\"wp-block-file__button wp-element-button\" download aria-describedby=\"wp-block-file--media-f20a375b-a3fc-4634-87a7-be5ef025abfd\">Baixar<\/a><\/div>\n\n\n\n<div class=\"wp-block-file\"><a id=\"wp-block-file--media-99ce407f-f99e-40ce-83d9-2121794ca4fd\" href=\"https:\/\/jundiai.sp.gov.br\/saude\/wp-content\/uploads\/sites\/17\/2024\/11\/protocolo-de-manejo-de-sangramento-uterino-anormal.pdf\" target=\"_blank\" rel=\"noreferrer noopener\">Protocolo de manejo de sangramento uterino anormal<\/a><a href=\"https:\/\/jundiai.sp.gov.br\/saude\/wp-content\/uploads\/sites\/17\/2024\/11\/protocolo-de-manejo-de-sangramento-uterino-anormal.pdf\" class=\"wp-block-file__button wp-element-button\" download aria-describedby=\"wp-block-file--media-99ce407f-f99e-40ce-83d9-2121794ca4fd\">Baixar<\/a><\/div>\n\n\n\n<div class=\"wp-block-file\"><a id=\"wp-block-file--media-62301e38-d645-4d2b-889e-0010359f1184\" href=\"https:\/\/jundiai.sp.gov.br\/saude\/wp-content\/uploads\/sites\/17\/2024\/11\/sua-urg_ncia-fmj.pdf\" target=\"_blank\" rel=\"noreferrer noopener\">Sangramento uterino anormal (SUA) Urg\u00eancia FMJ<\/a><a href=\"https:\/\/jundiai.sp.gov.br\/saude\/wp-content\/uploads\/sites\/17\/2024\/11\/sua-urg_ncia-fmj.pdf\" class=\"wp-block-file__button wp-element-button\" download aria-describedby=\"wp-block-file--media-62301e38-d645-4d2b-889e-0010359f1184\">Baixar<\/a><\/div>\n\n\n\n<div class=\"wp-block-file\"><a id=\"wp-block-file--media-d6a34034-5dd1-4988-b663-ff979f60aadb\" href=\"https:\/\/jundiai.sp.gov.br\/saude\/wp-content\/uploads\/sites\/17\/2024\/11\/protocolo-implanon.pdf\" target=\"_blank\" rel=\"noreferrer noopener\">Implante Subd\u00e9rmico De Etonogestrel Para Atendimento \u00c0s Mulheres Vulner\u00e1veis<\/a><a href=\"https:\/\/jundiai.sp.gov.br\/saude\/wp-content\/uploads\/sites\/17\/2024\/11\/protocolo-implanon.pdf\" class=\"wp-block-file__button wp-element-button\" download aria-describedby=\"wp-block-file--media-d6a34034-5dd1-4988-b663-ff979f60aadb\">Baixar<\/a><\/div>\n\n\n\n<div class=\"wp-block-file\"><a id=\"wp-block-file--media-ce3c4e1a-026a-4fd2-b07e-220851de82de\" href=\"https:\/\/jundiai.sp.gov.br\/saude\/wp-content\/uploads\/sites\/17\/2024\/11\/protocolo-de-cirurgia-ginecol_gica.pdf\" target=\"_blank\" rel=\"noreferrer noopener\">Encaminhamento \u00e0 Cirurgia Ginecol\u00f3gica<\/a><a href=\"https:\/\/jundiai.sp.gov.br\/saude\/wp-content\/uploads\/sites\/17\/2024\/11\/protocolo-de-cirurgia-ginecol_gica.pdf\" class=\"wp-block-file__button wp-element-button\" download aria-describedby=\"wp-block-file--media-ce3c4e1a-026a-4fd2-b07e-220851de82de\">Baixar<\/a><\/div>\n\n\n\n<div class=\"wp-block-file\"><a id=\"wp-block-file--media-830ceaec-5bd8-4964-9a56-7006faea708d\" href=\"https:\/\/jundiai.sp.gov.br\/saude\/wp-content\/uploads\/sites\/17\/2024\/12\/protocolo-de-manejo-de-anticoncepcionais-hormonais.pdf\" target=\"_blank\" rel=\"noreferrer noopener\">Protocolo de Manejo de Anticoncepcionais Hormonais<\/a><a href=\"https:\/\/jundiai.sp.gov.br\/saude\/wp-content\/uploads\/sites\/17\/2024\/12\/protocolo-de-manejo-de-anticoncepcionais-hormonais.pdf\" class=\"wp-block-file__button wp-element-button\" download aria-describedby=\"wp-block-file--media-830ceaec-5bd8-4964-9a56-7006faea708d\">Baixar<\/a><\/div>\n\n\n\n<div class=\"wp-block-file\"><a id=\"wp-block-file--media-74c9a9c3-07d1-4d12-adcc-1a9f9e919cb8\" href=\"https:\/\/jundiai.sp.gov.br\/saude\/wp-content\/uploads\/sites\/17\/2024\/12\/manual-de-planejamento-familiar_-fluxo-gestante.pdf\" target=\"_blank\" rel=\"noreferrer noopener\">Manual de planejamento familiar &#8211; Fluxo gestante<\/a><a href=\"https:\/\/jundiai.sp.gov.br\/saude\/wp-content\/uploads\/sites\/17\/2024\/12\/manual-de-planejamento-familiar_-fluxo-gestante.pdf\" class=\"wp-block-file__button wp-element-button\" download aria-describedby=\"wp-block-file--media-74c9a9c3-07d1-4d12-adcc-1a9f9e919cb8\">Baixar<\/a><\/div>\n\n\n\n<div class=\"wp-block-file\"><a id=\"wp-block-file--media-971db52c-d953-49da-ae67-061e91356e2e\" href=\"https:\/\/jundiai.sp.gov.br\/saude\/wp-content\/uploads\/sites\/17\/2025\/03\/manejo-da-sin_quia-vulvar.pdf\" target=\"_blank\" rel=\"noreferrer noopener\">Manejo da Sin\u00e9quia Vulvar<\/a><a href=\"https:\/\/jundiai.sp.gov.br\/saude\/wp-content\/uploads\/sites\/17\/2025\/03\/manejo-da-sin_quia-vulvar.pdf\" class=\"wp-block-file__button wp-element-button\" download aria-describedby=\"wp-block-file--media-971db52c-d953-49da-ae67-061e91356e2e\">Baixar<\/a><\/div>\n\n\n\n<div class=\"wp-block-file\"><a id=\"wp-block-file--media-c5b3df9b-fa13-4fbd-b248-f1700950bc59\" href=\"https:\/\/jundiai.sp.gov.br\/saude\/wp-content\/uploads\/sites\/17\/2025\/04\/protocolo-de-acesso-ao-napd.pdf\" target=\"_blank\" rel=\"noreferrer noopener\">Protocolo de Acesso ao N\u00facleo de Assist\u00eancia \u00e0 Pessoa com Defici\u00eancia de Jundia\u00ed &#8211; NAPD<\/a><a href=\"https:\/\/jundiai.sp.gov.br\/saude\/wp-content\/uploads\/sites\/17\/2025\/04\/protocolo-de-acesso-ao-napd.pdf\" class=\"wp-block-file__button wp-element-button\" download aria-describedby=\"wp-block-file--media-c5b3df9b-fa13-4fbd-b248-f1700950bc59\">Baixar<\/a><\/div>\n\n\n\n<div class=\"wp-block-file\"><a id=\"wp-block-file--media-5d43ace3-4ea9-4cdf-ac00-425dee621f41\" href=\"https:\/\/jundiai.sp.gov.br\/saude\/wp-content\/uploads\/sites\/17\/2025\/06\/protocolo-de-atendimento-s_ndrome-gripal.pdf\" target=\"_blank\" rel=\"noreferrer noopener\">Protocolo de Atendimento de S\u00edndrome Gripal nas Unidades B\u00e1sicas de Sa\u00fade<\/a><a href=\"https:\/\/jundiai.sp.gov.br\/saude\/wp-content\/uploads\/sites\/17\/2025\/06\/protocolo-de-atendimento-s_ndrome-gripal.pdf\" class=\"wp-block-file__button wp-element-button\" download aria-describedby=\"wp-block-file--media-5d43ace3-4ea9-4cdf-ac00-425dee621f41\">Baixar<\/a><\/div>\n","protected":false},"excerpt":{"rendered":"","protected":false},"author":8,"featured_media":0,"parent":4808,"menu_order":0,"comment_status":"closed","ping_status":"closed","template":"page-subpaginas.php","meta":{"footnotes":""},"class_list":["post-4843","page","type-page","status-publish","hentry"],"_links":{"self":[{"href":"https:\/\/jundiai.sp.gov.br\/saude\/wp-json\/wp\/v2\/pages\/4843","targetHints":{"allow":["GET"]}}],"collection":[{"href":"https:\/\/jundiai.sp.gov.br\/saude\/wp-json\/wp\/v2\/pages"}],"about":[{"href":"https:\/\/jundiai.sp.gov.br\/saude\/wp-json\/wp\/v2\/types\/page"}],"author":[{"embeddable":true,"href":"https:\/\/jundiai.sp.gov.br\/saude\/wp-json\/wp\/v2\/users\/8"}],"replies":[{"embeddable":true,"href":"https:\/\/jundiai.sp.gov.br\/saude\/wp-json\/wp\/v2\/comments?post=4843"}],"version-history":[{"count":34,"href":"https:\/\/jundiai.sp.gov.br\/saude\/wp-json\/wp\/v2\/pages\/4843\/revisions"}],"predecessor-version":[{"id":6422,"href":"https:\/\/jundiai.sp.gov.br\/saude\/wp-json\/wp\/v2\/pages\/4843\/revisions\/6422"}],"up":[{"embeddable":true,"href":"https:\/\/jundiai.sp.gov.br\/saude\/wp-json\/wp\/v2\/pages\/4808"}],"wp:attachment":[{"href":"https:\/\/jundiai.sp.gov.br\/saude\/wp-json\/wp\/v2\/media?parent=4843"}],"curies":[{"name":"wp","href":"https:\/\/api.w.org\/{rel}","templated":true}]}}