{"id":4850,"date":"2023-07-03T14:29:59","date_gmt":"2023-07-03T17:29:59","guid":{"rendered":"https:\/\/jundiai.sp.gov.br\/saude\/?page_id=4850"},"modified":"2025-06-12T13:27:39","modified_gmt":"2025-06-12T16:27:39","slug":"saude-do-adulto-e-idoso","status":"publish","type":"page","link":"https:\/\/jundiai.sp.gov.br\/saude\/protocolos\/saude-do-adulto-e-idoso\/","title":{"rendered":"Sa\u00fade do Adulto e Idoso"},"content":{"rendered":"\n<div class=\"wp-block-file\"><a id=\"wp-block-file--media-4af4188e-c1f9-4b82-ba5b-8334e4a9d90f\" href=\"https:\/\/jundiai.sp.gov.br\/saude\/wp-content\/uploads\/sites\/17\/2025\/04\/protocolo-da-dengue.pdf\" target=\"_blank\" rel=\"noreferrer noopener\">Dengue<\/a><a href=\"https:\/\/jundiai.sp.gov.br\/saude\/wp-content\/uploads\/sites\/17\/2025\/04\/protocolo-da-dengue.pdf\" class=\"wp-block-file__button wp-element-button\" download aria-describedby=\"wp-block-file--media-4af4188e-c1f9-4b82-ba5b-8334e4a9d90f\">Baixar<\/a><\/div>\n\n\n\n<div class=\"wp-block-file\"><a id=\"wp-block-file--media-268ad6ba-54db-4854-b51b-0ea503949a80\" href=\"https:\/\/jundiai.sp.gov.br\/saude\/wp-content\/uploads\/sites\/17\/2023\/07\/apae-adulto.pdf\" target=\"_blank\" rel=\"noreferrer noopener\">APAE adulto<\/a><a href=\"https:\/\/jundiai.sp.gov.br\/saude\/wp-content\/uploads\/sites\/17\/2023\/07\/apae-adulto.pdf\" class=\"wp-block-file__button wp-element-button\" download aria-describedby=\"wp-block-file--media-268ad6ba-54db-4854-b51b-0ea503949a80\">Baixar<\/a><\/div>\n\n\n\n<div class=\"wp-block-file\"><a id=\"wp-block-file--media-fc87f423-9f8a-423a-89b9-accfafda168d\" href=\"https:\/\/jundiai.sp.gov.br\/saude\/wp-content\/uploads\/sites\/17\/2023\/07\/atendimento-odontologico-a-pacientes-cardiopatas.pdf\" target=\"_blank\" rel=\"noreferrer noopener\">Atendimento odontol\u00f3gico a pacientes cardiopatas<\/a><a href=\"https:\/\/jundiai.sp.gov.br\/saude\/wp-content\/uploads\/sites\/17\/2023\/07\/atendimento-odontologico-a-pacientes-cardiopatas.pdf\" class=\"wp-block-file__button wp-element-button\" download aria-describedby=\"wp-block-file--media-fc87f423-9f8a-423a-89b9-accfafda168d\">Baixar<\/a><\/div>\n\n\n\n<div class=\"wp-block-file\"><a id=\"wp-block-file--media-10e39c1c-bb46-42a1-97c1-57f7b9d99912\" href=\"https:\/\/jundiai.sp.gov.br\/saude\/wp-content\/uploads\/sites\/17\/2023\/07\/cardiologia.pdf\" target=\"_blank\" rel=\"noreferrer noopener\">Cardiologia<\/a><a href=\"https:\/\/jundiai.sp.gov.br\/saude\/wp-content\/uploads\/sites\/17\/2023\/07\/cardiologia.pdf\" class=\"wp-block-file__button wp-element-button\" download aria-describedby=\"wp-block-file--media-10e39c1c-bb46-42a1-97c1-57f7b9d99912\">Baixar<\/a><\/div>\n\n\n\n<div class=\"wp-block-file\"><a id=\"wp-block-file--media-aa023b64-546d-42dc-a9ec-2ee5d0c5af4c\" href=\"https:\/\/jundiai.sp.gov.br\/saude\/wp-content\/uploads\/sites\/17\/2024\/07\/endocrinologia-_-versao-ii-_2024_.pdf\" target=\"_blank\" rel=\"noreferrer noopener\">Endocrinologia<\/a><a href=\"https:\/\/jundiai.sp.gov.br\/saude\/wp-content\/uploads\/sites\/17\/2024\/07\/endocrinologia-_-versao-ii-_2024_.pdf\" class=\"wp-block-file__button wp-element-button\" download aria-describedby=\"wp-block-file--media-aa023b64-546d-42dc-a9ec-2ee5d0c5af4c\">Baixar<\/a><\/div>\n\n\n\n<div class=\"wp-block-file\"><a id=\"wp-block-file--media-792ccde8-1664-4d88-bb0e-cc1daf4ca939\" href=\"https:\/\/jundiai.sp.gov.br\/saude\/wp-content\/uploads\/sites\/17\/2023\/07\/gastroenterologia.pdf\" target=\"_blank\" rel=\"noreferrer noopener\">Gastroenterologia<\/a><a href=\"https:\/\/jundiai.sp.gov.br\/saude\/wp-content\/uploads\/sites\/17\/2023\/07\/gastroenterologia.pdf\" class=\"wp-block-file__button wp-element-button\" download aria-describedby=\"wp-block-file--media-792ccde8-1664-4d88-bb0e-cc1daf4ca939\">Baixar<\/a><\/div>\n\n\n\n<div class=\"wp-block-file\"><a id=\"wp-block-file--media-f8b28a6a-1ce1-44d9-8296-4868be736bd8\" href=\"https:\/\/jundiai.sp.gov.br\/saude\/wp-content\/uploads\/sites\/17\/2023\/07\/geriatria.pdf\" target=\"_blank\" rel=\"noreferrer noopener\">Geriatria<\/a><a href=\"https:\/\/jundiai.sp.gov.br\/saude\/wp-content\/uploads\/sites\/17\/2023\/07\/geriatria.pdf\" class=\"wp-block-file__button wp-element-button\" download aria-describedby=\"wp-block-file--media-f8b28a6a-1ce1-44d9-8296-4868be736bd8\">Baixar<\/a><\/div>\n\n\n\n<div class=\"wp-block-file\"><a id=\"wp-block-file--media-69c88281-4802-47ac-b014-908ab8942989\" href=\"https:\/\/jundiai.sp.gov.br\/saude\/wp-content\/uploads\/sites\/17\/2023\/07\/hematologia.pdf\" target=\"_blank\" rel=\"noreferrer noopener\">Hematologia<\/a><a href=\"https:\/\/jundiai.sp.gov.br\/saude\/wp-content\/uploads\/sites\/17\/2023\/07\/hematologia.pdf\" class=\"wp-block-file__button wp-element-button\" download aria-describedby=\"wp-block-file--media-69c88281-4802-47ac-b014-908ab8942989\">Baixar<\/a><\/div>\n\n\n\n<div class=\"wp-block-file\"><a id=\"wp-block-file--media-36a74b63-de42-4a34-86cc-f1adbacf446b\" href=\"https:\/\/jundiai.sp.gov.br\/saude\/wp-content\/uploads\/sites\/17\/2024\/09\/protocolo-de-homeopatia.pdf\" target=\"_blank\" rel=\"noreferrer noopener\">Homeopatia<\/a><a href=\"https:\/\/jundiai.sp.gov.br\/saude\/wp-content\/uploads\/sites\/17\/2024\/09\/protocolo-de-homeopatia.pdf\" class=\"wp-block-file__button wp-element-button\" download aria-describedby=\"wp-block-file--media-36a74b63-de42-4a34-86cc-f1adbacf446b\">Baixar<\/a><\/div>\n\n\n\n<div class=\"wp-block-file\"><a id=\"wp-block-file--media-1f84c599-49c4-4076-a47a-0e61c3f62007\" href=\"https:\/\/jundiai.sp.gov.br\/saude\/wp-content\/uploads\/sites\/17\/2023\/07\/molestias-infecciosas.pdf\" target=\"_blank\" rel=\"noreferrer noopener\">Mol\u00e9stias infecciosas<\/a><a href=\"https:\/\/jundiai.sp.gov.br\/saude\/wp-content\/uploads\/sites\/17\/2023\/07\/molestias-infecciosas.pdf\" class=\"wp-block-file__button wp-element-button\" download aria-describedby=\"wp-block-file--media-1f84c599-49c4-4076-a47a-0e61c3f62007\">Baixar<\/a><\/div>\n\n\n\n<div class=\"wp-block-file\"><a id=\"wp-block-file--media-9570db3d-7274-4eeb-b910-48bbb6e66a32\" href=\"https:\/\/jundiai.sp.gov.br\/saude\/wp-content\/uploads\/sites\/17\/2023\/08\/multidisciplinar-de-hipertens_o-e-diabetes-mellitus-na-ab.pdf\" target=\"_blank\" rel=\"noreferrer noopener\">Multidisciplinar de hipertens\u00e3o e diabetes mellitus<\/a><a href=\"https:\/\/jundiai.sp.gov.br\/saude\/wp-content\/uploads\/sites\/17\/2023\/08\/multidisciplinar-de-hipertens_o-e-diabetes-mellitus-na-ab.pdf\" class=\"wp-block-file__button wp-element-button\" download aria-describedby=\"wp-block-file--media-9570db3d-7274-4eeb-b910-48bbb6e66a32\">Baixar<\/a><\/div>\n\n\n\n<div class=\"wp-block-file\"><a id=\"wp-block-file--media-7a8f0867-b3a7-41c1-af46-6c44aac61768\" href=\"https:\/\/jundiai.sp.gov.br\/saude\/wp-content\/uploads\/sites\/17\/2025\/05\/protocolo_nefrologia_1-_1_.pdf\" target=\"_blank\" rel=\"noreferrer noopener\">Nefrologia<\/a><a href=\"https:\/\/jundiai.sp.gov.br\/saude\/wp-content\/uploads\/sites\/17\/2025\/05\/protocolo_nefrologia_1-_1_.pdf\" class=\"wp-block-file__button wp-element-button\" download aria-describedby=\"wp-block-file--media-7a8f0867-b3a7-41c1-af46-6c44aac61768\">Baixar<\/a><\/div>\n\n\n\n<div class=\"wp-block-file\"><a id=\"wp-block-file--media-4f657682-f71d-4e5c-9e6c-ed33d8bb084f\" href=\"https:\/\/jundiai.sp.gov.br\/saude\/wp-content\/uploads\/sites\/17\/2025\/04\/protocolo-neurologia.pdf\" target=\"_blank\" rel=\"noreferrer noopener\">Neurologia<\/a><a href=\"https:\/\/jundiai.sp.gov.br\/saude\/wp-content\/uploads\/sites\/17\/2025\/04\/protocolo-neurologia.pdf\" class=\"wp-block-file__button wp-element-button\" download aria-describedby=\"wp-block-file--media-4f657682-f71d-4e5c-9e6c-ed33d8bb084f\">Baixar<\/a><\/div>\n\n\n\n<div class=\"wp-block-file\"><a id=\"wp-block-file--media-c9542d6d-a5e4-4fa3-b0a9-e88ba55738e6\" href=\"https:\/\/jundiai.sp.gov.br\/saude\/wp-content\/uploads\/sites\/17\/2023\/07\/ortopedia.pdf\" target=\"_blank\" rel=\"noreferrer noopener\">Ortopedia<\/a><a href=\"https:\/\/jundiai.sp.gov.br\/saude\/wp-content\/uploads\/sites\/17\/2023\/07\/ortopedia.pdf\" class=\"wp-block-file__button wp-element-button\" download aria-describedby=\"wp-block-file--media-c9542d6d-a5e4-4fa3-b0a9-e88ba55738e6\">Baixar<\/a><\/div>\n\n\n\n<div class=\"wp-block-file\"><a id=\"wp-block-file--media-9f8a0764-6bca-41aa-9ff2-a90d0bfa9e75\" href=\"https:\/\/jundiai.sp.gov.br\/saude\/wp-content\/uploads\/sites\/17\/2023\/07\/otorrinolaringologia.pdf\" target=\"_blank\" rel=\"noreferrer noopener\">Otorrinolaringologia<\/a><a href=\"https:\/\/jundiai.sp.gov.br\/saude\/wp-content\/uploads\/sites\/17\/2023\/07\/otorrinolaringologia.pdf\" class=\"wp-block-file__button wp-element-button\" download aria-describedby=\"wp-block-file--media-9f8a0764-6bca-41aa-9ff2-a90d0bfa9e75\">Baixar<\/a><\/div>\n\n\n\n<div class=\"wp-block-file\"><a id=\"wp-block-file--media-b6318c4f-16e9-42ab-ae52-de2b69e495c6\" href=\"https:\/\/jundiai.sp.gov.br\/saude\/wp-content\/uploads\/sites\/17\/2023\/07\/pneumologia.pdf\" target=\"_blank\" rel=\"noreferrer noopener\">Pneumologia<\/a><a href=\"https:\/\/jundiai.sp.gov.br\/saude\/wp-content\/uploads\/sites\/17\/2023\/07\/pneumologia.pdf\" class=\"wp-block-file__button wp-element-button\" download aria-describedby=\"wp-block-file--media-b6318c4f-16e9-42ab-ae52-de2b69e495c6\">Baixar<\/a><\/div>\n\n\n\n<div class=\"wp-block-file\"><a id=\"wp-block-file--media-a7b3035b-b5d3-4c52-9847-e25f52d27906\" href=\"https:\/\/jundiai.sp.gov.br\/saude\/wp-content\/uploads\/sites\/17\/2023\/07\/pccn.pdf\" target=\"_blank\" rel=\"noreferrer noopener\">Programa de combate \u00e0 car\u00eancias nutricionais<\/a><a href=\"https:\/\/jundiai.sp.gov.br\/saude\/wp-content\/uploads\/sites\/17\/2023\/07\/pccn.pdf\" class=\"wp-block-file__button wp-element-button\" download aria-describedby=\"wp-block-file--media-a7b3035b-b5d3-4c52-9847-e25f52d27906\">Baixar<\/a><\/div>\n\n\n\n<div class=\"wp-block-file\"><a id=\"wp-block-file--media-22801d70-5bd4-45c6-8ec1-6c4680073f3d\" href=\"https:\/\/jundiai.sp.gov.br\/saude\/wp-content\/uploads\/sites\/17\/2025\/06\/protocolo-angiologia.pdf\" target=\"_blank\" rel=\"noreferrer noopener\">Protocolo Angiologia<\/a><a href=\"https:\/\/jundiai.sp.gov.br\/saude\/wp-content\/uploads\/sites\/17\/2025\/06\/protocolo-angiologia.pdf\" class=\"wp-block-file__button wp-element-button\" download aria-describedby=\"wp-block-file--media-22801d70-5bd4-45c6-8ec1-6c4680073f3d\">Baixar<\/a><\/div>\n\n\n\n<div class=\"wp-block-file\"><a id=\"wp-block-file--media-aa0b445a-6a94-4dee-961b-afef9b5642c6\" href=\"https:\/\/jundiai.sp.gov.br\/saude\/wp-content\/uploads\/sites\/17\/2024\/06\/urg_ncias-na-ab.pdf\" target=\"_blank\" rel=\"noreferrer noopener\">Protocolo de Atendimento inicial de Urg\u00eancias e Emerg\u00eancias da Aten\u00e7\u00e3o Prim\u00e1ria<\/a><a href=\"https:\/\/jundiai.sp.gov.br\/saude\/wp-content\/uploads\/sites\/17\/2024\/06\/urg_ncias-na-ab.pdf\" class=\"wp-block-file__button wp-element-button\" download aria-describedby=\"wp-block-file--media-aa0b445a-6a94-4dee-961b-afef9b5642c6\">Baixar<\/a><\/div>\n\n\n\n<div class=\"wp-block-file\"><a id=\"wp-block-file--media-a49469ac-3add-431b-a731-4dc09f19c619\" href=\"https:\/\/jundiai.sp.gov.br\/saude\/wp-content\/uploads\/sites\/17\/2023\/07\/reumatologia.pdf\" target=\"_blank\" rel=\"noreferrer noopener\">Reumatologia<\/a><a href=\"https:\/\/jundiai.sp.gov.br\/saude\/wp-content\/uploads\/sites\/17\/2023\/07\/reumatologia.pdf\" class=\"wp-block-file__button wp-element-button\" download aria-describedby=\"wp-block-file--media-a49469ac-3add-431b-a731-4dc09f19c619\">Baixar<\/a><\/div>\n\n\n\n<div class=\"wp-block-file\"><a id=\"wp-block-file--media-b102bb88-2b42-4a4a-8405-f4429b3767c0\" href=\"https:\/\/jundiai.sp.gov.br\/saude\/wp-content\/uploads\/sites\/17\/2023\/07\/urologia.pdf\" target=\"_blank\" rel=\"noreferrer noopener\">Urologia<\/a><a href=\"https:\/\/jundiai.sp.gov.br\/saude\/wp-content\/uploads\/sites\/17\/2023\/07\/urologia.pdf\" class=\"wp-block-file__button wp-element-button\" download aria-describedby=\"wp-block-file--media-b102bb88-2b42-4a4a-8405-f4429b3767c0\">Baixar<\/a><\/div>\n\n\n\n<div class=\"wp-block-file\"><a id=\"wp-block-file--media-1c9389a2-65e4-405f-8027-4661932fc8f9\" href=\"https:\/\/jundiai.sp.gov.br\/saude\/wp-content\/uploads\/sites\/17\/2024\/05\/urg_ncias-cardiol_gicas-e-neurol_gicas-na-aten__o-prim_ria.pdf\" target=\"_blank\" rel=\"noreferrer noopener\">Urg\u00eancias Cardiol\u00f3gicas e Neurol\u00f3gicas<\/a><a href=\"https:\/\/jundiai.sp.gov.br\/saude\/wp-content\/uploads\/sites\/17\/2024\/05\/urg_ncias-cardiol_gicas-e-neurol_gicas-na-aten__o-prim_ria.pdf\" class=\"wp-block-file__button wp-element-button\" download aria-describedby=\"wp-block-file--media-1c9389a2-65e4-405f-8027-4661932fc8f9\">Baixar<\/a><\/div>\n\n\n\n<div class=\"wp-block-file\"><a id=\"wp-block-file--media-574ec5b5-65a6-4fff-b39b-f07c987dfc95\" href=\"https:\/\/jundiai.sp.gov.br\/saude\/wp-content\/uploads\/sites\/17\/2024\/08\/sigl_rio-aten__o-b_sica.pdf\" target=\"_blank\" rel=\"noreferrer noopener\">Sigl\u00e1rio Para Aten\u00e7\u00e3o B\u00e1sica<\/a><a href=\"https:\/\/jundiai.sp.gov.br\/saude\/wp-content\/uploads\/sites\/17\/2024\/08\/sigl_rio-aten__o-b_sica.pdf\" class=\"wp-block-file__button wp-element-button\" download aria-describedby=\"wp-block-file--media-574ec5b5-65a6-4fff-b39b-f07c987dfc95\">Baixar<\/a><\/div>\n\n\n\n<div class=\"wp-block-file\"><a id=\"wp-block-file--media-b5b0a3b9-81be-4c55-b147-33d105214b57\" href=\"https:\/\/jundiai.sp.gov.br\/saude\/wp-content\/uploads\/sites\/17\/2024\/09\/mpox.pdf\" target=\"_blank\" rel=\"noreferrer noopener\">Manejo do MPOX<\/a><a href=\"https:\/\/jundiai.sp.gov.br\/saude\/wp-content\/uploads\/sites\/17\/2024\/09\/mpox.pdf\" class=\"wp-block-file__button wp-element-button\" download aria-describedby=\"wp-block-file--media-b5b0a3b9-81be-4c55-b147-33d105214b57\">Baixar<\/a><\/div>\n\n\n\n<div class=\"wp-block-file\"><a id=\"wp-block-file--media-f20a375b-a3fc-4634-87a7-be5ef025abfd\" href=\"https:\/\/jundiai.sp.gov.br\/saude\/wp-content\/uploads\/sites\/17\/2024\/10\/protocolo-de-dermatologia.pdf\" target=\"_blank\" rel=\"noreferrer noopener\">Dermatologia<\/a><a href=\"https:\/\/jundiai.sp.gov.br\/saude\/wp-content\/uploads\/sites\/17\/2024\/10\/protocolo-de-dermatologia.pdf\" class=\"wp-block-file__button wp-element-button\" download aria-describedby=\"wp-block-file--media-f20a375b-a3fc-4634-87a7-be5ef025abfd\">Baixar<\/a><\/div>\n\n\n\n<div class=\"wp-block-file\"><a id=\"wp-block-file--media-c5b3df9b-fa13-4fbd-b248-f1700950bc59\" href=\"https:\/\/jundiai.sp.gov.br\/saude\/wp-content\/uploads\/sites\/17\/2025\/04\/protocolo-de-acesso-ao-napd.pdf\" target=\"_blank\" rel=\"noreferrer noopener\">Protocolo de Acesso ao N\u00facleo de Assist\u00eancia \u00e0 Pessoa com Defici\u00eancia de Jundia\u00ed &#8211; NAPD<\/a><a href=\"https:\/\/jundiai.sp.gov.br\/saude\/wp-content\/uploads\/sites\/17\/2025\/04\/protocolo-de-acesso-ao-napd.pdf\" class=\"wp-block-file__button wp-element-button\" download aria-describedby=\"wp-block-file--media-c5b3df9b-fa13-4fbd-b248-f1700950bc59\">Baixar<\/a><\/div>\n\n\n\n<div class=\"wp-block-file\"><a id=\"wp-block-file--media-5d43ace3-4ea9-4cdf-ac00-425dee621f41\" href=\"https:\/\/jundiai.sp.gov.br\/saude\/wp-content\/uploads\/sites\/17\/2025\/06\/protocolo-de-atendimento-s_ndrome-gripal.pdf\" target=\"_blank\" rel=\"noreferrer noopener\">Protocolo de Atendimento de S\u00edndrome Gripal nas Unidades B\u00e1sicas de Sa\u00fade<\/a><a href=\"https:\/\/jundiai.sp.gov.br\/saude\/wp-content\/uploads\/sites\/17\/2025\/06\/protocolo-de-atendimento-s_ndrome-gripal.pdf\" class=\"wp-block-file__button wp-element-button\" download aria-describedby=\"wp-block-file--media-5d43ace3-4ea9-4cdf-ac00-425dee621f41\">Baixar<\/a><\/div>\n","protected":false},"excerpt":{"rendered":"","protected":false},"author":8,"featured_media":0,"parent":4808,"menu_order":0,"comment_status":"closed","ping_status":"closed","template":"","meta":{"footnotes":""},"class_list":["post-4850","page","type-page","status-publish","hentry"],"_links":{"self":[{"href":"https:\/\/jundiai.sp.gov.br\/saude\/wp-json\/wp\/v2\/pages\/4850","targetHints":{"allow":["GET"]}}],"collection":[{"href":"https:\/\/jundiai.sp.gov.br\/saude\/wp-json\/wp\/v2\/pages"}],"about":[{"href":"https:\/\/jundiai.sp.gov.br\/saude\/wp-json\/wp\/v2\/types\/page"}],"author":[{"embeddable":true,"href":"https:\/\/jundiai.sp.gov.br\/saude\/wp-json\/wp\/v2\/users\/8"}],"replies":[{"embeddable":true,"href":"https:\/\/jundiai.sp.gov.br\/saude\/wp-json\/wp\/v2\/comments?post=4850"}],"version-history":[{"count":34,"href":"https:\/\/jundiai.sp.gov.br\/saude\/wp-json\/wp\/v2\/pages\/4850\/revisions"}],"predecessor-version":[{"id":6461,"href":"https:\/\/jundiai.sp.gov.br\/saude\/wp-json\/wp\/v2\/pages\/4850\/revisions\/6461"}],"up":[{"embeddable":true,"href":"https:\/\/jundiai.sp.gov.br\/saude\/wp-json\/wp\/v2\/pages\/4808"}],"wp:attachment":[{"href":"https:\/\/jundiai.sp.gov.br\/saude\/wp-json\/wp\/v2\/media?parent=4850"}],"curies":[{"name":"wp","href":"https:\/\/api.w.org\/{rel}","templated":true}]}}