{"id":5056,"date":"2023-11-23T11:47:52","date_gmt":"2023-11-23T14:47:52","guid":{"rendered":"https:\/\/jundiai.sp.gov.br\/saude\/?page_id=5056"},"modified":"2026-04-10T16:14:16","modified_gmt":"2026-04-10T19:14:16","slug":"rede-de-atendimento-medicos-e-odontologos","status":"publish","type":"page","link":"https:\/\/jundiai.sp.gov.br\/saude\/rede-de-atendimento-medicos-e-odontologos\/","title":{"rendered":"Rede de Atendimento M\u00e9dicos e Odont\u00f3logos"},"content":{"rendered":"\n<div class=\"wp-block-file\"><a id=\"wp-block-file--media-7a6c1070-74f6-468b-8123-80ab247cd7f9\" href=\"https:\/\/jundiai.sp.gov.br\/saude\/wp-content\/uploads\/sites\/17\/2026\/04\/informa__es-da-rede-p_blica-de-sa_de.pdf\" target=\"_blank\" rel=\"noreferrer noopener\">Informa\u00e7\u00f5es da rede publica de sa\u00fade do munic\u00edpio de Jundia\u00ed<\/a><\/div>\n\n\n\n<div class=\"wp-block-file\"><a id=\"wp-block-file--media-869a08f2-c78a-43ff-9ad9-e74fd526449c\" href=\"https:\/\/jundiai.sp.gov.br\/saude\/wp-content\/uploads\/sites\/17\/2026\/04\/escala-pa-retiro.pdf\" target=\"_blank\" rel=\"noreferrer noopener\">Escala PA Retiro<\/a><\/div>\n\n\n\n<div class=\"wp-block-file\"><a id=\"wp-block-file--media-c31ae277-c694-4e79-b412-ce43272a525e\" href=\"https:\/\/jundiai.sp.gov.br\/saude\/wp-content\/uploads\/sites\/17\/2026\/04\/escala-pa-ponte-s_o-jo_o.pdf\" target=\"_blank\" rel=\"noreferrer noopener\">Escala PA Ponte S\u00e3o Jo\u00e3o<\/a><\/div>\n\n\n\n<div class=\"wp-block-file\"><a id=\"wp-block-file--media-07a72ffa-b778-489c-a857-0287b74cdec9\" href=\"https:\/\/jundiai.sp.gov.br\/saude\/wp-content\/uploads\/sites\/17\/2026\/04\/escala-pa-hortol_ndia.pdf\" target=\"_blank\" rel=\"noreferrer noopener\">Escala PA Hortol\u00e2ndia<\/a><\/div>\n\n\n\n<div class=\"wp-block-file\"><a id=\"wp-block-file--media-5228ace7-bde8-41f7-8992-44423c713e63\" href=\"https:\/\/jundiai.sp.gov.br\/saude\/wp-content\/uploads\/sites\/17\/2026\/04\/escala-pa-central.pdf\" target=\"_blank\" rel=\"noreferrer noopener\">Escala PA Central<\/a><\/div>\n\n\n\n<div class=\"wp-block-file\"><a id=\"wp-block-file--media-97da7d56-bdb4-4619-9455-a15651d2a077\" href=\"https:\/\/jundiai.sp.gov.br\/saude\/wp-content\/uploads\/sites\/17\/2026\/04\/escala-upa-vetor-oeste.pdf\" target=\"_blank\" rel=\"noreferrer noopener\">Escala UPA Vetor Oeste<\/a><\/div>\n\n\n\n<div class=\"wp-block-file\"><a id=\"wp-block-file--media-a5c756a3-0988-49c4-9b37-4910e75e5ffc\" href=\"https:\/\/jundiai.sp.gov.br\/saude\/wp-content\/uploads\/sites\/17\/2026\/04\/escala-dentistas-ceo-_-anhangaba_.pdf\" target=\"_blank\" rel=\"noreferrer noopener\">Escala CEO Anhangabau<\/a><\/div>\n\n\n\n<div class=\"wp-block-file\"><a id=\"wp-block-file--media-054a8616-4e4f-4f50-a7d6-7114595beb24\" href=\"https:\/\/jundiai.sp.gov.br\/saude\/wp-content\/uploads\/sites\/17\/2026\/04\/escala-abril-ceo-aparecida-_-google-planilhas.pdf\" target=\"_blank\" rel=\"noreferrer noopener\">Escala CEO Aparecida<\/a><\/div>\n","protected":false},"excerpt":{"rendered":"","protected":false},"author":5,"featured_media":0,"parent":0,"menu_order":0,"comment_status":"closed","ping_status":"closed","template":"","meta":{"footnotes":""},"class_list":["post-5056","page","type-page","status-publish","hentry"],"_links":{"self":[{"href":"https:\/\/jundiai.sp.gov.br\/saude\/wp-json\/wp\/v2\/pages\/5056","targetHints":{"allow":["GET"]}}],"collection":[{"href":"https:\/\/jundiai.sp.gov.br\/saude\/wp-json\/wp\/v2\/pages"}],"about":[{"href":"https:\/\/jundiai.sp.gov.br\/saude\/wp-json\/wp\/v2\/types\/page"}],"author":[{"embeddable":true,"href":"https:\/\/jundiai.sp.gov.br\/saude\/wp-json\/wp\/v2\/users\/5"}],"replies":[{"embeddable":true,"href":"https:\/\/jundiai.sp.gov.br\/saude\/wp-json\/wp\/v2\/comments?post=5056"}],"version-history":[{"count":24,"href":"https:\/\/jundiai.sp.gov.br\/saude\/wp-json\/wp\/v2\/pages\/5056\/revisions"}],"predecessor-version":[{"id":6986,"href":"https:\/\/jundiai.sp.gov.br\/saude\/wp-json\/wp\/v2\/pages\/5056\/revisions\/6986"}],"wp:attachment":[{"href":"https:\/\/jundiai.sp.gov.br\/saude\/wp-json\/wp\/v2\/media?parent=5056"}],"curies":[{"name":"wp","href":"https:\/\/api.w.org\/{rel}","templated":true}]}}