{"id":521,"date":"2014-09-04T14:12:56","date_gmt":"2014-09-04T17:12:56","guid":{"rendered":"https:\/\/jundiai.sp.gov.br\/saude\/?page_id=521"},"modified":"2023-09-27T16:29:43","modified_gmt":"2023-09-27T19:29:43","slug":"hiv","status":"publish","type":"page","link":"https:\/\/jundiai.sp.gov.br\/saude\/hiv\/","title":{"rendered":"HIV, S\u00edfilis, Hepatites B e C"},"content":{"rendered":"\n<h3 class=\"wp-block-heading\">Fique sabendo<\/h3>\n\n\n\n<p><strong>Tire suas d\u00favidas e fa\u00e7a o teste para HIV, S\u00edfilis, Hepatites B e C.<\/strong><\/p>\n\n\n\n<h3 class=\"wp-block-heading\">\u00c9 gratuito e sigiloso.<\/h3>\n\n\n\n<p><strong>Local: Centro de Testagem e Aconselhamento (CTA) em DST\/Aids<\/strong><\/p>\n\n\n\n<p><strong>Endere\u00e7o:<\/strong> Rua Palmira Cervi Barbaro, 91 &#8211; Vila Hortol\u00e2ndia\u00a0<br><strong>Telefone:<\/strong>\u00a0(11) 4527-3770<br><strong>E-mail:<\/strong> <a rel=\"noopener\" href=\"mailto:cta@jundiai.sp.gov.br\" target=\"_blank\">cta@jundiai.sp.gov.br<\/a><\/p>\n\n\n\n<p><strong>Hor\u00e1rio de Coletas:<\/strong> de segunda a sexta-feira, das 7h \u00e0s 11h30;<br><strong>Hor\u00e1rio de Atendimento:<\/strong>&nbsp;de segunda a sexta-feira, das 7h \u00e0s 17h.<\/p>\n","protected":false},"excerpt":{"rendered":"<p>Fique sabendo Tire suas d\u00favidas e fa\u00e7a o teste para HIV, S\u00edfilis, Hepatites B e C. \u00c9 gratuito e sigiloso. Local: Centro de Testagem e Aconselhamento (CTA) em DST\/Aids Endere\u00e7o: Rua Palmira Cervi Barbaro, 91 &#8211; Vila Hortol\u00e2ndia\u00a0Telefone:\u00a0(11) 4527-3770E-mail: cta@jundiai.sp.gov.br Hor\u00e1rio de Coletas: de segunda a sexta-feira, das 7h \u00e0s 11h30;Hor\u00e1rio de Atendimento:&nbsp;de segunda a [&hellip;]<\/p>\n","protected":false},"author":14,"featured_media":0,"parent":0,"menu_order":0,"comment_status":"closed","ping_status":"closed","template":"page-subpaginas.php","meta":{"footnotes":""},"class_list":["post-521","page","type-page","status-publish","hentry"],"_links":{"self":[{"href":"https:\/\/jundiai.sp.gov.br\/saude\/wp-json\/wp\/v2\/pages\/521","targetHints":{"allow":["GET"]}}],"collection":[{"href":"https:\/\/jundiai.sp.gov.br\/saude\/wp-json\/wp\/v2\/pages"}],"about":[{"href":"https:\/\/jundiai.sp.gov.br\/saude\/wp-json\/wp\/v2\/types\/page"}],"author":[{"embeddable":true,"href":"https:\/\/jundiai.sp.gov.br\/saude\/wp-json\/wp\/v2\/users\/14"}],"replies":[{"embeddable":true,"href":"https:\/\/jundiai.sp.gov.br\/saude\/wp-json\/wp\/v2\/comments?post=521"}],"version-history":[{"count":20,"href":"https:\/\/jundiai.sp.gov.br\/saude\/wp-json\/wp\/v2\/pages\/521\/revisions"}],"predecessor-version":[{"id":4975,"href":"https:\/\/jundiai.sp.gov.br\/saude\/wp-json\/wp\/v2\/pages\/521\/revisions\/4975"}],"wp:attachment":[{"href":"https:\/\/jundiai.sp.gov.br\/saude\/wp-json\/wp\/v2\/media?parent=521"}],"curies":[{"name":"wp","href":"https:\/\/api.w.org\/{rel}","templated":true}]}}