{"id":5260,"date":"2024-01-24T16:26:55","date_gmt":"2024-01-24T19:26:55","guid":{"rendered":"https:\/\/jundiai.sp.gov.br\/saude\/?page_id=5260"},"modified":"2024-12-19T08:57:43","modified_gmt":"2024-12-19T11:57:43","slug":"integracao-ensino-servico","status":"publish","type":"page","link":"https:\/\/jundiai.sp.gov.br\/saude\/integracao-ensino-servico\/","title":{"rendered":"Integra\u00e7\u00e3o\u00a0ENSINO-SERVI\u00c7O"},"content":{"rendered":"\n<h2 class=\"wp-block-heading\"><em>Est\u00e1gio obrigat\u00f3rio<\/em><\/h2>\n\n\n\n<hr class=\"wp-block-separator has-text-color has-black-color has-alpha-channel-opacity has-black-background-color has-background is-style-wide\" \/>\n\n\n\n<p><a href=\"https:\/\/jundiai.sp.gov.br\/saude\/integracao-ensino-servico\/convenio-de-estagio \/\">Solicita\u00e7\u00e3o de Conv\u00eanio de Est\u00e1gio (apenas Institui\u00e7\u00f5es de Ensino podem solicitar)<\/a><\/p>\n\n\n\n<p><a href=\"https:\/\/docs.google.com\/forms\/d\/e\/1FAIpQLSftFwm8RvacRziO3aQuLVmQ5lA0DDZWE69CRctZMhZHivrO2Q\/viewform\">Solicita\u00e7\u00e3o de Campo de Est\u00e1gio (apenas Institui\u00e7\u00f5es de Ensino CONVENIADAS)<\/a><\/p>\n\n\n\n<p><a href=\"https:\/\/docs.google.com\/forms\/d\/e\/1FAIpQLSfyysYojsm_MLtKhyurlGePEQDMLw21MtXmhVSvlioYppMZIg\/viewform\">Relat\u00f3rio de Atividades<\/a><\/p>\n\n\n\n<p><a href=\"https:\/\/docs.google.com\/forms\/d\/e\/1FAIpQLSdNFZTjfyHBBnoSLiZ7yVnBXDwKcajbserbtUSAX5MneSE4vg\/viewform\">Relato de Ocorr\u00eancias &#8211; Institui\u00e7\u00f5es de Ensino e alunos<\/a><\/p>\n\n\n\n<p><a href=\"https:\/\/www.planalto.gov.br\/ccivil_03\/_ato2007-2010\/2008\/lei\/l11788.htm\">Legisla\u00e7\u00e3o atual<\/a><\/p>\n\n\n\n<p><a href=\"https:\/\/jundiai.sp.gov.br\/saude\/wp-content\/uploads\/sites\/17\/2024\/06\/manual-de-normas-e-rotinas.pdf\">Normas e rotinas<\/a><\/p>\n\n\n\n<h2 class=\"wp-block-heading\"><em>Pesquisa<\/em><\/h2>\n\n\n\n<hr class=\"wp-block-separator has-text-color has-black-color has-alpha-channel-opacity has-black-background-color has-background\" \/>\n\n\n\n<p><a href=\"https:\/\/docs.google.com\/forms\/d\/e\/1FAIpQLSeyDixMo5awxzR6UkfFZkMknF7x8SN2Z-LrEo57lEM0ciKMbA\/viewform\">Solicita\u00e7\u00e3o de autoriza\u00e7\u00e3o para pesquisa na rede de sa\u00fade p\u00fablica de Jundia\u00ed<\/a><\/p>\n\n\n\n<h2 class=\"wp-block-heading\"><em>Atividade de extens\u00e3o<\/em><\/h2>\n\n\n\n<hr class=\"wp-block-separator has-text-color has-black-color has-alpha-channel-opacity has-black-background-color has-background\" \/>\n\n\n\n<p><a href=\"https:\/\/docs.google.com\/forms\/d\/e\/1FAIpQLSePUDhT4SvHjcsaqmjhXSWFnDkLt45ZVCcPEQIRbkN66MYn6g\/viewform\" data-type=\"link\" data-id=\"https:\/\/docs.google.com\/forms\/d\/e\/1FAIpQLSePUDhT4SvHjcsaqmjhXSWFnDkLt45ZVCcPEQIRbkN66MYn6g\/viewform\">Formul\u00e1rio de Solicita\u00e7\u00e3o de autoriza\u00e7\u00e3o para atividade de extens\u00e3o<\/a><\/p>\n\n\n\n<h2 class=\"wp-block-heading\"><em>Visita t\u00e9cnica<\/em><\/h2>\n\n\n\n<hr class=\"wp-block-separator has-text-color has-black-color has-alpha-channel-opacity has-black-background-color has-background\" \/>\n\n\n\n<p>&nbsp;<a href=\"https:\/\/docs.google.com\/forms\/d\/e\/1FAIpQLSdTX8Tg7pR5Hny1Mp5Enw-8H2p_tOVJSqscVTFxRwAuWbduHQ\/viewform\" target=\"_blank\" rel=\"noreferrer noopener\">Formul\u00e1rio de solicita\u00e7\u00e3o de visita t\u00e9cnica a Rede de Sa\u00fade de Jundia\u00ed<\/a><\/p>\n\n\n\n<p><strong>CONTATOS<\/strong><strong>&nbsp;<\/strong> <\/p>\n\n\n\n<p><em><strong>Se\u00e7\u00e3o de Educa\u00e7\u00e3o Permanente em Sa\u00fade&nbsp;<\/strong><\/em><br><strong>Telefone:<\/strong> 4589-8812&nbsp;<br><strong>E-mail:<\/strong> <a href=\"mailto:eps@jundiai.sp.gov.br\" target=\"_blank\" rel=\"noreferrer noopener\">eps@jundiai.sp.gov.br<\/a>&nbsp;<\/p>\n\n\n\n<p><em><strong>GITES &#8211; Grupo Interinstitucional Trabalho Ensino-Servi\u00e7o<\/strong><\/em>&nbsp;<br><strong>Telefone:<\/strong> 4589-9243&nbsp;<br><strong>E-mail:<\/strong> <a href=\"mailto:gites@jundiai.sp.gov.br\" target=\"_blank\" rel=\"noreferrer noopener\">gites@jundiai.sp.gov.br<\/a>&nbsp;<\/p>\n","protected":false},"excerpt":{"rendered":"<p>Est\u00e1gio obrigat\u00f3rio Solicita\u00e7\u00e3o de Conv\u00eanio de Est\u00e1gio (apenas Institui\u00e7\u00f5es de Ensino podem solicitar) Solicita\u00e7\u00e3o de Campo de Est\u00e1gio (apenas Institui\u00e7\u00f5es de Ensino CONVENIADAS) Relat\u00f3rio de Atividades Relato de Ocorr\u00eancias &#8211; Institui\u00e7\u00f5es de Ensino e alunos Legisla\u00e7\u00e3o atual Normas e rotinas Pesquisa Solicita\u00e7\u00e3o de autoriza\u00e7\u00e3o para pesquisa na rede de sa\u00fade p\u00fablica de Jundia\u00ed Atividade de [&hellip;]<\/p>\n","protected":false},"author":69,"featured_media":0,"parent":0,"menu_order":0,"comment_status":"closed","ping_status":"closed","template":"","meta":{"footnotes":""},"class_list":["post-5260","page","type-page","status-publish","hentry"],"_links":{"self":[{"href":"https:\/\/jundiai.sp.gov.br\/saude\/wp-json\/wp\/v2\/pages\/5260","targetHints":{"allow":["GET"]}}],"collection":[{"href":"https:\/\/jundiai.sp.gov.br\/saude\/wp-json\/wp\/v2\/pages"}],"about":[{"href":"https:\/\/jundiai.sp.gov.br\/saude\/wp-json\/wp\/v2\/types\/page"}],"author":[{"embeddable":true,"href":"https:\/\/jundiai.sp.gov.br\/saude\/wp-json\/wp\/v2\/users\/69"}],"replies":[{"embeddable":true,"href":"https:\/\/jundiai.sp.gov.br\/saude\/wp-json\/wp\/v2\/comments?post=5260"}],"version-history":[{"count":29,"href":"https:\/\/jundiai.sp.gov.br\/saude\/wp-json\/wp\/v2\/pages\/5260\/revisions"}],"predecessor-version":[{"id":6116,"href":"https:\/\/jundiai.sp.gov.br\/saude\/wp-json\/wp\/v2\/pages\/5260\/revisions\/6116"}],"wp:attachment":[{"href":"https:\/\/jundiai.sp.gov.br\/saude\/wp-json\/wp\/v2\/media?parent=5260"}],"curies":[{"name":"wp","href":"https:\/\/api.w.org\/{rel}","templated":true}]}}