{"id":5295,"date":"2024-01-25T10:24:07","date_gmt":"2024-01-25T13:24:07","guid":{"rendered":"https:\/\/jundiai.sp.gov.br\/saude\/?page_id=5295"},"modified":"2024-06-28T17:45:08","modified_gmt":"2024-06-28T20:45:08","slug":"autorizacao-para-pesquisa","status":"publish","type":"page","link":"https:\/\/jundiai.sp.gov.br\/saude\/integracao-ensino-servico\/autorizacao-para-pesquisa\/","title":{"rendered":"Autoriza\u00e7\u00e3o para pesquisa"},"content":{"rendered":"\n<p><strong>\u25cf <a href=\"https:\/\/docs.google.com\/forms\/d\/e\/1FAIpQLSeyDixMo5awxzR6UkfFZkMknF7x8SN2Z-LrEo57lEM0ciKMbA\/viewform\">Forms para envio de pesquisa<\/a><\/strong><\/p>\n\n\n\n<p><strong>\u25cf <a href=\"https:\/\/jundiai.sp.gov.br\/saude\/wp-content\/uploads\/sites\/17\/2024\/06\/termo-de-compromisso-de-devolu__o-cient_fica.pdf\">Of\u00edcio de devolu\u00e7\u00e3o cient\u00edfica<\/a><\/strong><\/p>\n","protected":false},"excerpt":{"rendered":"<p>\u25cf Forms para envio de pesquisa \u25cf Of\u00edcio de devolu\u00e7\u00e3o cient\u00edfica<\/p>\n","protected":false},"author":69,"featured_media":0,"parent":5260,"menu_order":0,"comment_status":"closed","ping_status":"closed","template":"","meta":{"footnotes":""},"class_list":["post-5295","page","type-page","status-publish","hentry"],"_links":{"self":[{"href":"https:\/\/jundiai.sp.gov.br\/saude\/wp-json\/wp\/v2\/pages\/5295","targetHints":{"allow":["GET"]}}],"collection":[{"href":"https:\/\/jundiai.sp.gov.br\/saude\/wp-json\/wp\/v2\/pages"}],"about":[{"href":"https:\/\/jundiai.sp.gov.br\/saude\/wp-json\/wp\/v2\/types\/page"}],"author":[{"embeddable":true,"href":"https:\/\/jundiai.sp.gov.br\/saude\/wp-json\/wp\/v2\/users\/69"}],"replies":[{"embeddable":true,"href":"https:\/\/jundiai.sp.gov.br\/saude\/wp-json\/wp\/v2\/comments?post=5295"}],"version-history":[{"count":4,"href":"https:\/\/jundiai.sp.gov.br\/saude\/wp-json\/wp\/v2\/pages\/5295\/revisions"}],"predecessor-version":[{"id":5632,"href":"https:\/\/jundiai.sp.gov.br\/saude\/wp-json\/wp\/v2\/pages\/5295\/revisions\/5632"}],"up":[{"embeddable":true,"href":"https:\/\/jundiai.sp.gov.br\/saude\/wp-json\/wp\/v2\/pages\/5260"}],"wp:attachment":[{"href":"https:\/\/jundiai.sp.gov.br\/saude\/wp-json\/wp\/v2\/media?parent=5295"}],"curies":[{"name":"wp","href":"https:\/\/api.w.org\/{rel}","templated":true}]}}