{"id":5299,"date":"2024-01-25T10:28:35","date_gmt":"2024-01-25T13:28:35","guid":{"rendered":"https:\/\/jundiai.sp.gov.br\/saude\/?page_id=5299"},"modified":"2024-01-25T14:09:54","modified_gmt":"2024-01-25T17:09:54","slug":"solicitacao-de-campo-de-estagio","status":"publish","type":"page","link":"https:\/\/jundiai.sp.gov.br\/saude\/integracao-ensino-servico\/solicitacao-de-campo-de-estagio\/","title":{"rendered":"Solicita\u00e7\u00e3o de Campo de Est\u00e1gio"},"content":{"rendered":"\n<p>\u25cf <strong><a href=\"https:\/\/docs.google.com\/forms\/d\/e\/1FAIpQLSftFwm8RvacRziO3aQuLVmQ5lA0DDZWE69CRctZMhZHivrO2Q\/viewform\">Formul\u00e1rio de Solicita\u00e7\u00e3o<\/a><\/strong><\/p>\n\n\n\n<p><\/p>\n","protected":false},"excerpt":{"rendered":"<p>\u25cf Formul\u00e1rio de Solicita\u00e7\u00e3o<\/p>\n","protected":false},"author":69,"featured_media":0,"parent":5260,"menu_order":0,"comment_status":"closed","ping_status":"closed","template":"","meta":{"footnotes":""},"class_list":["post-5299","page","type-page","status-publish","hentry"],"_links":{"self":[{"href":"https:\/\/jundiai.sp.gov.br\/saude\/wp-json\/wp\/v2\/pages\/5299","targetHints":{"allow":["GET"]}}],"collection":[{"href":"https:\/\/jundiai.sp.gov.br\/saude\/wp-json\/wp\/v2\/pages"}],"about":[{"href":"https:\/\/jundiai.sp.gov.br\/saude\/wp-json\/wp\/v2\/types\/page"}],"author":[{"embeddable":true,"href":"https:\/\/jundiai.sp.gov.br\/saude\/wp-json\/wp\/v2\/users\/69"}],"replies":[{"embeddable":true,"href":"https:\/\/jundiai.sp.gov.br\/saude\/wp-json\/wp\/v2\/comments?post=5299"}],"version-history":[{"count":2,"href":"https:\/\/jundiai.sp.gov.br\/saude\/wp-json\/wp\/v2\/pages\/5299\/revisions"}],"predecessor-version":[{"id":5306,"href":"https:\/\/jundiai.sp.gov.br\/saude\/wp-json\/wp\/v2\/pages\/5299\/revisions\/5306"}],"up":[{"embeddable":true,"href":"https:\/\/jundiai.sp.gov.br\/saude\/wp-json\/wp\/v2\/pages\/5260"}],"wp:attachment":[{"href":"https:\/\/jundiai.sp.gov.br\/saude\/wp-json\/wp\/v2\/media?parent=5299"}],"curies":[{"name":"wp","href":"https:\/\/api.w.org\/{rel}","templated":true}]}}