{"id":531,"date":"2014-09-04T14:36:29","date_gmt":"2014-09-04T17:36:29","guid":{"rendered":"https:\/\/jundiai.sp.gov.br\/saude\/?page_id=531"},"modified":"2025-08-18T12:43:51","modified_gmt":"2025-08-18T15:43:51","slug":"nucleo-integrado-de-saude-nis-ambulatorio-de-especialidades","status":"publish","type":"page","link":"https:\/\/jundiai.sp.gov.br\/saude\/rede-de-atendimento\/nucleo-integrado-de-saude-nis-ambulatorio-de-especialidades\/","title":{"rendered":"N\u00facleo Integrado de Sa\u00fade (NIS) &#8211; Ambulat\u00f3rio de Especialidades"},"content":{"rendered":"\n<h2 class=\"wp-block-heading\"><\/h2>\n\n\n\n<p>O nosso ambulat\u00f3rio possui o canal AgendaNIS, via WhatsApp, para agendamento e desmarca\u00e7\u00e3o de consultas de retorno, pelo n\u00famero (11) 4589-9420. Para maior agilidade no seu atendimento, d\u00ea prefer\u00eancia ao envio de mensagem pelo WhatsApp.<br><em>* O agendamento de primeira consulta com especialista \u00e9 realizado exclusivamente pela UBS de refer\u00eancia.<\/em><\/p>\n\n\n\n<p><strong>Endere\u00e7o:<\/strong> Avenida Dr. Carlos Salles Block, 74, Anhangaba\u00fa<br><strong>Telefone:<\/strong> (11) 4589-9400<br><strong>AgendaNIs:<\/strong> 11-4589-9420<br><strong>Hor\u00e1rio de Funcionamento: <\/strong>das 8h \u00e0s 17h.<\/p>\n\n\n\n<p><strong>S\u00e3o ambulat\u00f3rios atendidos pelo NIS:<\/strong><\/p>\n\n\n\n<ul class=\"wp-block-list\">\n<li>Angiologia;<\/li>\n\n\n\n<li>Cirurgia Geral;<\/li>\n\n\n\n<li>Cirurgia Pedi\u00e1trica;<\/li>\n\n\n\n<li>Ortopedia;<\/li>\n\n\n\n<li>Urologia;<\/li>\n\n\n\n<li>Proctologia;<\/li>\n\n\n\n<li>Gastroenterologia Adulto e Infantil;<\/li>\n\n\n\n<li>Nefrologia;<\/li>\n\n\n\n<li>Neurologia Adulto e Infantil;<\/li>\n\n\n\n<li>Reumatologia;<\/li>\n\n\n\n<li>Homeopatia;<\/li>\n\n\n\n<li>Cardiologia;<\/li>\n\n\n\n<li>Endocrinologia Adulto e Infantil;<\/li>\n\n\n\n<li>Neonatologia;<\/li>\n\n\n\n<li>Pneumologia Adulto e Infantil;<\/li>\n\n\n\n<li>Nutri\u00e7\u00e3o Adulto e Infantil.<\/li>\n<\/ul>\n\n\n\n<p><strong>Exames realizados em nosso servi\u00e7o:<\/strong><\/p>\n\n\n\n<ul class=\"wp-block-list\">\n<li>Ecocardiograma;<\/li>\n\n\n\n<li>Eletrocardiograma;<\/li>\n<\/ul>\n","protected":false},"excerpt":{"rendered":"<p>O nosso ambulat\u00f3rio possui o canal AgendaNIS, via WhatsApp, para agendamento e desmarca\u00e7\u00e3o de consultas de retorno, pelo n\u00famero (11) 4589-9420. Para maior agilidade no seu atendimento, d\u00ea prefer\u00eancia ao envio de mensagem pelo WhatsApp.* O agendamento de primeira consulta com especialista \u00e9 realizado exclusivamente pela UBS de refer\u00eancia. Endere\u00e7o: Avenida Dr. Carlos Salles Block, [&hellip;]<\/p>\n","protected":false},"author":14,"featured_media":0,"parent":526,"menu_order":0,"comment_status":"closed","ping_status":"closed","template":"page-subpaginas.php","meta":{"footnotes":""},"class_list":["post-531","page","type-page","status-publish","hentry"],"_links":{"self":[{"href":"https:\/\/jundiai.sp.gov.br\/saude\/wp-json\/wp\/v2\/pages\/531","targetHints":{"allow":["GET"]}}],"collection":[{"href":"https:\/\/jundiai.sp.gov.br\/saude\/wp-json\/wp\/v2\/pages"}],"about":[{"href":"https:\/\/jundiai.sp.gov.br\/saude\/wp-json\/wp\/v2\/types\/page"}],"author":[{"embeddable":true,"href":"https:\/\/jundiai.sp.gov.br\/saude\/wp-json\/wp\/v2\/users\/14"}],"replies":[{"embeddable":true,"href":"https:\/\/jundiai.sp.gov.br\/saude\/wp-json\/wp\/v2\/comments?post=531"}],"version-history":[{"count":9,"href":"https:\/\/jundiai.sp.gov.br\/saude\/wp-json\/wp\/v2\/pages\/531\/revisions"}],"predecessor-version":[{"id":6558,"href":"https:\/\/jundiai.sp.gov.br\/saude\/wp-json\/wp\/v2\/pages\/531\/revisions\/6558"}],"up":[{"embeddable":true,"href":"https:\/\/jundiai.sp.gov.br\/saude\/wp-json\/wp\/v2\/pages\/526"}],"wp:attachment":[{"href":"https:\/\/jundiai.sp.gov.br\/saude\/wp-json\/wp\/v2\/media?parent=531"}],"curies":[{"name":"wp","href":"https:\/\/api.w.org\/{rel}","templated":true}]}}