{"id":5389,"date":"2024-03-11T13:53:17","date_gmt":"2024-03-11T16:53:17","guid":{"rendered":"https:\/\/jundiai.sp.gov.br\/saude\/?page_id=5389"},"modified":"2025-02-20T09:24:16","modified_gmt":"2025-02-20T12:24:16","slug":"dados-epidemiologicos-do-ano-de-2024","status":"publish","type":"page","link":"https:\/\/jundiai.sp.gov.br\/saude\/visat\/boletim-epidemiologico-em-saude-do-trabalhador\/dados-epidemiologicos-do-ano-de-2024\/","title":{"rendered":"Dados Epidemiol\u00f3gicos do Ano de 2024"},"content":{"rendered":"\n<div data-wp-interactive=\"core\/file\" class=\"wp-block-file\"><object data-wp-bind--hidden=\"!state.hasPdfPreview\" hidden class=\"wp-block-file__embed\" data=\"https:\/\/jundiai.sp.gov.br\/saude\/wp-content\/uploads\/sites\/17\/2025\/02\/consolidado-atualizado-2024__compressed.pdf\" type=\"application\/pdf\" style=\"width:100%;height:530px\" aria-label=\"Incorporado de Consolidado 2024 - CEREST JUNDIA\u00cd.\"><\/object><a id=\"wp-block-file--media-17a28987-e292-479c-aa5e-87855c70f09a\" href=\"https:\/\/jundiai.sp.gov.br\/saude\/wp-content\/uploads\/sites\/17\/2025\/02\/consolidado-atualizado-2024__compressed.pdf\" target=\"_blank\" rel=\"noreferrer noopener\">Consolidado 2024 &#8211; CEREST JUNDIA\u00cd<\/a><\/div>\n\n\n\n<div style=\"height:75px\" aria-hidden=\"true\" class=\"wp-block-spacer\"><\/div>\n\n\n\n<div data-wp-interactive=\"core\/file\" class=\"wp-block-file\"><object data-wp-bind--hidden=\"!state.hasPdfPreview\" hidden class=\"wp-block-file__embed\" data=\"https:\/\/jundiai.sp.gov.br\/saude\/wp-content\/uploads\/sites\/17\/2025\/02\/best-atualizado-2024.pdf\" type=\"application\/pdf\" style=\"width:100%;height:1070px\" aria-label=\"Incorporado de Boletins Epidemiol\u00f3gicos de DART e A\u00e7\u00f5es - 2024.\"><\/object><a id=\"wp-block-file--media-6c72d44c-2e85-4b6f-809e-4036902fccc6\" href=\"https:\/\/jundiai.sp.gov.br\/saude\/wp-content\/uploads\/sites\/17\/2025\/02\/best-atualizado-2024.pdf\" target=\"_blank\" rel=\"noreferrer noopener\">Boletins Epidemiol\u00f3gicos de DART e A\u00e7\u00f5es &#8211; 2024<\/a><\/div>\n","protected":false},"excerpt":{"rendered":"","protected":false},"author":8,"featured_media":0,"parent":4277,"menu_order":4,"comment_status":"closed","ping_status":"closed","template":"","meta":{"footnotes":""},"class_list":["post-5389","page","type-page","status-publish","hentry"],"_links":{"self":[{"href":"https:\/\/jundiai.sp.gov.br\/saude\/wp-json\/wp\/v2\/pages\/5389","targetHints":{"allow":["GET"]}}],"collection":[{"href":"https:\/\/jundiai.sp.gov.br\/saude\/wp-json\/wp\/v2\/pages"}],"about":[{"href":"https:\/\/jundiai.sp.gov.br\/saude\/wp-json\/wp\/v2\/types\/page"}],"author":[{"embeddable":true,"href":"https:\/\/jundiai.sp.gov.br\/saude\/wp-json\/wp\/v2\/users\/8"}],"replies":[{"embeddable":true,"href":"https:\/\/jundiai.sp.gov.br\/saude\/wp-json\/wp\/v2\/comments?post=5389"}],"version-history":[{"count":22,"href":"https:\/\/jundiai.sp.gov.br\/saude\/wp-json\/wp\/v2\/pages\/5389\/revisions"}],"predecessor-version":[{"id":6226,"href":"https:\/\/jundiai.sp.gov.br\/saude\/wp-json\/wp\/v2\/pages\/5389\/revisions\/6226"}],"up":[{"embeddable":true,"href":"https:\/\/jundiai.sp.gov.br\/saude\/wp-json\/wp\/v2\/pages\/4277"}],"wp:attachment":[{"href":"https:\/\/jundiai.sp.gov.br\/saude\/wp-json\/wp\/v2\/media?parent=5389"}],"curies":[{"name":"wp","href":"https:\/\/api.w.org\/{rel}","templated":true}]}}