{"id":56,"date":"2014-08-25T15:53:21","date_gmt":"2014-08-25T18:53:21","guid":{"rendered":"https:\/\/jundiai.sp.gov.br\/saude\/?page_id=56"},"modified":"2024-08-30T11:24:22","modified_gmt":"2024-08-30T14:24:22","slug":"atendimento-especializado","status":"publish","type":"page","link":"https:\/\/jundiai.sp.gov.br\/saude\/atendimento-especializado\/","title":{"rendered":"Atendimento Especializado"},"content":{"rendered":"<ul>\n<li><a href=\"https:\/\/jundiai.sp.gov.br\/saude\/como-utilizar-os-servicos-do-sus-em-jundiai\/atendimento-especializado\/alergologia\/\" target=\"_blank\" rel=\"noopener\">Alergologia<\/a>;<\/li>\n<li><a href=\"https:\/\/jundiai.sp.gov.br\/saude\/como-utilizar-os-servicos-do-sus-em-jundiai\/atendimento-especializado\/angiologiavascular\/\" target=\"_blank\" rel=\"noopener\">Angiologia\/Vascular<\/a>;<\/li>\n<li><a href=\"https:\/\/jundiai.sp.gov.br\/saude\/como-utilizar-os-servicos-do-sus-em-jundiai\/atendimento-especializado\/cardiologia\/\" target=\"_blank\" rel=\"noopener\">Cardiologia<\/a>;<\/li>\n<li><a href=\"https:\/\/jundiai.sp.gov.br\/saude\/como-utilizar-os-servicos-do-sus-em-jundiai\/atendimento-especializado\/cirurgia-de-cabeca-e-pescoco\/\" target=\"_blank\" rel=\"noopener\">Cirurgia de cabe\u00e7a e pesco\u00e7o<\/a>;<\/li>\n<li><a href=\"https:\/\/jundiai.sp.gov.br\/saude\/como-utilizar-os-servicos-do-sus-em-jundiai\/atendimento-especializado\/cirurgia-geral\/\" target=\"_blank\" rel=\"noopener\">Cirurgia geral<\/a>;<\/li>\n<li><a href=\"https:\/\/jundiai.sp.gov.br\/saude\/como-utilizar-os-servicos-do-sus-em-jundiai\/atendimento-especializado\/cirurgia-pediatrica\/\" target=\"_blank\" rel=\"noopener\">Cirurgia pedi\u00e1trica<\/a>;<\/li>\n<li><a href=\"https:\/\/jundiai.sp.gov.br\/saude\/como-utilizar-os-servicos-do-sus-em-jundiai\/atendimento-especializado\/dependentes-quimicos\/\" target=\"_blank\" rel=\"noopener\">Dependentes qu\u00edmicos<\/a>;<\/li>\n<li><a href=\"https:\/\/jundiai.sp.gov.br\/saude\/como-utilizar-os-servicos-do-sus-em-jundiai\/atendimento-especializado\/dermatologia\/\" target=\"_blank\" rel=\"noopener\">Dermatologia<\/a>;<\/li>\n<li><a href=\"https:\/\/jundiai.sp.gov.br\/saude\/como-utilizar-os-servicos-do-sus-em-jundiai\/atendimento-especializado\/endocrinologia-e-endocrinologia-pediatrica\/\" target=\"_blank\" rel=\"noopener\">Endocrinologia e Endocrinologia Pedi\u00e1trica<\/a>;<\/li>\n<li><a href=\"https:\/\/jundiai.sp.gov.br\/saude\/como-utilizar-os-servicos-do-sus-em-jundiai\/atendimento-especializado\/fonoaudiologia\/\" target=\"_blank\" rel=\"noopener\">Fonoaudiologia<\/a>;<\/li>\n<li><a href=\"https:\/\/jundiai.sp.gov.br\/saude\/como-utilizar-os-servicos-do-sus-em-jundiai\/atendimento-especializado\/gastroenterologia-clinica\/\" target=\"_blank\" rel=\"noopener\">Gastroenterologia cl\u00ednica<\/a>;<\/li>\n<li><a href=\"https:\/\/jundiai.sp.gov.br\/saude\/como-utilizar-os-servicos-do-sus-em-jundiai\/atendimento-especializado\/ginecologia-climaterio\/\" target=\"_blank\" rel=\"noopener\">Ginecologia (Climat\u00e9rio)<\/a>;<\/li>\n<li><a href=\"https:\/\/jundiai.sp.gov.br\/saude\/como-utilizar-os-servicos-do-sus-em-jundiai\/atendimento-especializado\/hebiatria\/\" target=\"_blank\" rel=\"noopener\">Hebiatria<\/a>;<\/li>\n<li><a href=\"https:\/\/jundiai.sp.gov.br\/saude\/como-utilizar-os-servicos-do-sus-em-jundiai\/atendimento-especializado\/hematologia\/\" target=\"_blank\" rel=\"noopener\">Hematologia<\/a>;<\/li>\n<li><a href=\"https:\/\/jundiai.sp.gov.br\/saude\/como-utilizar-os-servicos-do-sus-em-jundiai\/atendimento-especializado\/homeopatia-e-acupuntura\/\" target=\"_blank\" rel=\"noopener\">Homeopatia e Acupuntura<\/a>;<\/li>\n<li><a href=\"https:\/\/jundiai.sp.gov.br\/saude\/como-utilizar-os-servicos-do-sus-em-jundiai\/atendimento-especializado\/infectologia\/\" target=\"_blank\" rel=\"noopener\">Infectologia<\/a>;<\/li>\n<li><a href=\"https:\/\/jundiai.sp.gov.br\/saude\/como-utilizar-os-servicos-do-sus-em-jundiai\/atendimento-especializado\/nefrologia\/\" target=\"_blank\" rel=\"noopener\">Nefrologia<\/a>;<\/li>\n<li><a href=\"https:\/\/jundiai.sp.gov.br\/saude\/como-utilizar-os-servicos-do-sus-em-jundiai\/atendimento-especializado\/neonatologia\/\" target=\"_blank\" rel=\"noopener\">Neonatologia<\/a>;<\/li>\n<li><a href=\"https:\/\/jundiai.sp.gov.br\/saude\/como-utilizar-os-servicos-do-sus-em-jundiai\/atendimento-especializado\/neurologia\/\" target=\"_blank\" rel=\"noopener\">Neurologia<\/a>;<\/li>\n<li><a href=\"https:\/\/jundiai.sp.gov.br\/saude\/como-utilizar-os-servicos-do-sus-em-jundiai\/atendimento-especializado\/nutricao\/\" target=\"_blank\" rel=\"noopener\">Nutri\u00e7\u00e3o<\/a>;<\/li>\n<li><a href=\"https:\/\/jundiai.sp.gov.br\/saude\/como-utilizar-os-servicos-do-sus-em-jundiai\/atendimento-especializado\/oftalmologia\/\" target=\"_blank\" rel=\"noopener\">Oftalmologia<\/a>;<\/li>\n<li><a href=\"https:\/\/jundiai.sp.gov.br\/saude\/como-utilizar-os-servicos-do-sus-em-jundiai\/atendimento-especializado\/oncologia\/\" target=\"_blank\" rel=\"noopener\">Oncologia<\/a>;<\/li>\n<li><a href=\"https:\/\/jundiai.sp.gov.br\/saude\/como-utilizar-os-servicos-do-sus-em-jundiai\/atendimento-especializado\/ortopedia\/\" target=\"_blank\" rel=\"noopener\">Ortopedia<\/a>;<\/li>\n<li><a href=\"https:\/\/jundiai.sp.gov.br\/saude\/como-utilizar-os-servicos-do-sus-em-jundiai\/atendimento-especializado\/otorrinolaringologia\/\" target=\"_blank\" rel=\"noopener\">Otorrinolaringologia<\/a>;<\/li>\n<li><a href=\"https:\/\/jundiai.sp.gov.br\/saude\/como-utilizar-os-servicos-do-sus-em-jundiai\/atendimento-especializado\/pequena-cirurgia\/\" target=\"_blank\" rel=\"noopener\">Pequena Cirurgia<\/a>;<\/li>\n<li><a href=\"https:\/\/jundiai.sp.gov.br\/saude\/como-utilizar-os-servicos-do-sus-em-jundiai\/atendimento-especializado\/pneumologia\/\" target=\"_blank\" rel=\"noopener\">Pneumologia<\/a>;<\/li>\n<li><a href=\"https:\/\/jundiai.sp.gov.br\/saude\/como-utilizar-os-servicos-do-sus-em-jundiai\/atendimento-especializado\/proctologia\/\" target=\"_blank\" rel=\"noopener\">Proctologia<\/a>;<\/li>\n<li><a href=\"https:\/\/jundiai.sp.gov.br\/saude\/como-utilizar-os-servicos-do-sus-em-jundiai\/atendimento-especializado\/psicologia\/\" target=\"_blank\" rel=\"noopener\">Psicologia<\/a>;<\/li>\n<li><a href=\"https:\/\/jundiai.sp.gov.br\/saude\/como-utilizar-os-servicos-do-sus-em-jundiai\/atendimento-especializado\/reumatologia\/\" target=\"_blank\" rel=\"noopener\">Reumatologia<\/a>;<\/li>\n<li><a href=\"https:\/\/jundiai.sp.gov.br\/saude\/como-utilizar-os-servicos-do-sus-em-jundiai\/atendimento-especializado\/saude-da-mulher\/\" target=\"_blank\" rel=\"noopener\">Sa\u00fade da mulher<\/a>;<\/li>\n<li><a href=\"https:\/\/jundiai.sp.gov.br\/saude\/como-utilizar-os-servicos-do-sus-em-jundiai\/atendimento-especializado\/saude-mental\/\" target=\"_blank\" rel=\"noopener\">Sa\u00fade mental<\/a>;<\/li>\n<li><a href=\"https:\/\/jundiai.sp.gov.br\/saude\/como-utilizar-os-servicos-do-sus-em-jundiai\/atendimento-especializado\/saude-mental-casos-graves\/\" target=\"_blank\" rel=\"noopener\">Sa\u00fade mental &#8211; CASOS GRAVES<\/a>;<\/li>\n<li><a href=\"https:\/\/jundiai.sp.gov.br\/saude\/como-utilizar-os-servicos-do-sus-em-jundiai\/atendimento-especializado\/saude-mental-internacao-psiquiatrica\/\" target=\"_blank\" rel=\"noopener\">Sa\u00fade mental &#8211; INTERNA\u00c7\u00c3O PSIQUI\u00c1TRICA<\/a>;<\/li>\n<li><a href=\"https:\/\/jundiai.sp.gov.br\/saude\/como-utilizar-os-servicos-do-sus-em-jundiai\/atendimento-especializado\/tisiologia\/\" target=\"_blank\" rel=\"noopener\">Tisiologia<\/a>;<\/li>\n<li><a href=\"https:\/\/jundiai.sp.gov.br\/saude\/como-utilizar-os-servicos-do-sus-em-jundiai\/atendimento-especializado\/urologia\/\" target=\"_blank\" rel=\"noopener\">Urologia<\/a>.<\/li>\n<\/ul>\n","protected":false},"excerpt":{"rendered":"<p>Alergologia; Angiologia\/Vascular; Cardiologia; Cirurgia de cabe\u00e7a e pesco\u00e7o; Cirurgia geral; Cirurgia pedi\u00e1trica; Dependentes qu\u00edmicos; Dermatologia; Endocrinologia e Endocrinologia Pedi\u00e1trica; Fonoaudiologia; Gastroenterologia cl\u00ednica; Ginecologia (Climat\u00e9rio); Hebiatria; Hematologia; Homeopatia e Acupuntura; Infectologia; Nefrologia; Neonatologia; Neurologia; Nutri\u00e7\u00e3o; Oftalmologia; Oncologia; Ortopedia; Otorrinolaringologia; Pequena Cirurgia; Pneumologia; Proctologia; Psicologia; Reumatologia; Sa\u00fade da mulher; Sa\u00fade mental; Sa\u00fade mental &#8211; CASOS GRAVES; Sa\u00fade [&hellip;]<\/p>\n","protected":false},"author":14,"featured_media":0,"parent":0,"menu_order":0,"comment_status":"closed","ping_status":"closed","template":"","meta":{"footnotes":""},"class_list":["post-56","page","type-page","status-publish","hentry"],"_links":{"self":[{"href":"https:\/\/jundiai.sp.gov.br\/saude\/wp-json\/wp\/v2\/pages\/56","targetHints":{"allow":["GET"]}}],"collection":[{"href":"https:\/\/jundiai.sp.gov.br\/saude\/wp-json\/wp\/v2\/pages"}],"about":[{"href":"https:\/\/jundiai.sp.gov.br\/saude\/wp-json\/wp\/v2\/types\/page"}],"author":[{"embeddable":true,"href":"https:\/\/jundiai.sp.gov.br\/saude\/wp-json\/wp\/v2\/users\/14"}],"replies":[{"embeddable":true,"href":"https:\/\/jundiai.sp.gov.br\/saude\/wp-json\/wp\/v2\/comments?post=56"}],"version-history":[{"count":28,"href":"https:\/\/jundiai.sp.gov.br\/saude\/wp-json\/wp\/v2\/pages\/56\/revisions"}],"predecessor-version":[{"id":5814,"href":"https:\/\/jundiai.sp.gov.br\/saude\/wp-json\/wp\/v2\/pages\/56\/revisions\/5814"}],"wp:attachment":[{"href":"https:\/\/jundiai.sp.gov.br\/saude\/wp-json\/wp\/v2\/media?parent=56"}],"curies":[{"name":"wp","href":"https:\/\/api.w.org\/{rel}","templated":true}]}}