{"id":5846,"date":"2024-09-09T17:06:12","date_gmt":"2024-09-09T20:06:12","guid":{"rendered":"https:\/\/jundiai.sp.gov.br\/saude\/?page_id=5846"},"modified":"2025-08-25T15:49:43","modified_gmt":"2025-08-25T18:49:43","slug":"protocolos-de-pre-natal","status":"publish","type":"page","link":"https:\/\/jundiai.sp.gov.br\/saude\/protocolos\/saude-da-mulher\/protocolos-de-pre-natal\/","title":{"rendered":"PROTOCOLOS DE PR\u00c9-NATAL"},"content":{"rendered":"\n<div class=\"wp-block-file\"><a id=\"wp-block-file--media-3879f040-94a6-44e6-ba20-eefe2fee19a5\" href=\"https:\/\/jundiai.sp.gov.br\/saude\/wp-content\/uploads\/sites\/17\/2025\/04\/pr__natal.pdf\" target=\"_blank\" rel=\"noreferrer noopener\">Pr\u00e9-Natal: Diagn\u00f3stico de Gesta\u00e7\u00e3o, Seguimento e Estratifica\u00e7\u00e3o de Risco<\/a><a href=\"https:\/\/jundiai.sp.gov.br\/saude\/wp-content\/uploads\/sites\/17\/2025\/04\/pr__natal.pdf\" class=\"wp-block-file__button wp-element-button\" download aria-describedby=\"wp-block-file--media-3879f040-94a6-44e6-ba20-eefe2fee19a5\">Baixar<\/a><\/div>\n\n\n\n<div class=\"wp-block-file\"><a id=\"wp-block-file--media-441e2c5a-b4c0-4e81-b26a-c32d0d66375f\" href=\"https:\/\/jundiai.sp.gov.br\/saude\/wp-content\/uploads\/sites\/17\/2025\/06\/pre-natal-_-toxiplasmose-congenita.pdf\" target=\"_blank\" rel=\"noreferrer noopener\">PR\u00c9-NATAL: Manejo da toxoplasmose cong\u00eanita<\/a><a href=\"https:\/\/jundiai.sp.gov.br\/saude\/wp-content\/uploads\/sites\/17\/2025\/06\/pre-natal-_-toxiplasmose-congenita.pdf\" class=\"wp-block-file__button wp-element-button\" download aria-describedby=\"wp-block-file--media-441e2c5a-b4c0-4e81-b26a-c32d0d66375f\">Baixar<\/a><\/div>\n\n\n\n<div class=\"wp-block-file\"><a id=\"wp-block-file--media-508039c0-0831-4269-abc7-5f4f856ca9e8\" href=\"https:\/\/jundiai.sp.gov.br\/saude\/wp-content\/uploads\/sites\/17\/2025\/08\/protocolo_diabetes_gestacional.pdf\" target=\"_blank\" rel=\"noreferrer noopener\">Protocolo de Diabetes Mellitus Gestacional<\/a><a href=\"https:\/\/jundiai.sp.gov.br\/saude\/wp-content\/uploads\/sites\/17\/2025\/08\/protocolo_diabetes_gestacional.pdf\" class=\"wp-block-file__button wp-element-button\" download aria-describedby=\"wp-block-file--media-508039c0-0831-4269-abc7-5f4f856ca9e8\">Baixar<\/a><\/div>\n\n\n\n<p><\/p>\n","protected":false},"excerpt":{"rendered":"","protected":false},"author":117,"featured_media":0,"parent":4843,"menu_order":1,"comment_status":"closed","ping_status":"closed","template":"","meta":{"footnotes":""},"class_list":["post-5846","page","type-page","status-publish","hentry"],"_links":{"self":[{"href":"https:\/\/jundiai.sp.gov.br\/saude\/wp-json\/wp\/v2\/pages\/5846","targetHints":{"allow":["GET"]}}],"collection":[{"href":"https:\/\/jundiai.sp.gov.br\/saude\/wp-json\/wp\/v2\/pages"}],"about":[{"href":"https:\/\/jundiai.sp.gov.br\/saude\/wp-json\/wp\/v2\/types\/page"}],"author":[{"embeddable":true,"href":"https:\/\/jundiai.sp.gov.br\/saude\/wp-json\/wp\/v2\/users\/117"}],"replies":[{"embeddable":true,"href":"https:\/\/jundiai.sp.gov.br\/saude\/wp-json\/wp\/v2\/comments?post=5846"}],"version-history":[{"count":5,"href":"https:\/\/jundiai.sp.gov.br\/saude\/wp-json\/wp\/v2\/pages\/5846\/revisions"}],"predecessor-version":[{"id":6569,"href":"https:\/\/jundiai.sp.gov.br\/saude\/wp-json\/wp\/v2\/pages\/5846\/revisions\/6569"}],"up":[{"embeddable":true,"href":"https:\/\/jundiai.sp.gov.br\/saude\/wp-json\/wp\/v2\/pages\/4843"}],"wp:attachment":[{"href":"https:\/\/jundiai.sp.gov.br\/saude\/wp-json\/wp\/v2\/media?parent=5846"}],"curies":[{"name":"wp","href":"https:\/\/api.w.org\/{rel}","templated":true}]}}