{"id":5862,"date":"2024-09-11T14:26:09","date_gmt":"2024-09-11T17:26:09","guid":{"rendered":"https:\/\/jundiai.sp.gov.br\/saude\/?page_id=5862"},"modified":"2025-09-22T10:48:39","modified_gmt":"2025-09-22T13:48:39","slug":"saude-nutricional","status":"publish","type":"page","link":"https:\/\/jundiai.sp.gov.br\/saude\/protocolos\/saude-nutricional\/","title":{"rendered":"Nutri\u00e7\u00e3o"},"content":{"rendered":"\n<div class=\"wp-block-file\"><a id=\"wp-block-file--media-a6f64140-9dda-4be5-bb23-ceb22c9a4a0a\" href=\"https:\/\/jundiai.sp.gov.br\/saude\/wp-content\/uploads\/sites\/17\/2024\/09\/guia_alimentar_populacao_brasileira_2ed.pdf\" target=\"_blank\" rel=\"noreferrer noopener\">Guia Alimentar para a Popula\u00e7\u00e3o Brasileira<\/a><a href=\"https:\/\/jundiai.sp.gov.br\/saude\/wp-content\/uploads\/sites\/17\/2024\/09\/guia_alimentar_populacao_brasileira_2ed.pdf\" class=\"wp-block-file__button wp-element-button\" download aria-describedby=\"wp-block-file--media-a6f64140-9dda-4be5-bb23-ceb22c9a4a0a\">Baixar<\/a><\/div>\n\n\n\n<div class=\"wp-block-file\"><a id=\"wp-block-file--media-d11b87ec-c0e6-4eb9-8ea3-45b8eac6f4e0\" href=\"https:\/\/jundiai.sp.gov.br\/saude\/wp-content\/uploads\/sites\/17\/2024\/09\/guia_alimentar_popula__o-infantil.pdf\" target=\"_blank\" rel=\"noreferrer noopener\">Guia Alimentar para Crian\u00e7as Brasileiras Menores de 2 Anos<\/a><a href=\"https:\/\/jundiai.sp.gov.br\/saude\/wp-content\/uploads\/sites\/17\/2024\/09\/guia_alimentar_popula__o-infantil.pdf\" class=\"wp-block-file__button wp-element-button\" download aria-describedby=\"wp-block-file--media-d11b87ec-c0e6-4eb9-8ea3-45b8eac6f4e0\">Baixar<\/a><\/div>\n\n\n\n<div class=\"wp-block-file\"><a id=\"wp-block-file--media-abdb0fba-e1c9-4fe1-b331-af1e43ac904f\" href=\"https:\/\/jundiai.sp.gov.br\/saude\/wp-content\/uploads\/sites\/17\/2024\/09\/orienta__o-nutricional-diabetes.pdf\" target=\"_blank\" rel=\"noreferrer noopener\">Orienta\u00e7\u00e3o Nutricional para Controle da Glicemia<\/a><a href=\"https:\/\/jundiai.sp.gov.br\/saude\/wp-content\/uploads\/sites\/17\/2024\/09\/orienta__o-nutricional-diabetes.pdf\" class=\"wp-block-file__button wp-element-button\" download aria-describedby=\"wp-block-file--media-abdb0fba-e1c9-4fe1-b331-af1e43ac904f\">Baixar<\/a><\/div>\n\n\n\n<div class=\"wp-block-file\"><a id=\"wp-block-file--media-1bc504e5-9012-406e-9f43-06252f721d35\" href=\"https:\/\/jundiai.sp.gov.br\/saude\/wp-content\/uploads\/sites\/17\/2024\/09\/orienta__o-nutricional-gastrite.pdf\" target=\"_blank\" rel=\"noreferrer noopener\">Orienta\u00e7\u00e3o Nutricional: Gastrite<\/a><a href=\"https:\/\/jundiai.sp.gov.br\/saude\/wp-content\/uploads\/sites\/17\/2024\/09\/orienta__o-nutricional-gastrite.pdf\" class=\"wp-block-file__button wp-element-button\" download aria-describedby=\"wp-block-file--media-1bc504e5-9012-406e-9f43-06252f721d35\">Baixar<\/a><\/div>\n\n\n\n<div class=\"wp-block-file\"><a id=\"wp-block-file--media-e7069d40-f592-4203-b3ca-97857f06b86c\" href=\"https:\/\/jundiai.sp.gov.br\/saude\/wp-content\/uploads\/sites\/17\/2024\/09\/orienta__o-nutricional-hipertens_o.pdf\" target=\"_blank\" rel=\"noreferrer noopener\">Orienta\u00e7\u00e3o Nutricional: Hipertens\u00e3o Arterial<\/a><a href=\"https:\/\/jundiai.sp.gov.br\/saude\/wp-content\/uploads\/sites\/17\/2024\/09\/orienta__o-nutricional-hipertens_o.pdf\" class=\"wp-block-file__button wp-element-button\" download aria-describedby=\"wp-block-file--media-e7069d40-f592-4203-b3ca-97857f06b86c\">Baixar<\/a><\/div>\n\n\n\n<div class=\"wp-block-file\"><a id=\"wp-block-file--media-7405fe56-4656-4b69-a948-80e46c8b1455\" href=\"https:\/\/jundiai.sp.gov.br\/saude\/wp-content\/uploads\/sites\/17\/2024\/09\/esquema-alimentar-crian_as-at_-dois-anos.pdf\" target=\"_blank\" rel=\"noreferrer noopener\">Esquema Alimentar para Crian\u00e7as de 06 a 24 meses<\/a><a href=\"https:\/\/jundiai.sp.gov.br\/saude\/wp-content\/uploads\/sites\/17\/2024\/09\/esquema-alimentar-crian_as-at_-dois-anos.pdf\" class=\"wp-block-file__button wp-element-button\" download aria-describedby=\"wp-block-file--media-7405fe56-4656-4b69-a948-80e46c8b1455\">Baixar<\/a><\/div>\n\n\n\n<div class=\"wp-block-file\"><a id=\"wp-block-file--media-dab83132-5f16-4c1e-846b-0dab62d894af\" href=\"https:\/\/jundiai.sp.gov.br\/saude\/wp-content\/uploads\/sites\/17\/2024\/09\/orienta__o-nutricional-constipa__o-intestinal.pdf\" target=\"_blank\" rel=\"noreferrer noopener\">Orienta\u00e7\u00e3o Nutricional: Constipa\u00e7\u00e3o Intestinal<\/a><a href=\"https:\/\/jundiai.sp.gov.br\/saude\/wp-content\/uploads\/sites\/17\/2024\/09\/orienta__o-nutricional-constipa__o-intestinal.pdf\" class=\"wp-block-file__button wp-element-button\" download aria-describedby=\"wp-block-file--media-dab83132-5f16-4c1e-846b-0dab62d894af\">Baixar<\/a><\/div>\n\n\n\n<div class=\"wp-block-file\"><a id=\"wp-block-file--media-f2dfede2-e4b8-4137-90b5-f394a3502ceb\" href=\"https:\/\/jundiai.sp.gov.br\/saude\/wp-content\/uploads\/sites\/17\/2024\/09\/recomenda__o-reeduca__o-alimentar.pdf\" target=\"_blank\" rel=\"noreferrer noopener\">Orienta\u00e7\u00e3o Nutricional: Reeduca\u00e7\u00e3o Alimentar<\/a><a href=\"https:\/\/jundiai.sp.gov.br\/saude\/wp-content\/uploads\/sites\/17\/2024\/09\/recomenda__o-reeduca__o-alimentar.pdf\" class=\"wp-block-file__button wp-element-button\" download aria-describedby=\"wp-block-file--media-f2dfede2-e4b8-4137-90b5-f394a3502ceb\">Baixar<\/a><\/div>\n\n\n\n<div class=\"wp-block-file\"><a id=\"wp-block-file--media-286128cc-aeff-4ca9-b422-a852ded841a8\" href=\"https:\/\/jundiai.sp.gov.br\/saude\/wp-content\/uploads\/sites\/17\/2024\/09\/orienta__o-nutricional-diarreia.pdf\" target=\"_blank\" rel=\"noreferrer noopener\">Orienta\u00e7\u00e3o Nutricional: Diarreia<\/a><a href=\"https:\/\/jundiai.sp.gov.br\/saude\/wp-content\/uploads\/sites\/17\/2024\/09\/orienta__o-nutricional-diarreia.pdf\" class=\"wp-block-file__button wp-element-button\" download aria-describedby=\"wp-block-file--media-286128cc-aeff-4ca9-b422-a852ded841a8\">Baixar<\/a><\/div>\n\n\n\n<div class=\"wp-block-file\"><a id=\"wp-block-file--media-63b49f23-efc3-4b92-9374-0b6468224196\" href=\"https:\/\/jundiai.sp.gov.br\/saude\/wp-content\/uploads\/sites\/17\/2024\/09\/orienta__o-nutricional-gestante.pdf\" target=\"_blank\" rel=\"noreferrer noopener\">Orienta\u00e7\u00e3o Nutricional: Gesta\u00e7\u00e3o<\/a><a href=\"https:\/\/jundiai.sp.gov.br\/saude\/wp-content\/uploads\/sites\/17\/2024\/09\/orienta__o-nutricional-gestante.pdf\" class=\"wp-block-file__button wp-element-button\" download aria-describedby=\"wp-block-file--media-63b49f23-efc3-4b92-9374-0b6468224196\">Baixar<\/a><\/div>\n\n\n\n<div class=\"wp-block-file\"><a id=\"wp-block-file--media-d0f8bab9-e88d-4b19-af4a-ca7c10bd7047\" href=\"https:\/\/jundiai.sp.gov.br\/saude\/wp-content\/uploads\/sites\/17\/2024\/09\/alimenta__o-complementar.pdf\" target=\"_blank\" rel=\"noreferrer noopener\">Orienta\u00e7\u00e3o Nutricional Alimenta\u00e7\u00e3o Complementar<\/a><a href=\"https:\/\/jundiai.sp.gov.br\/saude\/wp-content\/uploads\/sites\/17\/2024\/09\/alimenta__o-complementar.pdf\" class=\"wp-block-file__button wp-element-button\" download aria-describedby=\"wp-block-file--media-d0f8bab9-e88d-4b19-af4a-ca7c10bd7047\">Baixar<\/a><\/div>\n\n\n\n<div class=\"wp-block-file\"><a id=\"wp-block-file--media-ebab5d4c-2ba1-4877-be59-ea4f54e1411d\" href=\"https:\/\/jundiai.sp.gov.br\/saude\/wp-content\/uploads\/sites\/17\/2024\/09\/orienta__o-nutricional-dislipidemia.pdf\" target=\"_blank\" rel=\"noreferrer noopener\">Orienta\u00e7\u00e3o Nutricional: Altera\u00e7\u00e3o de Colesterol e Triglic\u00e9rides<\/a><a href=\"https:\/\/jundiai.sp.gov.br\/saude\/wp-content\/uploads\/sites\/17\/2024\/09\/orienta__o-nutricional-dislipidemia.pdf\" class=\"wp-block-file__button wp-element-button\" download aria-describedby=\"wp-block-file--media-ebab5d4c-2ba1-4877-be59-ea4f54e1411d\">Baixar<\/a><\/div>\n\n\n\n<div class=\"wp-block-file\"><a id=\"wp-block-file--media-99387531-2fc6-437c-a13b-7b132ec166a2\" href=\"https:\/\/jundiai.sp.gov.br\/saude\/wp-content\/uploads\/sites\/17\/2024\/09\/orienta__o-nutricional-para-gestante-com-diabetes.pdf\" target=\"_blank\" rel=\"noreferrer noopener\">Orienta\u00e7\u00e3o Nutricional \u2013 Diabetes na Gesta\u00e7\u00e3o<\/a><a href=\"https:\/\/jundiai.sp.gov.br\/saude\/wp-content\/uploads\/sites\/17\/2024\/09\/orienta__o-nutricional-para-gestante-com-diabetes.pdf\" class=\"wp-block-file__button wp-element-button\" download aria-describedby=\"wp-block-file--media-99387531-2fc6-437c-a13b-7b132ec166a2\">Baixar<\/a><\/div>\n\n\n\n<div class=\"wp-block-file\"><a id=\"wp-block-file--media-ed6de3ce-0ecd-4e1a-8ca7-1a6780be1a17\" href=\"https:\/\/jundiai.sp.gov.br\/saude\/wp-content\/uploads\/sites\/17\/2024\/09\/orienta__o-nutricional-_cido-_rico.pdf\" target=\"_blank\" rel=\"noreferrer noopener\">Orienta\u00e7\u00e3o Nutricional: Hiperuricemia (\u00c1cido \u00darico)<\/a><a href=\"https:\/\/jundiai.sp.gov.br\/saude\/wp-content\/uploads\/sites\/17\/2024\/09\/orienta__o-nutricional-_cido-_rico.pdf\" class=\"wp-block-file__button wp-element-button\" download aria-describedby=\"wp-block-file--media-ed6de3ce-0ecd-4e1a-8ca7-1a6780be1a17\">Baixar<\/a><\/div>\n\n\n\n<div class=\"wp-block-file\"><a id=\"wp-block-file--media-9a1d3f0c-7d0c-4be5-9315-31bae72822ff\" href=\"https:\/\/jundiai.sp.gov.br\/saude\/wp-content\/uploads\/sites\/17\/2025\/05\/orientac_a_o_nutricional_dengue.pdf\" target=\"_blank\" rel=\"noreferrer noopener\">Orienta\u00e7\u00e3o Nutricional: Dengue<\/a><a href=\"https:\/\/jundiai.sp.gov.br\/saude\/wp-content\/uploads\/sites\/17\/2025\/05\/orientac_a_o_nutricional_dengue.pdf\" class=\"wp-block-file__button wp-element-button\" download aria-describedby=\"wp-block-file--media-9a1d3f0c-7d0c-4be5-9315-31bae72822ff\">Baixar<\/a><\/div>\n\n\n\n<div class=\"wp-block-file\"><a id=\"wp-block-file--media-1b8b68ce-4989-4778-b99e-8ce0bce3d22f\" href=\"https:\/\/jundiai.sp.gov.br\/saude\/wp-content\/uploads\/sites\/17\/2025\/06\/protocolo-nutri__o-_site_.pdf\" target=\"_blank\" rel=\"noreferrer noopener\">Protocolo de Acesso Nutri\u00e7\u00e3o Aten\u00e7\u00e3o B\u00e1sica e Aten\u00e7\u00e3o Especializada<\/a><a href=\"https:\/\/jundiai.sp.gov.br\/saude\/wp-content\/uploads\/sites\/17\/2025\/06\/protocolo-nutri__o-_site_.pdf\" class=\"wp-block-file__button wp-element-button\" download aria-describedby=\"wp-block-file--media-1b8b68ce-4989-4778-b99e-8ce0bce3d22f\">Baixar<\/a><\/div>\n\n\n\n<div class=\"wp-block-file\"><a id=\"wp-block-file--media-92f14b59-14e1-441a-baa9-f64dd8eb6a9d\" href=\"https:\/\/jundiai.sp.gov.br\/saude\/wp-content\/uploads\/sites\/17\/2025\/06\/protocolo-pccn-_site_.pdf\" target=\"_blank\" rel=\"noreferrer noopener\">Protocolo de Acesso PCCN<\/a><a href=\"https:\/\/jundiai.sp.gov.br\/saude\/wp-content\/uploads\/sites\/17\/2025\/06\/protocolo-pccn-_site_.pdf\" class=\"wp-block-file__button wp-element-button\" download aria-describedby=\"wp-block-file--media-92f14b59-14e1-441a-baa9-f64dd8eb6a9d\">Baixar<\/a><\/div>\n\n\n\n<div class=\"wp-block-file\"><a id=\"wp-block-file--media-274d3756-fb03-4944-9e3e-37056264c3e8\" href=\"https:\/\/jundiai.sp.gov.br\/saude\/wp-content\/uploads\/sites\/17\/2025\/09\/protocolo-terapia-nutricional.pdf\" target=\"_blank\" rel=\"noreferrer noopener\">Protocolo de Terapia Nutricional<\/a><a href=\"https:\/\/jundiai.sp.gov.br\/saude\/wp-content\/uploads\/sites\/17\/2025\/09\/protocolo-terapia-nutricional.pdf\" class=\"wp-block-file__button wp-element-button\" download aria-describedby=\"wp-block-file--media-274d3756-fb03-4944-9e3e-37056264c3e8\">Baixar<\/a><\/div>\n","protected":false},"excerpt":{"rendered":"","protected":false},"author":117,"featured_media":0,"parent":4808,"menu_order":0,"comment_status":"closed","ping_status":"closed","template":"","meta":{"footnotes":""},"class_list":["post-5862","page","type-page","status-publish","hentry"],"_links":{"self":[{"href":"https:\/\/jundiai.sp.gov.br\/saude\/wp-json\/wp\/v2\/pages\/5862","targetHints":{"allow":["GET"]}}],"collection":[{"href":"https:\/\/jundiai.sp.gov.br\/saude\/wp-json\/wp\/v2\/pages"}],"about":[{"href":"https:\/\/jundiai.sp.gov.br\/saude\/wp-json\/wp\/v2\/types\/page"}],"author":[{"embeddable":true,"href":"https:\/\/jundiai.sp.gov.br\/saude\/wp-json\/wp\/v2\/users\/117"}],"replies":[{"embeddable":true,"href":"https:\/\/jundiai.sp.gov.br\/saude\/wp-json\/wp\/v2\/comments?post=5862"}],"version-history":[{"count":9,"href":"https:\/\/jundiai.sp.gov.br\/saude\/wp-json\/wp\/v2\/pages\/5862\/revisions"}],"predecessor-version":[{"id":6687,"href":"https:\/\/jundiai.sp.gov.br\/saude\/wp-json\/wp\/v2\/pages\/5862\/revisions\/6687"}],"up":[{"embeddable":true,"href":"https:\/\/jundiai.sp.gov.br\/saude\/wp-json\/wp\/v2\/pages\/4808"}],"wp:attachment":[{"href":"https:\/\/jundiai.sp.gov.br\/saude\/wp-json\/wp\/v2\/media?parent=5862"}],"curies":[{"name":"wp","href":"https:\/\/api.w.org\/{rel}","templated":true}]}}