{"id":6,"date":"2014-08-13T19:38:22","date_gmt":"2014-08-13T22:38:22","guid":{"rendered":"https:\/\/jundiai.sp.gov.br\/saude\/?page_id=6"},"modified":"2026-02-10T14:54:58","modified_gmt":"2026-02-10T17:54:58","slug":"promocao-da-saude","status":"publish","type":"page","link":"https:\/\/jundiai.sp.gov.br\/saude\/","title":{"rendered":"Promo\u00e7\u00e3o da Sa\u00fade"},"content":{"rendered":"\n<p><strong>A Secretaria Municipal de Promo\u00e7\u00e3o da Sa\u00fade tem por finalidade coordenar as a\u00e7\u00f5es e pol\u00edticas de preven\u00e7\u00e3o e promo\u00e7\u00e3o da sa\u00fade no Munic\u00edpio, suportada pela seguinte estrutura org\u00e2nica b\u00e1sica:<\/strong><\/p>\n\n\n\n<ul class=\"wp-block-list\">\n<li>Coordenadoria Executiva e Promo\u00e7\u00e3o da Sa\u00fade;<\/li>\n\n\n\n<li>Departamento de Planejamento, Gest\u00e3o e Finan\u00e7as;<\/li>\n\n\n\n<li>Departamento de Regula\u00e7\u00e3o da Sa\u00fade;<\/li>\n\n\n\n<li>Departamento Financeiro;<\/li>\n\n\n\n<li>Departamento de Vigil\u00e2ncia em Sa\u00fade;<\/li>\n\n\n\n<li>Departamento de Aten\u00e7\u00e3o B\u00e1sica \u00e0 Sa\u00fade;<\/li>\n\n\n\n<li>Departamento de Aten\u00e7\u00e3o Ambulatorial e Hospitalar.<\/li>\n<\/ul>\n\n\n\n<p>Atuam por coordena\u00e7\u00e3o administrativa a Secretaria Municipa<strong>l<\/strong> de Promo\u00e7\u00e3o da Sa\u00fade e a <a href=\"http:\/\/fmj.br\/\" target=\"_blank\" rel=\"noopener noreferrer\">Faculdade de Medicina de Jundia\u00ed (FMJ)<\/a>.<\/p>\n\n\n\n<h2 class=\"wp-block-heading\">Contatos<\/h2>\n\n\n\n<p><strong>Rede de Atendimento<\/strong><br>\n<strong><a href=\"https:\/\/jundiai.sp.gov.br\/saude\/rede-de-atendimento\/rede-completa-de-atendimento\/\">Unidades B\u00e1sicas de Atendimento (UBSs) e Cl\u00ednicas da Fam\u00edlia<\/a>&nbsp;<\/strong><\/p>\n\n\n\n<p><strong>Gabinete da Secret\u00e1ria de Promo\u00e7\u00e3o da Sa\u00fade<\/strong><br> Pa\u00e7o Municipal &#8211; 2\u00ba andar &#8211; Ala Norte<br> Telefones: (11) 4589-8795\/ 8796<br> E-mail: <a href=\"mailto:smsgs@jundiai.sp.gov.br\">smsgs@jundiai.sp.gov.br<\/a><\/p>\n\n\n\n<p><strong>Ouvidoria SUS<\/strong><br> Pa\u00e7o Municipal &#8211; T\u00e9rreo &#8211; Ala Norte<br> <span style=\"font-weight: 400;\">E-mail: <a href=\"mailto:ouvidoriasus@jundiai.sp.gov.br\">ouvidoriasus@jundiai.sp.gov.br<\/a><\/span><\/p>\n\n\n\n<p><strong>Coordenadoria Executiva e Promo\u00e7\u00e3o da Sa\u00fade<\/strong><br>\nPa\u00e7o Municipal &#8211; 2\u00ba andar &#8211; Ala Norte<br>\nTelefones: (11) 4589-8795\/ 8796<\/p>\n\n\n\n<p><strong>Departamento de Planejamento, Gest\u00e3o e Finan\u00e7as<\/strong><br>\nPa\u00e7o Municipal &#8211; 2\u00ba andar &#8211; Ala Norte<br>\nTelefone: (11) 4589-8801 <span style=\"font-weight: 400;\">\/<\/span><span style=\"font-weight: 400;\">&nbsp;<\/span><span style=\"font-weight: 400;\">8812<\/span><\/p>\n\n\n\n<p><strong>Departamento de Regula\u00e7\u00e3o da Sa\u00fade<\/strong><br>\nPa\u00e7o Municipal &#8211; 2\u00ba andar &#8211; Ala Norte<br>\nTelefone: (11) 4589-8811 <span style=\"font-weight: 400;\">\/ 8889<\/span><\/p>\n\n\n\n<p><strong>Departamento Financeiro<\/strong><br>\nPa\u00e7o Municipal &#8211; 2\u00ba andar &#8211; Ala Norte<br>\nTelefones: (11) 4589-8797\/ 8816<\/p>\n\n\n\n<p><strong>Departamento de Vigil\u00e2ncia em Sa\u00fade<\/strong><br>\nRua Marechal Deodoro da Fonseca, 964 &#8211; 3\u00ba andar, Centro<br>\nTelefones: (11) 4589-6675 \/ 4589-6679<\/p>\n\n\n\n<p><strong>Departamento de Aten\u00e7\u00e3o B\u00e1sica \u00e0 Sa\u00fade<\/strong><br>\nRua Marechal Deodoro da Fonseca, n\u00ba 836, 3\u00ba andar &#8211; Centro<br>\nTelefones: <span style=\"font-weight: 400;\">(11)&nbsp;<\/span><span style=\"font-weight: 400;\">4431-6521<\/span><span style=\"font-weight: 400;\">\/ 6510<\/span><\/p>\n\n\n\n<p><strong>Departamento de Aten\u00e7\u00e3o Ambulatorial e Hospitalar<br><\/strong>Rua Marechal Deodoro da Fonseca, n\u00ba 836, 3\u00ba andar &#8211; Centro<br>Telefones: (11) 4589-9330<\/p>\n","protected":false},"excerpt":{"rendered":"<p>A Secretaria Municipal de Promo\u00e7\u00e3o da Sa\u00fade tem por finalidade coordenar as a\u00e7\u00f5es e pol\u00edticas de preven\u00e7\u00e3o e promo\u00e7\u00e3o da sa\u00fade no Munic\u00edpio, suportada pela seguinte estrutura org\u00e2nica b\u00e1sica: Atuam por coordena\u00e7\u00e3o administrativa a Secretaria Municipal de Promo\u00e7\u00e3o da Sa\u00fade e a Faculdade de Medicina de Jundia\u00ed (FMJ). Contatos Rede de Atendimento Unidades B\u00e1sicas de [&hellip;]<\/p>\n","protected":false},"author":8,"featured_media":0,"parent":0,"menu_order":0,"comment_status":"open","ping_status":"closed","template":"page-subpaginas.php","meta":{"footnotes":""},"class_list":["post-6","page","type-page","status-publish","hentry"],"_links":{"self":[{"href":"https:\/\/jundiai.sp.gov.br\/saude\/wp-json\/wp\/v2\/pages\/6","targetHints":{"allow":["GET"]}}],"collection":[{"href":"https:\/\/jundiai.sp.gov.br\/saude\/wp-json\/wp\/v2\/pages"}],"about":[{"href":"https:\/\/jundiai.sp.gov.br\/saude\/wp-json\/wp\/v2\/types\/page"}],"author":[{"embeddable":true,"href":"https:\/\/jundiai.sp.gov.br\/saude\/wp-json\/wp\/v2\/users\/8"}],"replies":[{"embeddable":true,"href":"https:\/\/jundiai.sp.gov.br\/saude\/wp-json\/wp\/v2\/comments?post=6"}],"version-history":[{"count":38,"href":"https:\/\/jundiai.sp.gov.br\/saude\/wp-json\/wp\/v2\/pages\/6\/revisions"}],"predecessor-version":[{"id":6860,"href":"https:\/\/jundiai.sp.gov.br\/saude\/wp-json\/wp\/v2\/pages\/6\/revisions\/6860"}],"wp:attachment":[{"href":"https:\/\/jundiai.sp.gov.br\/saude\/wp-json\/wp\/v2\/media?parent=6"}],"curies":[{"name":"wp","href":"https:\/\/api.w.org\/{rel}","templated":true}]}}