{"id":6104,"date":"2024-12-13T09:30:20","date_gmt":"2024-12-13T12:30:20","guid":{"rendered":"https:\/\/jundiai.sp.gov.br\/saude\/?page_id=6104"},"modified":"2024-12-13T09:30:20","modified_gmt":"2024-12-13T12:30:20","slug":"solicitacao-de-atividade-de-extensao","status":"publish","type":"page","link":"https:\/\/jundiai.sp.gov.br\/saude\/solicitacao-de-atividade-de-extensao\/","title":{"rendered":"Solicita\u00e7\u00e3o de atividade de extens\u00e3o"},"content":{"rendered":"\n<p><a href=\"https:\/\/docs.google.com\/forms\/d\/e\/1FAIpQLSePUDhT4SvHjcsaqmjhXSWFnDkLt45ZVCcPEQIRbkN66MYn6g\/viewform\">Formul\u00e1rio de Solicita\u00e7\u00e3o de autoriza\u00e7\u00e3o para atividade de extens\u00e3o<\/a><\/p>\n","protected":false},"excerpt":{"rendered":"<p>Formul\u00e1rio de Solicita\u00e7\u00e3o de autoriza\u00e7\u00e3o para atividade de extens\u00e3o<\/p>\n","protected":false},"author":112,"featured_media":0,"parent":0,"menu_order":0,"comment_status":"closed","ping_status":"closed","template":"","meta":{"footnotes":""},"class_list":["post-6104","page","type-page","status-publish","hentry"],"_links":{"self":[{"href":"https:\/\/jundiai.sp.gov.br\/saude\/wp-json\/wp\/v2\/pages\/6104","targetHints":{"allow":["GET"]}}],"collection":[{"href":"https:\/\/jundiai.sp.gov.br\/saude\/wp-json\/wp\/v2\/pages"}],"about":[{"href":"https:\/\/jundiai.sp.gov.br\/saude\/wp-json\/wp\/v2\/types\/page"}],"author":[{"embeddable":true,"href":"https:\/\/jundiai.sp.gov.br\/saude\/wp-json\/wp\/v2\/users\/112"}],"replies":[{"embeddable":true,"href":"https:\/\/jundiai.sp.gov.br\/saude\/wp-json\/wp\/v2\/comments?post=6104"}],"version-history":[{"count":1,"href":"https:\/\/jundiai.sp.gov.br\/saude\/wp-json\/wp\/v2\/pages\/6104\/revisions"}],"predecessor-version":[{"id":6105,"href":"https:\/\/jundiai.sp.gov.br\/saude\/wp-json\/wp\/v2\/pages\/6104\/revisions\/6105"}],"wp:attachment":[{"href":"https:\/\/jundiai.sp.gov.br\/saude\/wp-json\/wp\/v2\/media?parent=6104"}],"curies":[{"name":"wp","href":"https:\/\/api.w.org\/{rel}","templated":true}]}}