{"id":6106,"date":"2024-12-13T09:31:01","date_gmt":"2024-12-13T12:31:01","guid":{"rendered":"https:\/\/jundiai.sp.gov.br\/saude\/?page_id=6106"},"modified":"2024-12-13T09:31:01","modified_gmt":"2024-12-13T12:31:01","slug":"solicitacao-de-visita-tecnica","status":"publish","type":"page","link":"https:\/\/jundiai.sp.gov.br\/saude\/solicitacao-de-visita-tecnica\/","title":{"rendered":"\u00a0Solicita\u00e7\u00e3o de visita t\u00e9cnica"},"content":{"rendered":"\n<p><a href=\"https:\/\/docs.google.com\/forms\/d\/e\/1FAIpQLSdTX8Tg7pR5Hny1Mp5Enw-8H2p_tOVJSqscVTFxRwAuWbduHQ\/viewform\" target=\"_blank\" rel=\"noreferrer noopener\">Formul\u00e1rio de solicita\u00e7\u00e3o de visita t\u00e9cnica a Rede de Sa\u00fade de Jundia\u00ed<\/a><\/p>\n","protected":false},"excerpt":{"rendered":"<p>Formul\u00e1rio de solicita\u00e7\u00e3o de visita t\u00e9cnica a Rede de Sa\u00fade de Jundia\u00ed<\/p>\n","protected":false},"author":112,"featured_media":0,"parent":0,"menu_order":0,"comment_status":"closed","ping_status":"closed","template":"","meta":{"footnotes":""},"class_list":["post-6106","page","type-page","status-publish","hentry"],"_links":{"self":[{"href":"https:\/\/jundiai.sp.gov.br\/saude\/wp-json\/wp\/v2\/pages\/6106","targetHints":{"allow":["GET"]}}],"collection":[{"href":"https:\/\/jundiai.sp.gov.br\/saude\/wp-json\/wp\/v2\/pages"}],"about":[{"href":"https:\/\/jundiai.sp.gov.br\/saude\/wp-json\/wp\/v2\/types\/page"}],"author":[{"embeddable":true,"href":"https:\/\/jundiai.sp.gov.br\/saude\/wp-json\/wp\/v2\/users\/112"}],"replies":[{"embeddable":true,"href":"https:\/\/jundiai.sp.gov.br\/saude\/wp-json\/wp\/v2\/comments?post=6106"}],"version-history":[{"count":1,"href":"https:\/\/jundiai.sp.gov.br\/saude\/wp-json\/wp\/v2\/pages\/6106\/revisions"}],"predecessor-version":[{"id":6107,"href":"https:\/\/jundiai.sp.gov.br\/saude\/wp-json\/wp\/v2\/pages\/6106\/revisions\/6107"}],"wp:attachment":[{"href":"https:\/\/jundiai.sp.gov.br\/saude\/wp-json\/wp\/v2\/media?parent=6106"}],"curies":[{"name":"wp","href":"https:\/\/api.w.org\/{rel}","templated":true}]}}