{"id":6134,"date":"2025-01-09T08:50:00","date_gmt":"2025-01-09T11:50:00","guid":{"rendered":"https:\/\/jundiai.sp.gov.br\/saude\/?page_id=6134"},"modified":"2025-12-09T10:18:21","modified_gmt":"2025-12-09T13:18:21","slug":"revista-digital-desencapsulando","status":"publish","type":"page","link":"https:\/\/jundiai.sp.gov.br\/saude\/revista-digital-desencapsulando\/","title":{"rendered":"Revista Digital DESencapsulando"},"content":{"rendered":"\n<h4 class=\"wp-block-heading\">Edi\u00e7\u00e3o 2025<\/h4>\n\n\n<div class=\"wp-block-image\">\n<figure class=\"aligncenter size-large is-resized\"><a href=\"https:\/\/jundiai.sp.gov.br\/saude\/wp-content\/uploads\/sites\/17\/2025\/12\/revista-desencapsulando_raps_2025.pdf\" target=\"_blank\" rel=\" noreferrer noopener\"><img loading=\"lazy\" decoding=\"async\" width=\"678\" height=\"960\" src=\"https:\/\/jundiai.sp.gov.br\/saude\/wp-content\/uploads\/sites\/17\/2025\/12\/revista-desencapsulando_raps_2025_pages-to-jpg-0001-678x960.jpg\" alt=\"\" class=\"wp-image-6776\" style=\"width:600px\" srcset=\"https:\/\/jundiai.sp.gov.br\/saude\/wp-content\/uploads\/sites\/17\/2025\/12\/revista-desencapsulando_raps_2025_pages-to-jpg-0001-678x960.jpg 678w, https:\/\/jundiai.sp.gov.br\/saude\/wp-content\/uploads\/sites\/17\/2025\/12\/revista-desencapsulando_raps_2025_pages-to-jpg-0001-300x425.jpg 300w, https:\/\/jundiai.sp.gov.br\/saude\/wp-content\/uploads\/sites\/17\/2025\/12\/revista-desencapsulando_raps_2025_pages-to-jpg-0001-768x1087.jpg 768w, https:\/\/jundiai.sp.gov.br\/saude\/wp-content\/uploads\/sites\/17\/2025\/12\/revista-desencapsulando_raps_2025_pages-to-jpg-0001-1085x1536.jpg 1085w, https:\/\/jundiai.sp.gov.br\/saude\/wp-content\/uploads\/sites\/17\/2025\/12\/revista-desencapsulando_raps_2025_pages-to-jpg-0001.jpg 1240w\" sizes=\"auto, (max-width: 678px) 100vw, 678px\" \/><\/a><\/figure>\n<\/div>\n\n\n<h4 class=\"wp-block-heading\">Edi\u00e7\u00e3o 2024<\/h4>\n\n\n<div class=\"wp-block-image\">\n<figure class=\"aligncenter size-full is-resized\"><a href=\"https:\/\/jundiai.sp.gov.br\/saude\/wp-content\/uploads\/sites\/17\/2025\/01\/anexo1-revista-desencapsulando_raps_2024-1.pdf\" target=\"_blank\" rel=\" noreferrer noopener\"><img loading=\"lazy\" decoding=\"async\" width=\"592\" height=\"789\" src=\"https:\/\/jundiai.sp.gov.br\/saude\/wp-content\/uploads\/sites\/17\/2025\/01\/anexo_2_capa.png\" alt=\"\" class=\"wp-image-6143\" style=\"width:600px\" srcset=\"https:\/\/jundiai.sp.gov.br\/saude\/wp-content\/uploads\/sites\/17\/2025\/01\/anexo_2_capa.png 592w, https:\/\/jundiai.sp.gov.br\/saude\/wp-content\/uploads\/sites\/17\/2025\/01\/anexo_2_capa-300x400.png 300w\" sizes=\"auto, (max-width: 592px) 100vw, 592px\" \/><\/a><\/figure>\n<\/div>","protected":false},"excerpt":{"rendered":"<p>Edi\u00e7\u00e3o 2025 Edi\u00e7\u00e3o 2024<\/p>\n","protected":false},"author":69,"featured_media":0,"parent":0,"menu_order":0,"comment_status":"closed","ping_status":"closed","template":"","meta":{"footnotes":""},"class_list":["post-6134","page","type-page","status-publish","hentry"],"_links":{"self":[{"href":"https:\/\/jundiai.sp.gov.br\/saude\/wp-json\/wp\/v2\/pages\/6134","targetHints":{"allow":["GET"]}}],"collection":[{"href":"https:\/\/jundiai.sp.gov.br\/saude\/wp-json\/wp\/v2\/pages"}],"about":[{"href":"https:\/\/jundiai.sp.gov.br\/saude\/wp-json\/wp\/v2\/types\/page"}],"author":[{"embeddable":true,"href":"https:\/\/jundiai.sp.gov.br\/saude\/wp-json\/wp\/v2\/users\/69"}],"replies":[{"embeddable":true,"href":"https:\/\/jundiai.sp.gov.br\/saude\/wp-json\/wp\/v2\/comments?post=6134"}],"version-history":[{"count":5,"href":"https:\/\/jundiai.sp.gov.br\/saude\/wp-json\/wp\/v2\/pages\/6134\/revisions"}],"predecessor-version":[{"id":6780,"href":"https:\/\/jundiai.sp.gov.br\/saude\/wp-json\/wp\/v2\/pages\/6134\/revisions\/6780"}],"wp:attachment":[{"href":"https:\/\/jundiai.sp.gov.br\/saude\/wp-json\/wp\/v2\/media?parent=6134"}],"curies":[{"name":"wp","href":"https:\/\/api.w.org\/{rel}","templated":true}]}}