{"id":6453,"date":"2025-06-10T09:26:44","date_gmt":"2025-06-10T12:26:44","guid":{"rendered":"https:\/\/jundiai.sp.gov.br\/saude\/?page_id=6453"},"modified":"2026-03-11T10:18:53","modified_gmt":"2026-03-11T13:18:53","slug":"boletim-e-informe-tecnico-epidemiologico","status":"publish","type":"page","link":"https:\/\/jundiai.sp.gov.br\/saude\/vigilancia-epidemiologica\/boletim-e-informe-tecnico-epidemiologico\/","title":{"rendered":"Boletim e Informe T\u00e9cnico Epidemiol\u00f3gico"},"content":{"rendered":"\n<div data-wp-interactive=\"core\/file\" class=\"wp-block-file\"><object data-wp-bind--hidden=\"!state.hasPdfPreview\" hidden class=\"wp-block-file__embed\" data=\"https:\/\/jundiai.sp.gov.br\/saude\/wp-content\/uploads\/sites\/17\/2026\/03\/boletim-epidemiologico-mpox-2026.pdf\" type=\"application\/pdf\" style=\"width:100%;height:740px\" aria-label=\"Incorporado de Boletim Epidemiol\u00f3gico - MPOX - Mar\u00e7o\/2026.\"><\/object><a id=\"wp-block-file--media-7efb5536-5db7-417c-b03e-adb967bbb143\" href=\"https:\/\/jundiai.sp.gov.br\/saude\/wp-content\/uploads\/sites\/17\/2026\/03\/boletim-epidemiologico-mpox-2026.pdf\" target=\"_blank\" rel=\"noreferrer noopener\">Boletim Epidemiol\u00f3gico &#8211; MPOX &#8211; Mar\u00e7o\/2026<\/a><a href=\"https:\/\/jundiai.sp.gov.br\/saude\/wp-content\/uploads\/sites\/17\/2026\/03\/boletim-epidemiologico-mpox-2026.pdf\" class=\"wp-block-file__button wp-element-button\" download aria-describedby=\"wp-block-file--media-7efb5536-5db7-417c-b03e-adb967bbb143\">Baixar<\/a><\/div>\n\n\n\n<div style=\"height:100px\" aria-hidden=\"true\" class=\"wp-block-spacer\"><\/div>\n\n\n\n<div data-wp-interactive=\"core\/file\" class=\"wp-block-file\"><object data-wp-bind--hidden=\"!state.hasPdfPreview\" hidden class=\"wp-block-file__embed\" data=\"https:\/\/jundiai.sp.gov.br\/saude\/wp-content\/uploads\/sites\/17\/2026\/01\/alerta-sarampo_docx.pdf\" type=\"application\/pdf\" style=\"width:100%;height:600px\" aria-label=\"Incorporado de Alerta Epidemiol\u00f3gico - Sarampo.\"><\/object><a id=\"wp-block-file--media-012a4382-e3b9-4b39-bd6e-a7eeb2d82a8b\" href=\"https:\/\/jundiai.sp.gov.br\/saude\/wp-content\/uploads\/sites\/17\/2026\/01\/alerta-sarampo_docx.pdf\" target=\"_blank\" rel=\"noreferrer noopener\">Alerta Epidemiol\u00f3gico &#8211; Sarampo<\/a><a href=\"https:\/\/jundiai.sp.gov.br\/saude\/wp-content\/uploads\/sites\/17\/2026\/01\/alerta-sarampo_docx.pdf\" class=\"wp-block-file__button wp-element-button\" download aria-describedby=\"wp-block-file--media-012a4382-e3b9-4b39-bd6e-a7eeb2d82a8b\">Baixar<\/a><\/div>\n\n\n\n<div style=\"height:100px\" aria-hidden=\"true\" class=\"wp-block-spacer\"><\/div>\n\n\n\n<div data-wp-interactive=\"core\/file\" class=\"wp-block-file\"><object data-wp-bind--hidden=\"!state.hasPdfPreview\" hidden class=\"wp-block-file__embed\" data=\"https:\/\/jundiai.sp.gov.br\/saude\/wp-content\/uploads\/sites\/17\/2025\/10\/be-iiintoxica__o-por-metanol_docx.pdf\" type=\"application\/pdf\" style=\"width:100%;height:600px\" aria-label=\"Incorporado de Informe Epidemiol\u00f3gico II - Intoxica\u00e7\u00e3o Ex\u00f3gena por Metanol.\"><\/object><a id=\"wp-block-file--media-1efc6e02-2b65-4c19-8498-280e5f0aa45b\" href=\"https:\/\/jundiai.sp.gov.br\/saude\/wp-content\/uploads\/sites\/17\/2025\/10\/be-iiintoxica__o-por-metanol_docx.pdf\" target=\"_blank\" rel=\"noreferrer noopener\">Informe Epidemiol\u00f3gico II &#8211; Intoxica\u00e7\u00e3o Ex\u00f3gena por Metanol<\/a><a href=\"https:\/\/jundiai.sp.gov.br\/saude\/wp-content\/uploads\/sites\/17\/2025\/10\/be-iiintoxica__o-por-metanol_docx.pdf\" class=\"wp-block-file__button wp-element-button\" download aria-describedby=\"wp-block-file--media-1efc6e02-2b65-4c19-8498-280e5f0aa45b\">Baixar<\/a><\/div>\n\n\n\n<div style=\"height:100px\" aria-hidden=\"true\" class=\"wp-block-spacer\"><\/div>\n\n\n\n<div data-wp-interactive=\"core\/file\" class=\"wp-block-file\"><object data-wp-bind--hidden=\"!state.hasPdfPreview\" hidden class=\"wp-block-file__embed\" data=\"https:\/\/jundiai.sp.gov.br\/saude\/wp-content\/uploads\/sites\/17\/2025\/09\/alerta-epidemiol_gico-set-2025_docx-_1_.pdf\" type=\"application\/pdf\" style=\"width:100%;height:600px\" aria-label=\"Incorporado de Alerta Epidemiol\u00f3gico - Setembro 2025.\"><\/object><a id=\"wp-block-file--media-43efb82a-fb07-4557-ae99-68c10f1f81ac\" href=\"https:\/\/jundiai.sp.gov.br\/saude\/wp-content\/uploads\/sites\/17\/2025\/09\/alerta-epidemiol_gico-set-2025_docx-_1_.pdf\">Alerta Epidemiol\u00f3gico &#8211; Setembro 2025<\/a><a href=\"https:\/\/jundiai.sp.gov.br\/saude\/wp-content\/uploads\/sites\/17\/2025\/09\/alerta-epidemiol_gico-set-2025_docx-_1_.pdf\" class=\"wp-block-file__button wp-element-button\" download aria-describedby=\"wp-block-file--media-43efb82a-fb07-4557-ae99-68c10f1f81ac\">Baixar<\/a><\/div>\n\n\n\n<div style=\"height:100px\" aria-hidden=\"true\" class=\"wp-block-spacer\"><\/div>\n\n\n\n<div data-wp-interactive=\"core\/file\" class=\"wp-block-file\"><object data-wp-bind--hidden=\"!state.hasPdfPreview\" hidden class=\"wp-block-file__embed\" data=\"https:\/\/jundiai.sp.gov.br\/saude\/wp-content\/uploads\/sites\/17\/2025\/09\/be-escarlatina-set-2025-_2_.pdf\" type=\"application\/pdf\" style=\"width:100%;height:600px\" aria-label=\"Incorporado de Informe T\u00e9cnico - ESCARLATINA.\"><\/object><a id=\"wp-block-file--media-63c936af-faf1-423a-a04d-828ead5c5247\" href=\"https:\/\/jundiai.sp.gov.br\/saude\/wp-content\/uploads\/sites\/17\/2025\/09\/be-escarlatina-set-2025-_2_.pdf\">Informe T\u00e9cnico &#8211; ESCARLATINA<\/a><a href=\"https:\/\/jundiai.sp.gov.br\/saude\/wp-content\/uploads\/sites\/17\/2025\/09\/be-escarlatina-set-2025-_2_.pdf\" class=\"wp-block-file__button wp-element-button\" download aria-describedby=\"wp-block-file--media-63c936af-faf1-423a-a04d-828ead5c5247\">Baixar<\/a><\/div>\n\n\n\n<div style=\"height:100px\" aria-hidden=\"true\" class=\"wp-block-spacer\"><\/div>\n\n\n\n<div data-wp-interactive=\"core\/file\" class=\"wp-block-file\"><object data-wp-bind--hidden=\"!state.hasPdfPreview\" hidden class=\"wp-block-file__embed\" data=\"https:\/\/jundiai.sp.gov.br\/saude\/wp-content\/uploads\/sites\/17\/2025\/09\/boletim-2_-quadrimestre.pdf\" type=\"application\/pdf\" style=\"width:100%;height:600px\" aria-label=\"Incorporado de Boletim Epidemiol\u00f3gico Quadrimestral - Maio a Agosto de 2025.\"><\/object><a id=\"wp-block-file--media-40bf5d69-3696-48d3-a6f5-4c749842f991\" href=\"https:\/\/jundiai.sp.gov.br\/saude\/wp-content\/uploads\/sites\/17\/2025\/09\/boletim-2_-quadrimestre.pdf\">Boletim Epidemiol\u00f3gico Quadrimestral &#8211; Maio a Agosto de 2025<\/a><a href=\"https:\/\/jundiai.sp.gov.br\/saude\/wp-content\/uploads\/sites\/17\/2025\/09\/boletim-2_-quadrimestre.pdf\" class=\"wp-block-file__button wp-element-button\" download aria-describedby=\"wp-block-file--media-40bf5d69-3696-48d3-a6f5-4c749842f991\">Baixar<\/a><\/div>\n\n\n\n<div style=\"height:100px\" aria-hidden=\"true\" class=\"wp-block-spacer\"><\/div>\n\n\n\n<div data-wp-interactive=\"core\/file\" class=\"wp-block-file\"><object data-wp-bind--hidden=\"!state.hasPdfPreview\" hidden class=\"wp-block-file__embed\" data=\"https:\/\/jundiai.sp.gov.br\/saude\/wp-content\/uploads\/sites\/17\/2025\/09\/eritema-infeccioso-parvovirose-set-2025_docx.pdf\" type=\"application\/pdf\" style=\"width:100%;height:600px\" aria-label=\"Incorporado de INFORME T\u00c9CNICO - ERITEMA INFECCIOSO (PARVOVIROSE B19).\"><\/object><a id=\"wp-block-file--media-39cb1f4d-1d07-4c19-8f0a-e8487ee91ba2\" href=\"https:\/\/jundiai.sp.gov.br\/saude\/wp-content\/uploads\/sites\/17\/2025\/09\/eritema-infeccioso-parvovirose-set-2025_docx.pdf\">INFORME T\u00c9CNICO &#8211; ERITEMA INFECCIOSO (PARVOVIROSE B19)<\/a><a href=\"https:\/\/jundiai.sp.gov.br\/saude\/wp-content\/uploads\/sites\/17\/2025\/09\/eritema-infeccioso-parvovirose-set-2025_docx.pdf\" class=\"wp-block-file__button wp-element-button\" download aria-describedby=\"wp-block-file--media-39cb1f4d-1d07-4c19-8f0a-e8487ee91ba2\">Baixar<\/a><\/div>\n\n\n\n<div style=\"height:100px\" aria-hidden=\"true\" class=\"wp-block-spacer\"><\/div>\n\n\n\n<div data-wp-interactive=\"core\/file\" class=\"wp-block-file\"><object data-wp-bind--hidden=\"!state.hasPdfPreview\" hidden class=\"wp-block-file__embed\" data=\"https:\/\/jundiai.sp.gov.br\/saude\/wp-content\/uploads\/sites\/17\/2025\/07\/hanseniase-julho-2025_docx.pdf\" type=\"application\/pdf\" style=\"width:100%;height:600px\" aria-label=\"Incorporado de Informe Epidemiol\u00f3gico - Hansen\u00edase.\"><\/object><a id=\"wp-block-file--media-aa3b7725-4ef7-4524-8f2f-4042f42252e6\" href=\"https:\/\/jundiai.sp.gov.br\/saude\/wp-content\/uploads\/sites\/17\/2025\/07\/hanseniase-julho-2025_docx.pdf\" target=\"_blank\" rel=\"noreferrer noopener\">Informe Epidemiol\u00f3gico &#8211; Hansen\u00edase<\/a><a href=\"https:\/\/jundiai.sp.gov.br\/saude\/wp-content\/uploads\/sites\/17\/2025\/07\/hanseniase-julho-2025_docx.pdf\" class=\"wp-block-file__button wp-element-button\" download aria-describedby=\"wp-block-file--media-aa3b7725-4ef7-4524-8f2f-4042f42252e6\">Baixar<\/a><\/div>\n\n\n\n<div style=\"height:100px\" aria-hidden=\"true\" class=\"wp-block-spacer\"><\/div>\n\n\n\n<div data-wp-interactive=\"core\/file\" class=\"wp-block-file\"><object data-wp-bind--hidden=\"!state.hasPdfPreview\" hidden class=\"wp-block-file__embed\" data=\"https:\/\/jundiai.sp.gov.br\/saude\/wp-content\/uploads\/sites\/17\/2025\/07\/febre-maculosa-julho-2025.pdf\" type=\"application\/pdf\" style=\"width:100%;height:600px\" aria-label=\"Incorporado de Informe Epidemiol\u00f3gico - Febre Maculosa.\"><\/object><a id=\"wp-block-file--media-086cf80d-ce96-49a1-b0cb-ea818e1c62cc\" href=\"https:\/\/jundiai.sp.gov.br\/saude\/wp-content\/uploads\/sites\/17\/2025\/07\/febre-maculosa-julho-2025.pdf\" target=\"_blank\" rel=\"noreferrer noopener\">Informe Epidemiol\u00f3gico &#8211; Febre Maculosa<\/a><a href=\"https:\/\/jundiai.sp.gov.br\/saude\/wp-content\/uploads\/sites\/17\/2025\/07\/febre-maculosa-julho-2025.pdf\" class=\"wp-block-file__button wp-element-button\" download aria-describedby=\"wp-block-file--media-086cf80d-ce96-49a1-b0cb-ea818e1c62cc\">Baixar<\/a><\/div>\n\n\n\n<div style=\"height:100px\" aria-hidden=\"true\" class=\"wp-block-spacer\"><\/div>\n\n\n\n<div data-wp-interactive=\"core\/file\" class=\"wp-block-file\"><object data-wp-bind--hidden=\"!state.hasPdfPreview\" hidden class=\"wp-block-file__embed\" data=\"https:\/\/jundiai.sp.gov.br\/saude\/wp-content\/uploads\/sites\/17\/2025\/06\/boletim-epidemiologico-meningite-junho.pdf\" type=\"application\/pdf\" style=\"width:100%;height:600px\" aria-label=\"Incorporado de Boletim Epidemiol\u00f3gico Meningite.\"><\/object><a id=\"wp-block-file--media-e6597ca6-53ee-47f1-976a-631e86722a12\" href=\"https:\/\/jundiai.sp.gov.br\/saude\/wp-content\/uploads\/sites\/17\/2025\/06\/boletim-epidemiologico-meningite-junho.pdf\" target=\"_blank\" rel=\"noreferrer noopener\">Boletim Epidemiol\u00f3gico Meningite<\/a><a href=\"https:\/\/jundiai.sp.gov.br\/saude\/wp-content\/uploads\/sites\/17\/2025\/06\/boletim-epidemiologico-meningite-junho.pdf\" class=\"wp-block-file__button wp-element-button\" download aria-describedby=\"wp-block-file--media-e6597ca6-53ee-47f1-976a-631e86722a12\">Baixar<\/a><\/div>\n\n\n\n<div style=\"height:100px\" aria-hidden=\"true\" class=\"wp-block-spacer\"><\/div>\n\n\n\n<div data-wp-interactive=\"core\/file\" class=\"wp-block-file\"><object data-wp-bind--hidden=\"!state.hasPdfPreview\" hidden class=\"wp-block-file__embed\" data=\"https:\/\/jundiai.sp.gov.br\/saude\/wp-content\/uploads\/sites\/17\/2025\/06\/boletim-epidemiol_gico-ve-janeiro-a-abril-2025.pdf\" type=\"application\/pdf\" style=\"width:100%;height:600px\" aria-label=\"Incorporado de Boletim Epidemiol\u00f3gico Quadrimestral - Janeiro a Abril de 2025.\"><\/object><a id=\"wp-block-file--media-8dfd0e4f-dcb9-42b9-9ddb-add82ccb1f54\" href=\"https:\/\/jundiai.sp.gov.br\/saude\/wp-content\/uploads\/sites\/17\/2025\/06\/boletim-epidemiol_gico-ve-janeiro-a-abril-2025.pdf\" target=\"_blank\" rel=\"noreferrer noopener\">Boletim Epidemiol\u00f3gico Quadrimestral &#8211; Janeiro a Abril de 2025<\/a><a href=\"https:\/\/jundiai.sp.gov.br\/saude\/wp-content\/uploads\/sites\/17\/2025\/06\/boletim-epidemiol_gico-ve-janeiro-a-abril-2025.pdf\" class=\"wp-block-file__button wp-element-button\" download aria-describedby=\"wp-block-file--media-8dfd0e4f-dcb9-42b9-9ddb-add82ccb1f54\">Baixar<\/a><\/div>\n\n\n\n<div style=\"height:100px\" aria-hidden=\"true\" class=\"wp-block-spacer\"><\/div>\n\n\n\n<div data-wp-interactive=\"core\/file\" class=\"wp-block-file\"><object data-wp-bind--hidden=\"!state.hasPdfPreview\" hidden class=\"wp-block-file__embed\" data=\"https:\/\/jundiai.sp.gov.br\/saude\/wp-content\/uploads\/sites\/17\/2025\/06\/faca-bonito-19-05-2025-1.pdf\" type=\"application\/pdf\" style=\"width:100%;height:600px\" aria-label=\"Incorporado de Fa\u00e7a Bonito - Proteja nossas crian\u00e7as e adolescentes.\"><\/object><a id=\"wp-block-file--media-611d51fd-326f-47cb-8655-573f1bfdb09a\" href=\"https:\/\/jundiai.sp.gov.br\/saude\/wp-content\/uploads\/sites\/17\/2025\/06\/faca-bonito-19-05-2025-1.pdf\" target=\"_blank\" rel=\"noreferrer noopener\">Fa\u00e7a Bonito &#8211; Proteja nossas crian\u00e7as e adolescentes<\/a><a href=\"https:\/\/jundiai.sp.gov.br\/saude\/wp-content\/uploads\/sites\/17\/2025\/06\/faca-bonito-19-05-2025-1.pdf\" class=\"wp-block-file__button wp-element-button\" download aria-describedby=\"wp-block-file--media-611d51fd-326f-47cb-8655-573f1bfdb09a\">Baixar<\/a><\/div>\n\n\n\n<div style=\"height:100px\" aria-hidden=\"true\" class=\"wp-block-spacer\"><\/div>\n\n\n\n<div data-wp-interactive=\"core\/file\" class=\"wp-block-file\"><object data-wp-bind--hidden=\"!state.hasPdfPreview\" hidden class=\"wp-block-file__embed\" data=\"https:\/\/jundiai.sp.gov.br\/saude\/wp-content\/uploads\/sites\/17\/2025\/06\/sindrome-pe-mao-boca-_-informe-maio-2025.pdf\" type=\"application\/pdf\" style=\"width:100%;height:600px\" aria-label=\"Incorporado de Informe Epidemiol\u00f3gico - S\u00edndrome-M\u00e3o-P\u00e9-Boca.\"><\/object><a id=\"wp-block-file--media-d7f028e4-6649-483b-a360-5b0e5e792129\" href=\"https:\/\/jundiai.sp.gov.br\/saude\/wp-content\/uploads\/sites\/17\/2025\/06\/sindrome-pe-mao-boca-_-informe-maio-2025.pdf\" target=\"_blank\" rel=\"noreferrer noopener\">Informe Epidemiol\u00f3gico &#8211; S\u00edndrome-M\u00e3o-P\u00e9-Boca<\/a><a href=\"https:\/\/jundiai.sp.gov.br\/saude\/wp-content\/uploads\/sites\/17\/2025\/06\/sindrome-pe-mao-boca-_-informe-maio-2025.pdf\" class=\"wp-block-file__button wp-element-button\" download aria-describedby=\"wp-block-file--media-d7f028e4-6649-483b-a360-5b0e5e792129\">Baixar<\/a><\/div>\n\n\n\n<p>.<\/p>\n","protected":false},"excerpt":{"rendered":"<p>.<\/p>\n","protected":false},"author":8,"featured_media":0,"parent":737,"menu_order":4,"comment_status":"closed","ping_status":"closed","template":"","meta":{"footnotes":""},"class_list":["post-6453","page","type-page","status-publish","hentry"],"_links":{"self":[{"href":"https:\/\/jundiai.sp.gov.br\/saude\/wp-json\/wp\/v2\/pages\/6453","targetHints":{"allow":["GET"]}}],"collection":[{"href":"https:\/\/jundiai.sp.gov.br\/saude\/wp-json\/wp\/v2\/pages"}],"about":[{"href":"https:\/\/jundiai.sp.gov.br\/saude\/wp-json\/wp\/v2\/types\/page"}],"author":[{"embeddable":true,"href":"https:\/\/jundiai.sp.gov.br\/saude\/wp-json\/wp\/v2\/users\/8"}],"replies":[{"embeddable":true,"href":"https:\/\/jundiai.sp.gov.br\/saude\/wp-json\/wp\/v2\/comments?post=6453"}],"version-history":[{"count":18,"href":"https:\/\/jundiai.sp.gov.br\/saude\/wp-json\/wp\/v2\/pages\/6453\/revisions"}],"predecessor-version":[{"id":6907,"href":"https:\/\/jundiai.sp.gov.br\/saude\/wp-json\/wp\/v2\/pages\/6453\/revisions\/6907"}],"up":[{"embeddable":true,"href":"https:\/\/jundiai.sp.gov.br\/saude\/wp-json\/wp\/v2\/pages\/737"}],"wp:attachment":[{"href":"https:\/\/jundiai.sp.gov.br\/saude\/wp-json\/wp\/v2\/media?parent=6453"}],"curies":[{"name":"wp","href":"https:\/\/api.w.org\/{rel}","templated":true}]}}