{"id":6742,"date":"2025-11-11T15:27:44","date_gmt":"2025-11-11T18:27:44","guid":{"rendered":"https:\/\/jundiai.sp.gov.br\/saude\/?page_id=6742"},"modified":"2025-11-12T17:41:26","modified_gmt":"2025-11-12T20:41:26","slug":"raiva","status":"publish","type":"page","link":"https:\/\/jundiai.sp.gov.br\/saude\/raiva\/","title":{"rendered":"Raiva"},"content":{"rendered":"\n<p><strong>O que \u00e9 a Raiva?<\/strong><br>A raiva \u00e9 uma doen\u00e7a grave e fatal que atinge animais e seres humanos. \u00c9 causada por um v\u00edrus que afeta<br>o sistema nervoso e pode ser transmitida pela saliva de animais infectados.<\/p>\n\n\n\n<p><strong>Como \u00e9 transmitida?<\/strong><br>A transmiss\u00e3o ocorre atrav\u00e9s de mordidas, arranh\u00f5es ou lambidas em feridas abertas. O v\u00edrus pode estar<br>presente na saliva de c\u00e3es, gatos, morcegos e outros mam\u00edferos.<\/p>\n\n\n\n<p><strong>Situa\u00e7\u00e3o Atual:<br><\/strong>Foi confirmado um caso de raiva em um felino (gato) em Jundia\u00ed. A Vigil\u00e2ncia em Sa\u00fade est\u00e1 realizando<br>todas as medidas necess\u00e1rias de investiga\u00e7\u00e3o e orienta\u00e7\u00e3o \u00e0 popula\u00e7\u00e3o.<\/p>\n\n\n\n<p><strong>Como se prevenir?<\/strong><br>\u2714 Vacine seus c\u00e3es e gatos todos os anos.<br>\u2714 N\u00e3o toque em animais desconhecidos ou silvestres.<br>\u2714 Evite contato com animais doentes ou agressivos.<br>\u2714 Procure o servi\u00e7o de sa\u00fade em caso de mordida, arranh\u00e3o ou lambida em ferida.<br>\u2714 Informe \u00e0 Vigil\u00e2ncia Sanit\u00e1ria sobre qualquer animal com comportamento suspeito.<\/p>\n\n\n\n<p><br><strong>O que fazer em caso de acidente?<br><\/strong>1. Lave o local imediatamente com bastante \u00e1gua e sab\u00e3o.<br>2. Procure uma Unidade de Sa\u00fade o mais r\u00e1pido poss\u00edvel.<br>3. Informe o ocorrido: esp\u00e9cie do animal, apar\u00eancia e local do acidente.<br>4. N\u00e3o mate o animal \u2014 ele deve ser observado por profissionais.<\/p>\n\n\n\n<p><br><strong>Importante:<br><\/strong>No momento, n\u00e3o h\u00e1 campanha de vacina\u00e7\u00e3o antirr\u00e1bica em andamento. A popula\u00e7\u00e3o ser\u00e1 informada<br>assim que novas a\u00e7\u00f5es forem programadas.<\/p>\n\n\n\n<p>\u25a0 D\u00favidas e informa\u00e7\u00f5es: Disque 156<\/p>\n\n\n\n<p><strong>Informe epidemiol\u00f3gico<\/strong>:<\/p>\n\n\n\n<p><a href=\"https:\/\/drive.google.com\/file\/d\/1QoBW1aiJFKI_ibjfwqKnDhRrmFBliL_M\/view\">Informe epidemiol\u00f3gico &#8211; 01<\/a><\/p>\n\n\n\n<p><strong>Materiais: <\/strong><\/p>\n\n\n\n<p><a href=\"https:\/\/jundiai.sp.gov.br\/saude\/wp-content\/uploads\/sites\/17\/2025\/11\/folder_caso_de_raiva_em_felino_pmj.pdf\">Informativo &#8211; 01<\/a><\/p>\n\n\n\n<p><\/p>\n","protected":false},"excerpt":{"rendered":"<p>O que \u00e9 a Raiva?A raiva \u00e9 uma doen\u00e7a grave e fatal que atinge animais e seres humanos. \u00c9 causada por um v\u00edrus que afetao sistema nervoso e pode ser transmitida pela saliva de animais infectados. Como \u00e9 transmitida?A transmiss\u00e3o ocorre atrav\u00e9s de mordidas, arranh\u00f5es ou lambidas em feridas abertas. O v\u00edrus pode estarpresente na [&hellip;]<\/p>\n","protected":false},"author":52,"featured_media":0,"parent":0,"menu_order":0,"comment_status":"closed","ping_status":"closed","template":"","meta":{"footnotes":""},"class_list":["post-6742","page","type-page","status-publish","hentry"],"_links":{"self":[{"href":"https:\/\/jundiai.sp.gov.br\/saude\/wp-json\/wp\/v2\/pages\/6742","targetHints":{"allow":["GET"]}}],"collection":[{"href":"https:\/\/jundiai.sp.gov.br\/saude\/wp-json\/wp\/v2\/pages"}],"about":[{"href":"https:\/\/jundiai.sp.gov.br\/saude\/wp-json\/wp\/v2\/types\/page"}],"author":[{"embeddable":true,"href":"https:\/\/jundiai.sp.gov.br\/saude\/wp-json\/wp\/v2\/users\/52"}],"replies":[{"embeddable":true,"href":"https:\/\/jundiai.sp.gov.br\/saude\/wp-json\/wp\/v2\/comments?post=6742"}],"version-history":[{"count":7,"href":"https:\/\/jundiai.sp.gov.br\/saude\/wp-json\/wp\/v2\/pages\/6742\/revisions"}],"predecessor-version":[{"id":6753,"href":"https:\/\/jundiai.sp.gov.br\/saude\/wp-json\/wp\/v2\/pages\/6742\/revisions\/6753"}],"wp:attachment":[{"href":"https:\/\/jundiai.sp.gov.br\/saude\/wp-json\/wp\/v2\/media?parent=6742"}],"curies":[{"name":"wp","href":"https:\/\/api.w.org\/{rel}","templated":true}]}}