{"id":6841,"date":"2026-01-08T16:19:09","date_gmt":"2026-01-08T19:19:09","guid":{"rendered":"https:\/\/jundiai.sp.gov.br\/saude\/?page_id=6841"},"modified":"2026-01-08T16:19:33","modified_gmt":"2026-01-08T19:19:33","slug":"eleicao-do-comus","status":"publish","type":"page","link":"https:\/\/jundiai.sp.gov.br\/saude\/conselho\/eleicao-do-comus\/","title":{"rendered":"Elei\u00e7\u00e3o do COMUS"},"content":{"rendered":"\n<p><a href=\"https:\/\/jundiai.sp.gov.br\/saude\/wp-content\/uploads\/sites\/17\/2026\/01\/regimento-eleitoral-bienio-2026-2028.pdf\">Regimento interno da elei\u00e7\u00e3o do Conselho Municipal de Sa\u00fade de Jundia\u00ed \u2013 COMUS &#8211; BI\u00caNIO 2026-2028<\/a><\/p>\n\n\n\n<p><a href=\"https:\/\/jundiai.sp.gov.br\/saude\/wp-content\/uploads\/sites\/17\/2026\/01\/ficha-de-inscricao.pdf\">Ficha de Inscri\u00e7\u00e3o.<\/a><\/p>\n","protected":false},"excerpt":{"rendered":"<p>Regimento interno da elei\u00e7\u00e3o do Conselho Municipal de Sa\u00fade de Jundia\u00ed \u2013 COMUS &#8211; BI\u00caNIO 2026-2028 Ficha de Inscri\u00e7\u00e3o.<\/p>\n","protected":false},"author":129,"featured_media":0,"parent":29,"menu_order":0,"comment_status":"closed","ping_status":"closed","template":"","meta":{"footnotes":""},"class_list":["post-6841","page","type-page","status-publish","hentry"],"_links":{"self":[{"href":"https:\/\/jundiai.sp.gov.br\/saude\/wp-json\/wp\/v2\/pages\/6841","targetHints":{"allow":["GET"]}}],"collection":[{"href":"https:\/\/jundiai.sp.gov.br\/saude\/wp-json\/wp\/v2\/pages"}],"about":[{"href":"https:\/\/jundiai.sp.gov.br\/saude\/wp-json\/wp\/v2\/types\/page"}],"author":[{"embeddable":true,"href":"https:\/\/jundiai.sp.gov.br\/saude\/wp-json\/wp\/v2\/users\/129"}],"replies":[{"embeddable":true,"href":"https:\/\/jundiai.sp.gov.br\/saude\/wp-json\/wp\/v2\/comments?post=6841"}],"version-history":[{"count":1,"href":"https:\/\/jundiai.sp.gov.br\/saude\/wp-json\/wp\/v2\/pages\/6841\/revisions"}],"predecessor-version":[{"id":6844,"href":"https:\/\/jundiai.sp.gov.br\/saude\/wp-json\/wp\/v2\/pages\/6841\/revisions\/6844"}],"up":[{"embeddable":true,"href":"https:\/\/jundiai.sp.gov.br\/saude\/wp-json\/wp\/v2\/pages\/29"}],"wp:attachment":[{"href":"https:\/\/jundiai.sp.gov.br\/saude\/wp-json\/wp\/v2\/media?parent=6841"}],"curies":[{"name":"wp","href":"https:\/\/api.w.org\/{rel}","templated":true}]}}