{"id":6969,"date":"2026-04-09T09:24:15","date_gmt":"2026-04-09T12:24:15","guid":{"rendered":"https:\/\/jundiai.sp.gov.br\/saude\/?page_id=6969"},"modified":"2026-04-09T09:29:11","modified_gmt":"2026-04-09T12:29:11","slug":"atas-2026","status":"publish","type":"page","link":"https:\/\/jundiai.sp.gov.br\/saude\/conselho\/atas-2026\/","title":{"rendered":"Atas 2026"},"content":{"rendered":"\n<div class=\"wp-block-columns is-layout-flex wp-container-core-columns-is-layout-9d6595d7 wp-block-columns-is-layout-flex\">\n<div class=\"wp-block-column is-layout-flow wp-block-column-is-layout-flow\">\n<p><strong>Reuni\u00f5es Ordin\u00e1rias <\/strong><\/p>\n\n\n\n<p><a href=\"https:\/\/jundiai.sp.gov.br\/saude\/wp-content\/uploads\/sites\/17\/2026\/04\/ata-257-assinada.pdf\">257\u00aa Reuni\u00e3o Ordin\u00e1ria do COMUS<\/a><\/p>\n\n\n\n<p><a href=\"https:\/\/jundiai.sp.gov.br\/saude\/wp-content\/uploads\/sites\/17\/2026\/04\/ata-256-assinada.pdf\">256\u00aa Reuni\u00e3o Ordin\u00e1ria do COMUS<\/a><\/p>\n\n\n\n<p><\/p>\n<\/div>\n\n\n\n<div class=\"wp-block-column is-layout-flow wp-block-column-is-layout-flow\">\n<p><strong>Reuni\u00f5es Extraordin\u00e1rias<\/strong><\/p>\n\n\n\n<p><\/p>\n\n\n\n<p><a href=\"https:\/\/jundiai.sp.gov.br\/saude\/wp-content\/uploads\/sites\/17\/2025\/06\/ata-92-runiao-extraordinaria-assinada.pdf\"><br><\/a><a href=\"https:\/\/jundiai.sp.gov.br\/saude\/wp-content\/uploads\/sites\/17\/2025\/03\/ata-89-assinada.pdf\"><br><\/a><\/p>\n<\/div>\n<\/div>\n","protected":false},"excerpt":{"rendered":"<p>Reuni\u00f5es Ordin\u00e1rias 257\u00aa Reuni\u00e3o Ordin\u00e1ria do COMUS 256\u00aa Reuni\u00e3o Ordin\u00e1ria do COMUS Reuni\u00f5es Extraordin\u00e1rias<\/p>\n","protected":false},"author":129,"featured_media":0,"parent":29,"menu_order":-3,"comment_status":"closed","ping_status":"closed","template":"","meta":{"footnotes":""},"class_list":["post-6969","page","type-page","status-publish","hentry"],"_links":{"self":[{"href":"https:\/\/jundiai.sp.gov.br\/saude\/wp-json\/wp\/v2\/pages\/6969","targetHints":{"allow":["GET"]}}],"collection":[{"href":"https:\/\/jundiai.sp.gov.br\/saude\/wp-json\/wp\/v2\/pages"}],"about":[{"href":"https:\/\/jundiai.sp.gov.br\/saude\/wp-json\/wp\/v2\/types\/page"}],"author":[{"embeddable":true,"href":"https:\/\/jundiai.sp.gov.br\/saude\/wp-json\/wp\/v2\/users\/129"}],"replies":[{"embeddable":true,"href":"https:\/\/jundiai.sp.gov.br\/saude\/wp-json\/wp\/v2\/comments?post=6969"}],"version-history":[{"count":3,"href":"https:\/\/jundiai.sp.gov.br\/saude\/wp-json\/wp\/v2\/pages\/6969\/revisions"}],"predecessor-version":[{"id":6975,"href":"https:\/\/jundiai.sp.gov.br\/saude\/wp-json\/wp\/v2\/pages\/6969\/revisions\/6975"}],"up":[{"embeddable":true,"href":"https:\/\/jundiai.sp.gov.br\/saude\/wp-json\/wp\/v2\/pages\/29"}],"wp:attachment":[{"href":"https:\/\/jundiai.sp.gov.br\/saude\/wp-json\/wp\/v2\/media?parent=6969"}],"curies":[{"name":"wp","href":"https:\/\/api.w.org\/{rel}","templated":true}]}}