{"id":7015,"date":"2026-05-05T14:51:02","date_gmt":"2026-05-05T17:51:02","guid":{"rendered":"https:\/\/jundiai.sp.gov.br\/saude\/?page_id=7015"},"modified":"2026-05-06T10:48:47","modified_gmt":"2026-05-06T13:48:47","slug":"certificado-internacional-de-vacinacao-contra-febre-amarela-civp","status":"publish","type":"page","link":"https:\/\/jundiai.sp.gov.br\/saude\/certificado-internacional-de-vacinacao-contra-febre-amarela-civp\/","title":{"rendered":"Certificado Internacional de Vacina\u00e7\u00e3o contra Febre Amarela (CIVP)"},"content":{"rendered":"\n<p>Desde 2020, o Certificado Internacional de Vacina\u00e7\u00e3o ou Profilaxia (CIVP) contra febre amarela<br>\u00e9 fornecido de maneira digital, eliminando a necessidade de comparecer a postos da Anvisa, e<br>desde o final de 2022 \u00e9 integrado ao aplicativo Meu SUS Digital. Destaca-se que, como o<br>processo de emiss\u00e3o do CIVP \u00e9 100% digital, \u00e9 indispens\u00e1vel que o cidad\u00e3o possua acesso a<br>uma conta Gov.br ativa.<br><\/p>\n\n\n\n<p>Para criar ou acessar sua conta, utilize o portal oficial:<br><a href=\"https:\/\/www.gov.br\/pt-br\">https:\/\/www.gov.br\/pt-br<\/a><\/p>\n\n\n\n<p><a href=\"https:\/\/jundiai.sp.gov.br\/saude\/certificado-internacional-de-vacinacao-contra-febre-amarela-civp\/o-que-e\/\">O que \u00e9?<\/a><\/p>\n\n\n\n<p><a href=\"https:\/\/jundiai.sp.gov.br\/saude\/certificado-internacional-de-vacinacao-contra-febre-amarela-civp\/quem-pode-solicitar\/\">Quem pode emitir o certificado?<\/a><\/p>\n\n\n\n<p><a href=\"https:\/\/jundiai.sp.gov.br\/saude\/certificado-internacional-de-vacinacao-contra-febre-amarela-civp\/como-solicitar-o-certificado\/\">Passo a passo detalhado para emiss\u00e3o online.<\/a><\/p>\n\n\n\n<p><a href=\"https:\/\/jundiai.sp.gov.br\/saude\/certificado-internacional-de-vacinacao-contra-febre-amarela-civp\/nao-consigo-emitir-o-civp-no-aplicativo-meu-sus-digital\/\">N\u00e3o consigo emitir o CIVP no aplicativo MEU SUS Digital<\/a><\/p>\n\n\n\n<p><a href=\"https:\/\/jundiai.sp.gov.br\/saude\/certificado-internacional-de-vacinacao-contra-febre-amarela-civp\/perguntas-frequentes\/\">Perguntas frequentes<\/a><\/p>\n\n\n\n<p><a href=\"https:\/\/jundiai.sp.gov.br\/saude\/certificado-internacional-de-vacinacao-contra-febre-amarela-civp\/links-uteis\/\">Links \u00fateis<\/a><\/p>\n","protected":false},"excerpt":{"rendered":"<p>Desde 2020, o Certificado Internacional de Vacina\u00e7\u00e3o ou Profilaxia (CIVP) contra febre amarela\u00e9 fornecido de maneira digital, eliminando a necessidade de comparecer a postos da Anvisa, edesde o final de 2022 \u00e9 integrado ao aplicativo Meu SUS Digital. Destaca-se que, como oprocesso de emiss\u00e3o do CIVP \u00e9 100% digital, \u00e9 indispens\u00e1vel que o cidad\u00e3o possua [&hellip;]<\/p>\n","protected":false},"author":117,"featured_media":0,"parent":0,"menu_order":0,"comment_status":"closed","ping_status":"closed","template":"","meta":{"footnotes":""},"class_list":["post-7015","page","type-page","status-publish","hentry"],"_links":{"self":[{"href":"https:\/\/jundiai.sp.gov.br\/saude\/wp-json\/wp\/v2\/pages\/7015","targetHints":{"allow":["GET"]}}],"collection":[{"href":"https:\/\/jundiai.sp.gov.br\/saude\/wp-json\/wp\/v2\/pages"}],"about":[{"href":"https:\/\/jundiai.sp.gov.br\/saude\/wp-json\/wp\/v2\/types\/page"}],"author":[{"embeddable":true,"href":"https:\/\/jundiai.sp.gov.br\/saude\/wp-json\/wp\/v2\/users\/117"}],"replies":[{"embeddable":true,"href":"https:\/\/jundiai.sp.gov.br\/saude\/wp-json\/wp\/v2\/comments?post=7015"}],"version-history":[{"count":6,"href":"https:\/\/jundiai.sp.gov.br\/saude\/wp-json\/wp\/v2\/pages\/7015\/revisions"}],"predecessor-version":[{"id":7050,"href":"https:\/\/jundiai.sp.gov.br\/saude\/wp-json\/wp\/v2\/pages\/7015\/revisions\/7050"}],"wp:attachment":[{"href":"https:\/\/jundiai.sp.gov.br\/saude\/wp-json\/wp\/v2\/media?parent=7015"}],"curies":[{"name":"wp","href":"https:\/\/api.w.org\/{rel}","templated":true}]}}