{"id":7017,"date":"2026-05-05T15:23:42","date_gmt":"2026-05-05T18:23:42","guid":{"rendered":"https:\/\/jundiai.sp.gov.br\/saude\/?page_id=7017"},"modified":"2026-05-06T10:21:36","modified_gmt":"2026-05-06T13:21:36","slug":"o-que-e","status":"publish","type":"page","link":"https:\/\/jundiai.sp.gov.br\/saude\/certificado-internacional-de-vacinacao-contra-febre-amarela-civp\/o-que-e\/","title":{"rendered":"O que \u00e9?"},"content":{"rendered":"\n<p>O Certificado Internacional de Vacina\u00e7\u00e3o ou Profilaxia (CIVP) \u00e9 o documento que comprova a vacina\u00e7\u00e3o de febre amarela (FA). Ele \u00e9 necess\u00e1rio porque alguns pa\u00edses exigem o documento para a entrada em seu territ\u00f3rio. Para situa\u00e7\u00f5es excepcionais pode ser solicitado o CIVP para Meningite (Peregrina\u00e7\u00e3o a Meca Hajj) e Poliomielite (estadia em pa\u00edses com transmiss\u00e3o da doen\u00e7a).<\/p>\n\n\n\n<p>A OMS (Organiza\u00e7\u00e3o Mundial da Sa\u00fade) atualiza regularmente em seu portal os pa\u00edses que exigem o documento. Consulte <a href=\"https:\/\/jundiai.sp.gov.br\/saude\/wp-content\/uploads\/sites\/17\/2026\/05\/paises-que-exigem-o-certificado-internacional-de-vacinacao-ou-profilaxia-dez-2022.pdf\" target=\"_blank\" rel=\"noreferrer noopener\">aqui<\/a> a lista simplificada de pa\u00edses que exigem o CIVP de febre amarela. Se seu voo tiver escala ou conex\u00e3o, confira todos os pa\u00edses por onde ir\u00e1 passar.<\/p>\n\n\n\n<p>A validade do CIVP de febre amarela inicia-se 10 dias ap\u00f3s a data de vacina\u00e7\u00e3o e se estende por toda a vida. Voc\u00ea s\u00f3 precisa tirar uma vez. Voc\u00ea pode salvar o arquivo gerado e imprimir novamente sempre que precisar.<\/p>\n\n\n\n<p>Pode ser que o CIVP esteja dispon\u00edvel no aplicativo Meu SUS Digital. Verifique antes de solicitar o documento no servi\u00e7o oferecido por aqui.<\/p>\n\n\n\n<div class=\"wp-block-columns is-layout-flex wp-container-core-columns-is-layout-9d6595d7 wp-block-columns-is-layout-flex\">\n<div class=\"wp-block-column is-layout-flow wp-block-column-is-layout-flow\" style=\"flex-basis:100px\">\n<p><a href=\"https:\/\/jundiai.sp.gov.br\/saude\/certificado-internacional-de-vacinacao-contra-febre-amarela-civp\/\" data-type=\"link\" data-id=\"https:\/\/jundiai.sp.gov.br\/saude\/certificado-internacional-de-vacinacao-contra-febre-amarela-civp\/\">&lt; voltar<\/a><\/p>\n<\/div>\n\n\n\n<div class=\"wp-block-column is-layout-flow wp-block-column-is-layout-flow\" style=\"flex-basis:100%\"><\/div>\n<\/div>\n","protected":false},"excerpt":{"rendered":"<p>O Certificado Internacional de Vacina\u00e7\u00e3o ou Profilaxia (CIVP) \u00e9 o documento que comprova a vacina\u00e7\u00e3o de febre amarela (FA). Ele \u00e9 necess\u00e1rio porque alguns pa\u00edses exigem o documento para a entrada em seu territ\u00f3rio. Para situa\u00e7\u00f5es excepcionais pode ser solicitado o CIVP para Meningite (Peregrina\u00e7\u00e3o a Meca Hajj) e Poliomielite (estadia em pa\u00edses com transmiss\u00e3o [&hellip;]<\/p>\n","protected":false},"author":117,"featured_media":0,"parent":7015,"menu_order":0,"comment_status":"closed","ping_status":"closed","template":"","meta":{"footnotes":""},"class_list":["post-7017","page","type-page","status-publish","hentry"],"_links":{"self":[{"href":"https:\/\/jundiai.sp.gov.br\/saude\/wp-json\/wp\/v2\/pages\/7017","targetHints":{"allow":["GET"]}}],"collection":[{"href":"https:\/\/jundiai.sp.gov.br\/saude\/wp-json\/wp\/v2\/pages"}],"about":[{"href":"https:\/\/jundiai.sp.gov.br\/saude\/wp-json\/wp\/v2\/types\/page"}],"author":[{"embeddable":true,"href":"https:\/\/jundiai.sp.gov.br\/saude\/wp-json\/wp\/v2\/users\/117"}],"replies":[{"embeddable":true,"href":"https:\/\/jundiai.sp.gov.br\/saude\/wp-json\/wp\/v2\/comments?post=7017"}],"version-history":[{"count":4,"href":"https:\/\/jundiai.sp.gov.br\/saude\/wp-json\/wp\/v2\/pages\/7017\/revisions"}],"predecessor-version":[{"id":7027,"href":"https:\/\/jundiai.sp.gov.br\/saude\/wp-json\/wp\/v2\/pages\/7017\/revisions\/7027"}],"up":[{"embeddable":true,"href":"https:\/\/jundiai.sp.gov.br\/saude\/wp-json\/wp\/v2\/pages\/7015"}],"wp:attachment":[{"href":"https:\/\/jundiai.sp.gov.br\/saude\/wp-json\/wp\/v2\/media?parent=7017"}],"curies":[{"name":"wp","href":"https:\/\/api.w.org\/{rel}","templated":true}]}}