{"id":7031,"date":"2026-05-06T10:26:59","date_gmt":"2026-05-06T13:26:59","guid":{"rendered":"https:\/\/jundiai.sp.gov.br\/saude\/?page_id=7031"},"modified":"2026-05-06T11:32:21","modified_gmt":"2026-05-06T14:32:21","slug":"como-solicitar-o-certificado","status":"publish","type":"page","link":"https:\/\/jundiai.sp.gov.br\/saude\/certificado-internacional-de-vacinacao-contra-febre-amarela-civp\/como-solicitar-o-certificado\/","title":{"rendered":"Como solicitar o certificado\u00a0"},"content":{"rendered":"\n<p><strong>A.<\/strong> Se voc\u00ea nunca tomou a vacina ou se tomou, mas n\u00e3o possui nenhum comprovante f\u00edsico (carteira de vacina\u00e7\u00e3o) nem digital, ou se o esquema \u00e9 incompleto (vacina fracionada, ou uma dose de vacina de febre amarela aplicada com menos de 5 anos de idade):&nbsp;<\/p>\n\n\n\n<ol class=\"wp-block-list\">\n<li>V\u00e1 at\u00e9 uma UBS (Unidade B\u00e1sica de Sa\u00fade) para receber a vacina.<br>Importante: tome a dose com pelo menos 10 dias de anteced\u00eancia da viagem.<\/li>\n\n\n\n<li>Ap\u00f3s a aplica\u00e7\u00e3o, em at\u00e9 24 horas, o registro aparecer\u00e1 no Meu SUS Digital.<\/li>\n\n\n\n<li>Depois disso, siga os passos do item B (para vacinas aplicadas a partir de 31\/12\/2022)<\/li>\n<\/ol>\n\n\n\n<div style=\"height:19px\" aria-hidden=\"true\" class=\"wp-block-spacer\"><\/div>\n\n\n\n<p><strong>B.<\/strong> Se voc\u00ea tomou a vacina a partir de 31\/12\/2022<\/p>\n\n\n\n<ol class=\"wp-block-list\">\n<li>Acesse o site ou aplicativo Meu SUS Digital: <a href=\"https:\/\/meususdigital.saude.gov.br\/login\" target=\"_blank\" rel=\"noreferrer noopener\">https:\/\/meususdigital.saude.gov.br\/login<\/a><\/li>\n\n\n\n<li>Fa\u00e7a login com sua conta gov.br.<\/li>\n\n\n\n<li>V\u00e1 em &#8220;Minha Sa\u00fade \u2192 Vacina \u2192 Documentos&#8221;.<\/li>\n\n\n\n<li>Clique em &#8220;Certificado Internacional de Vacina\u00e7\u00e3o ou Profilaxia\u275e.<\/li>\n\n\n\n<li>Baixe o certificado em PDF (j\u00e1 v\u00e1lido internacionalmente).<\/li>\n\n\n\n<li>Salve o arquivo no celular e, se preferir, imprima para levar na viagem.<\/li>\n<\/ol>\n\n\n\n<div style=\"height:19px\" aria-hidden=\"true\" class=\"wp-block-spacer\"><\/div>\n\n\n\n<p><strong>C<\/strong>. Se voc\u00ea tomou a vacina antes de 31\/12\/2022<\/p>\n\n\n\n<ol class=\"wp-block-list\">\n<li>Entre no site ou aplicativo Meu SUS Digital: <a href=\"https:\/\/meususdigital.saude.gov.br\/login\" target=\"_blank\" rel=\"noreferrer noopener\">https:\/\/meususdigital.saude.gov.br\/login<\/a><\/li>\n\n\n\n<li>Fa\u00e7a login com sua conta gov.br.<\/li>\n\n\n\n<li>V\u00e1 em &#8220;Minha Sa\u00fade \u2192 Vacina \u2192 Documentos&#8221;.<\/li>\n\n\n\n<li>Baixe a Carteira Nacional de Vacina\u00e7\u00e3o Digital em PDF.<\/li>\n\n\n\n<li>Salve o arquivo no computador ou celular.<\/li>\n\n\n\n<li>Acesse o site da ANVISA:<br><a href=\"https:\/\/www.gov.br\/pt-br\/servicos\/obter-o-certificado-internacional-de-vacinacao-e-profilaxia\" target=\"_blank\" rel=\"noreferrer noopener\">https:\/\/www.gov.br\/pt-br\/servicos\/obter-o-certificado-internacional-de-vacinacao-e-profilaxia<\/a><\/li>\n\n\n\n<li>Fa\u00e7a login com sua conta gov.br.<\/li>\n\n\n\n<li>Confira se seus dados cadastrais (especialmente o e-mail) est\u00e3o atualizados e, se necess\u00e1rio, corrija-os.<\/li>\n\n\n\n<li>Clique em &#8220;Iniciar\u201d, preencha o formul\u00e1rio e anexe o PDF da Carteira Nacional de Vacina\u00e7\u00e3o.<br>&#8211; Se o registro da vacina estiver apenas na carteira f\u00edsica (papel) e n\u00e3o constar no Meu SUS Digital, digitalize a p\u00e1gina da vacina em PDF e anexe ao final do protocolo de solicita\u00e7\u00e3o.<\/li>\n\n\n\n<li>O Certificado Internacional ser\u00e1 enviado por e-mail em at\u00e9 10 dias \u00fateis.<\/li>\n<\/ol>\n\n\n\n<div style=\"height:19px\" aria-hidden=\"true\" class=\"wp-block-spacer\"><\/div>\n\n\n\n<p><strong>D<\/strong>. Importante lembrar<\/p>\n\n\n\n<ol class=\"wp-block-list\">\n<li>Verifique se o e-mail cadastrado no gov.br est\u00e1 correto, pois o certificado ser\u00e1 enviado por esse endere\u00e7o.<\/li>\n\n\n\n<li>Guarde o certificado em PDF no celular ou computador.<\/li>\n\n\n\n<li>O documento pode ser impresso para apresentar em viagens.<\/li>\n\n\n\n<li>Em caso de d\u00favidas, procure a UBS mais pr\u00f3xima.<\/li>\n<\/ol>\n\n\n\n<div class=\"wp-block-columns is-layout-flex wp-container-core-columns-is-layout-9d6595d7 wp-block-columns-is-layout-flex\">\n<div class=\"wp-block-column is-layout-flow wp-block-column-is-layout-flow\" style=\"flex-basis:100px\">\n<p><a href=\"https:\/\/jundiai.sp.gov.br\/saude\/certificado-internacional-de-vacinacao-contra-febre-amarela-civp\/\" data-type=\"link\" data-id=\"https:\/\/jundiai.sp.gov.br\/saude\/certificado-internacional-de-vacinacao-contra-febre-amarela-civp\/\">&lt; voltar<\/a><\/p>\n<\/div>\n\n\n\n<div class=\"wp-block-column is-layout-flow wp-block-column-is-layout-flow\" style=\"flex-basis:100%\"><\/div>\n<\/div>\n","protected":false},"excerpt":{"rendered":"<p>A. Se voc\u00ea nunca tomou a vacina ou se tomou, mas n\u00e3o possui nenhum comprovante f\u00edsico (carteira de vacina\u00e7\u00e3o) nem digital, ou se o esquema \u00e9 incompleto (vacina fracionada, ou uma dose de vacina de febre amarela aplicada com menos de 5 anos de idade):&nbsp; B. Se voc\u00ea tomou a vacina a partir de 31\/12\/2022 [&hellip;]<\/p>\n","protected":false},"author":117,"featured_media":0,"parent":7015,"menu_order":0,"comment_status":"closed","ping_status":"closed","template":"","meta":{"footnotes":""},"class_list":["post-7031","page","type-page","status-publish","hentry"],"_links":{"self":[{"href":"https:\/\/jundiai.sp.gov.br\/saude\/wp-json\/wp\/v2\/pages\/7031","targetHints":{"allow":["GET"]}}],"collection":[{"href":"https:\/\/jundiai.sp.gov.br\/saude\/wp-json\/wp\/v2\/pages"}],"about":[{"href":"https:\/\/jundiai.sp.gov.br\/saude\/wp-json\/wp\/v2\/types\/page"}],"author":[{"embeddable":true,"href":"https:\/\/jundiai.sp.gov.br\/saude\/wp-json\/wp\/v2\/users\/117"}],"replies":[{"embeddable":true,"href":"https:\/\/jundiai.sp.gov.br\/saude\/wp-json\/wp\/v2\/comments?post=7031"}],"version-history":[{"count":11,"href":"https:\/\/jundiai.sp.gov.br\/saude\/wp-json\/wp\/v2\/pages\/7031\/revisions"}],"predecessor-version":[{"id":7071,"href":"https:\/\/jundiai.sp.gov.br\/saude\/wp-json\/wp\/v2\/pages\/7031\/revisions\/7071"}],"up":[{"embeddable":true,"href":"https:\/\/jundiai.sp.gov.br\/saude\/wp-json\/wp\/v2\/pages\/7015"}],"wp:attachment":[{"href":"https:\/\/jundiai.sp.gov.br\/saude\/wp-json\/wp\/v2\/media?parent=7031"}],"curies":[{"name":"wp","href":"https:\/\/api.w.org\/{rel}","templated":true}]}}