{"id":7042,"date":"2026-05-06T10:41:02","date_gmt":"2026-05-06T13:41:02","guid":{"rendered":"https:\/\/jundiai.sp.gov.br\/saude\/?page_id=7042"},"modified":"2026-05-06T11:19:59","modified_gmt":"2026-05-06T14:19:59","slug":"nao-consigo-emitir-o-civp-no-aplicativo-meu-sus-digital","status":"publish","type":"page","link":"https:\/\/jundiai.sp.gov.br\/saude\/certificado-internacional-de-vacinacao-contra-febre-amarela-civp\/nao-consigo-emitir-o-civp-no-aplicativo-meu-sus-digital\/","title":{"rendered":"N\u00e3o consigo emitir o CIVP no aplicativo Meu SUS Digital"},"content":{"rendered":"\n<ul class=\"wp-block-list\">\n<li>Pessoas que n\u00e3o conseguiram emitir o CIVP no aplicativo Meu SUS Digital.&nbsp;<\/li>\n\n\n\n<li>Pessoas vacinadas no Brasil e que ir\u00e3o viajar para pa\u00edses que exigem o Certificado.&nbsp;<\/li>\n\n\n\n<li>Estrangeiros e pessoas sem CPF, desde que uma pessoa com CPF e cadastro no servi\u00e7o <a href=\"http:\/\/gov.br\/\">Gov.br<\/a> fa\u00e7a a solicita\u00e7\u00e3o. Exemplos: crian\u00e7as, dependentes e outras pessoas que n\u00e3o possuam conta <a href=\"http:\/\/gov.br\/\">Gov.br<\/a>.&nbsp;<\/li>\n\n\n\n<li>Crian\u00e7as a partir de nove meses.<\/li>\n<\/ul>\n\n\n\n<p>Acesse o site e siga as instru\u00e7\u00f5es:<\/p>\n\n\n\n<p><a href=\"https:\/\/www.gov.br\/pt-br\/servicos\/obter-o-certificado-internacional-de-vacinacao-e-profilaxia\" target=\"_blank\" rel=\"noreferrer noopener\">https:\/\/www.gov.br\/pt-br\/servicos\/obter-o-certificado-internacional-de-vacinacao-e-profilaxia<\/a><\/p>\n\n\n\n<div class=\"wp-block-columns is-layout-flex wp-container-core-columns-is-layout-9d6595d7 wp-block-columns-is-layout-flex\">\n<div class=\"wp-block-column is-layout-flow wp-block-column-is-layout-flow\" style=\"flex-basis:100px\">\n<p><a href=\"https:\/\/jundiai.sp.gov.br\/saude\/certificado-internacional-de-vacinacao-contra-febre-amarela-civp\/\" data-type=\"link\" data-id=\"https:\/\/jundiai.sp.gov.br\/saude\/certificado-internacional-de-vacinacao-contra-febre-amarela-civp\/\">&lt; voltar<\/a><\/p>\n<\/div>\n\n\n\n<div class=\"wp-block-column is-layout-flow wp-block-column-is-layout-flow\" style=\"flex-basis:100%\"><\/div>\n<\/div>\n","protected":false},"excerpt":{"rendered":"<p>Acesse o site e siga as instru\u00e7\u00f5es: https:\/\/www.gov.br\/pt-br\/servicos\/obter-o-certificado-internacional-de-vacinacao-e-profilaxia &lt; voltar<\/p>\n","protected":false},"author":117,"featured_media":0,"parent":7015,"menu_order":0,"comment_status":"closed","ping_status":"closed","template":"","meta":{"footnotes":""},"class_list":["post-7042","page","type-page","status-publish","hentry"],"_links":{"self":[{"href":"https:\/\/jundiai.sp.gov.br\/saude\/wp-json\/wp\/v2\/pages\/7042","targetHints":{"allow":["GET"]}}],"collection":[{"href":"https:\/\/jundiai.sp.gov.br\/saude\/wp-json\/wp\/v2\/pages"}],"about":[{"href":"https:\/\/jundiai.sp.gov.br\/saude\/wp-json\/wp\/v2\/types\/page"}],"author":[{"embeddable":true,"href":"https:\/\/jundiai.sp.gov.br\/saude\/wp-json\/wp\/v2\/users\/117"}],"replies":[{"embeddable":true,"href":"https:\/\/jundiai.sp.gov.br\/saude\/wp-json\/wp\/v2\/comments?post=7042"}],"version-history":[{"count":3,"href":"https:\/\/jundiai.sp.gov.br\/saude\/wp-json\/wp\/v2\/pages\/7042\/revisions"}],"predecessor-version":[{"id":7069,"href":"https:\/\/jundiai.sp.gov.br\/saude\/wp-json\/wp\/v2\/pages\/7042\/revisions\/7069"}],"up":[{"embeddable":true,"href":"https:\/\/jundiai.sp.gov.br\/saude\/wp-json\/wp\/v2\/pages\/7015"}],"wp:attachment":[{"href":"https:\/\/jundiai.sp.gov.br\/saude\/wp-json\/wp\/v2\/media?parent=7042"}],"curies":[{"name":"wp","href":"https:\/\/api.w.org\/{rel}","templated":true}]}}