{"id":7045,"date":"2026-05-06T10:45:50","date_gmt":"2026-05-06T13:45:50","guid":{"rendered":"https:\/\/jundiai.sp.gov.br\/saude\/?page_id=7045"},"modified":"2026-05-06T11:19:43","modified_gmt":"2026-05-06T14:19:43","slug":"perguntas-frequentes","status":"publish","type":"page","link":"https:\/\/jundiai.sp.gov.br\/saude\/certificado-internacional-de-vacinacao-contra-febre-amarela-civp\/perguntas-frequentes\/","title":{"rendered":"Perguntas frequentes"},"content":{"rendered":"\n<ol class=\"wp-block-list\">\n<li><strong>O que \u00e9 o CIVP?<\/strong><strong><br><\/strong>Documento oficial que comprova a vacina\u00e7\u00e3o contra febre amarela, podendo ser exigido para entrada em determinados pa\u00edses.<\/li>\n<\/ol>\n\n\n\n<ol start=\"2\" class=\"wp-block-list\">\n<li><strong>Quem precisa emitir o CIVP?<\/strong><br>Viajantes que se destinam a pa\u00edses com exig\u00eancia de comprova\u00e7\u00e3o de vacina\u00e7\u00e3o.<\/li>\n<\/ol>\n\n\n\n<ol start=\"3\" class=\"wp-block-list\">\n<li><strong>A vacina \u00e9 obrigat\u00f3ria para emiss\u00e3o do certificado?<\/strong><br>Sim, \u00e9 necess\u00e1rio ter registro v\u00e1lido da vacina contra febre amarela.<\/li>\n<\/ol>\n\n\n\n<ol start=\"4\" class=\"wp-block-list\">\n<li><strong>Quando o certificado passa a ser v\u00e1lido?<\/strong><br>A partir de 10 dias ap\u00f3s a vacina\u00e7\u00e3o.<\/li>\n<\/ol>\n\n\n\n<ol start=\"5\" class=\"wp-block-list\">\n<li><strong>Preciso comparecer \u00e0 Anvisa?<\/strong><br>N\u00e3o. O processo \u00e9 totalmente digital.<\/li>\n<\/ol>\n\n\n\n<ol start=\"6\" class=\"wp-block-list\">\n<li><strong>Como emitir o CIVP?<\/strong><br>Pelo Portal Gov.br ou aplicativo Meu SUS Digital, com conta Gov.br ativa.<\/li>\n<\/ol>\n\n\n\n<ol start=\"7\" class=\"wp-block-list\">\n<li><strong>Posso apresentar o certificado pelo celular?<\/strong><br>Sim, o certificado digital possui validade oficial.<\/li>\n<\/ol>\n\n\n\n<ol start=\"8\" class=\"wp-block-list\">\n<li><strong>O que fazer se minha vacina n\u00e3o aparece no sistema?<br><\/strong>Verificar se o registro foi inserido corretamente. Caso n\u00e3o conste, procurar a unidade de sa\u00fade onde a vacina foi aplicada. Se constar nos sistemas oficiais, verificar o cadastro e acesso \u00e0 conta Gov.br, pois a emiss\u00e3o depende dessa integra\u00e7\u00e3o.<\/li>\n<\/ol>\n\n\n\n<ol start=\"9\" class=\"wp-block-list\">\n<li><strong>O certificado tem validade?<\/strong><br>Sim, \u00e9 v\u00e1lido por toda a vida, conforme as diretrizes atuais.<\/li>\n<\/ol>\n\n\n\n<ol start=\"10\" class=\"wp-block-list\">\n<li><strong>Todos os pa\u00edses exigem o CIVP?<\/strong><br>N\u00e3o. A exig\u00eancia depende do pa\u00eds de destino.<\/li>\n<\/ol>\n\n\n\n<ol start=\"11\" class=\"wp-block-list\">\n<li><strong>Como saber se o&nbsp; registro da vacina contra febre amarela \u00e9 v\u00e1lido?<\/strong><br><\/li>\n<\/ol>\n\n\n\n<p>O registro deve constar na caderneta de vacina\u00e7\u00e3o (f\u00edsica ou digital, pelo Meu SUS Digital) e conter obrigatoriamente:<\/p>\n\n\n\n<ul class=\"wp-block-list\">\n<li>Data da aplica\u00e7\u00e3o;<\/li>\n\n\n\n<li>Nome comercial da vacina e\/ou n\u00famero do lote;<\/li>\n\n\n\n<li>Assinatura e carimbo do vacinador\/profissional de sa\u00fade;<\/li>\n\n\n\n<li>Identifica\u00e7\u00e3o da unidade de sa\u00fade onde a vacina foi aplicada<\/li>\n<\/ul>\n\n\n\n<div class=\"wp-block-columns is-layout-flex wp-container-core-columns-is-layout-9d6595d7 wp-block-columns-is-layout-flex\">\n<div class=\"wp-block-column is-layout-flow wp-block-column-is-layout-flow\" style=\"flex-basis:100px\">\n<p><a href=\"https:\/\/jundiai.sp.gov.br\/saude\/certificado-internacional-de-vacinacao-contra-febre-amarela-civp\/\" data-type=\"link\" data-id=\"https:\/\/jundiai.sp.gov.br\/saude\/certificado-internacional-de-vacinacao-contra-febre-amarela-civp\/\">&lt; voltar<\/a><\/p>\n<\/div>\n\n\n\n<div class=\"wp-block-column is-layout-flow wp-block-column-is-layout-flow\" style=\"flex-basis:100%\"><\/div>\n<\/div>\n","protected":false},"excerpt":{"rendered":"<p>O registro deve constar na caderneta de vacina\u00e7\u00e3o (f\u00edsica ou digital, pelo Meu SUS Digital) e conter obrigatoriamente: &lt; voltar<\/p>\n","protected":false},"author":117,"featured_media":0,"parent":7015,"menu_order":0,"comment_status":"closed","ping_status":"closed","template":"","meta":{"footnotes":""},"class_list":["post-7045","page","type-page","status-publish","hentry"],"_links":{"self":[{"href":"https:\/\/jundiai.sp.gov.br\/saude\/wp-json\/wp\/v2\/pages\/7045","targetHints":{"allow":["GET"]}}],"collection":[{"href":"https:\/\/jundiai.sp.gov.br\/saude\/wp-json\/wp\/v2\/pages"}],"about":[{"href":"https:\/\/jundiai.sp.gov.br\/saude\/wp-json\/wp\/v2\/types\/page"}],"author":[{"embeddable":true,"href":"https:\/\/jundiai.sp.gov.br\/saude\/wp-json\/wp\/v2\/users\/117"}],"replies":[{"embeddable":true,"href":"https:\/\/jundiai.sp.gov.br\/saude\/wp-json\/wp\/v2\/comments?post=7045"}],"version-history":[{"count":3,"href":"https:\/\/jundiai.sp.gov.br\/saude\/wp-json\/wp\/v2\/pages\/7045\/revisions"}],"predecessor-version":[{"id":7068,"href":"https:\/\/jundiai.sp.gov.br\/saude\/wp-json\/wp\/v2\/pages\/7045\/revisions\/7068"}],"up":[{"embeddable":true,"href":"https:\/\/jundiai.sp.gov.br\/saude\/wp-json\/wp\/v2\/pages\/7015"}],"wp:attachment":[{"href":"https:\/\/jundiai.sp.gov.br\/saude\/wp-json\/wp\/v2\/media?parent=7045"}],"curies":[{"name":"wp","href":"https:\/\/api.w.org\/{rel}","templated":true}]}}