{"id":7048,"date":"2026-05-06T10:48:37","date_gmt":"2026-05-06T13:48:37","guid":{"rendered":"https:\/\/jundiai.sp.gov.br\/saude\/?page_id=7048"},"modified":"2026-05-06T11:19:19","modified_gmt":"2026-05-06T14:19:19","slug":"links-uteis","status":"publish","type":"page","link":"https:\/\/jundiai.sp.gov.br\/saude\/certificado-internacional-de-vacinacao-contra-febre-amarela-civp\/links-uteis\/","title":{"rendered":"Links \u00fateis"},"content":{"rendered":"\n<ul class=\"wp-block-list\">\n<li>Emiss\u00e3o do CIVP (Portal Gov.br): <a href=\"https:\/\/www.gov.br\/saude\/pt-br\/composicao\/seidigi\/meususdigital\" target=\"_blank\" rel=\"noreferrer noopener\">https:\/\/www.gov.br\/saude\/pt-br\/composicao\/seidigi\/meususdigital<\/a><\/li>\n\n\n\n<li>Meu SUS Digital: <a href=\"https:\/\/meususdigital.saude.gov.br\/\" target=\"_blank\" rel=\"noreferrer noopener\">https:\/\/meususdigital.saude.gov.br\/<\/a><\/li>\n\n\n\n<li>Minist\u00e9rio da Sa\u00fade \u2013 Febre Amarela: <a href=\"https:\/\/www.gov.br\/saude\/pt-br\/assuntos\/saude-de-a-a-z\/f\/febre-amarela\" target=\"_blank\" rel=\"noreferrer noopener\">https:\/\/www.gov.br\/saude\/pt-br\/assuntos\/saude-de-a-a-z\/f\/febre-amarela<\/a><\/li>\n\n\n\n<li>ANVISA \u2013 CIVP: <a href=\"https:\/\/www.gov.br\/anvisa\/pt-br\/assuntos\/paf\/certificado-internacional-de-vacinacao\" target=\"_blank\" rel=\"noreferrer noopener\">https:\/\/www.gov.br\/anvisa\/pt-br\/assuntos\/paf\/certificado-internacional-de-vacinacao<\/a><\/li>\n\n\n\n<li>Organiza\u00e7\u00e3o Mundial da Sa\u00fade (OMS): <a href=\"https:\/\/www.who.int\/health-topics\/travel-and-health\" target=\"_blank\" rel=\"noreferrer noopener\">https:\/\/www.who.int\/health-topics\/travel-and-health<\/a><\/li>\n<\/ul>\n\n\n\n<div class=\"wp-block-columns is-layout-flex wp-container-core-columns-is-layout-9d6595d7 wp-block-columns-is-layout-flex\">\n<div class=\"wp-block-column is-layout-flow wp-block-column-is-layout-flow\" style=\"flex-basis:100px\">\n<p><a href=\"https:\/\/jundiai.sp.gov.br\/saude\/certificado-internacional-de-vacinacao-contra-febre-amarela-civp\/\" data-type=\"link\" data-id=\"https:\/\/jundiai.sp.gov.br\/saude\/certificado-internacional-de-vacinacao-contra-febre-amarela-civp\/\">&lt; voltar<\/a><\/p>\n<\/div>\n\n\n\n<div class=\"wp-block-column is-layout-flow wp-block-column-is-layout-flow\" style=\"flex-basis:100%\"><\/div>\n<\/div>\n","protected":false},"excerpt":{"rendered":"<p>&lt; voltar<\/p>\n","protected":false},"author":117,"featured_media":0,"parent":7015,"menu_order":0,"comment_status":"closed","ping_status":"closed","template":"","meta":{"footnotes":""},"class_list":["post-7048","page","type-page","status-publish","hentry"],"_links":{"self":[{"href":"https:\/\/jundiai.sp.gov.br\/saude\/wp-json\/wp\/v2\/pages\/7048","targetHints":{"allow":["GET"]}}],"collection":[{"href":"https:\/\/jundiai.sp.gov.br\/saude\/wp-json\/wp\/v2\/pages"}],"about":[{"href":"https:\/\/jundiai.sp.gov.br\/saude\/wp-json\/wp\/v2\/types\/page"}],"author":[{"embeddable":true,"href":"https:\/\/jundiai.sp.gov.br\/saude\/wp-json\/wp\/v2\/users\/117"}],"replies":[{"embeddable":true,"href":"https:\/\/jundiai.sp.gov.br\/saude\/wp-json\/wp\/v2\/comments?post=7048"}],"version-history":[{"count":3,"href":"https:\/\/jundiai.sp.gov.br\/saude\/wp-json\/wp\/v2\/pages\/7048\/revisions"}],"predecessor-version":[{"id":7067,"href":"https:\/\/jundiai.sp.gov.br\/saude\/wp-json\/wp\/v2\/pages\/7048\/revisions\/7067"}],"up":[{"embeddable":true,"href":"https:\/\/jundiai.sp.gov.br\/saude\/wp-json\/wp\/v2\/pages\/7015"}],"wp:attachment":[{"href":"https:\/\/jundiai.sp.gov.br\/saude\/wp-json\/wp\/v2\/media?parent=7048"}],"curies":[{"name":"wp","href":"https:\/\/api.w.org\/{rel}","templated":true}]}}