{"id":739,"date":"2014-09-16T15:19:26","date_gmt":"2014-09-16T18:19:26","guid":{"rendered":"https:\/\/jundiai.sp.gov.br\/saude\/?page_id=739"},"modified":"2015-01-08T18:35:55","modified_gmt":"2015-01-08T20:35:55","slug":"funcoes","status":"publish","type":"page","link":"https:\/\/jundiai.sp.gov.br\/saude\/vigilancia-epidemiologica\/funcoes\/","title":{"rendered":"Fun\u00e7\u00f5es"},"content":{"rendered":"<p>A Vigil\u00e2ncia Epidemiol\u00f3gica constitui-se importante instrumento para o planejamento, organiza\u00e7\u00e3o e operacionaliza\u00e7\u00e3o dos servi\u00e7os de sa\u00fade.<\/p>\n<p>A operacionaliza\u00e7\u00e3o da Vigil\u00e2ncia Epidemiol\u00f3gica compreende um ciclo de fun\u00e7\u00f5es espec\u00edficas e intercomplementares desenvolvidas de modo cont\u00ednuo, permitindo conhecer, a cada momento, o comportamento da doen\u00e7a ou agravo selecionado como alvo das a\u00e7\u00f5es, de forma que as medidas de interven\u00e7\u00e3o pertinentes possam ser desencadeadas com oportunidade e efic\u00e1cia.<\/p>\n","protected":false},"excerpt":{"rendered":"<p>A Vigil\u00e2ncia Epidemiol\u00f3gica constitui-se importante instrumento para o planejamento, organiza\u00e7\u00e3o e operacionaliza\u00e7\u00e3o dos servi\u00e7os de sa\u00fade. A operacionaliza\u00e7\u00e3o da Vigil\u00e2ncia Epidemiol\u00f3gica compreende um ciclo de fun\u00e7\u00f5es espec\u00edficas e intercomplementares desenvolvidas de modo cont\u00ednuo, permitindo conhecer, a cada momento, o comportamento da doen\u00e7a ou agravo selecionado como alvo das a\u00e7\u00f5es, de forma que as medidas de [&hellip;]<\/p>\n","protected":false},"author":14,"featured_media":0,"parent":737,"menu_order":0,"comment_status":"closed","ping_status":"closed","template":"page-subpaginas.php","meta":{"footnotes":""},"class_list":["post-739","page","type-page","status-publish","hentry"],"_links":{"self":[{"href":"https:\/\/jundiai.sp.gov.br\/saude\/wp-json\/wp\/v2\/pages\/739","targetHints":{"allow":["GET"]}}],"collection":[{"href":"https:\/\/jundiai.sp.gov.br\/saude\/wp-json\/wp\/v2\/pages"}],"about":[{"href":"https:\/\/jundiai.sp.gov.br\/saude\/wp-json\/wp\/v2\/types\/page"}],"author":[{"embeddable":true,"href":"https:\/\/jundiai.sp.gov.br\/saude\/wp-json\/wp\/v2\/users\/14"}],"replies":[{"embeddable":true,"href":"https:\/\/jundiai.sp.gov.br\/saude\/wp-json\/wp\/v2\/comments?post=739"}],"version-history":[{"count":3,"href":"https:\/\/jundiai.sp.gov.br\/saude\/wp-json\/wp\/v2\/pages\/739\/revisions"}],"predecessor-version":[{"id":1707,"href":"https:\/\/jundiai.sp.gov.br\/saude\/wp-json\/wp\/v2\/pages\/739\/revisions\/1707"}],"up":[{"embeddable":true,"href":"https:\/\/jundiai.sp.gov.br\/saude\/wp-json\/wp\/v2\/pages\/737"}],"wp:attachment":[{"href":"https:\/\/jundiai.sp.gov.br\/saude\/wp-json\/wp\/v2\/media?parent=739"}],"curies":[{"name":"wp","href":"https:\/\/api.w.org\/{rel}","templated":true}]}}