{"id":74,"date":"2014-08-25T16:51:31","date_gmt":"2014-08-25T19:51:31","guid":{"rendered":"https:\/\/jundiai.sp.gov.br\/saude\/?page_id=74"},"modified":"2014-08-26T11:05:21","modified_gmt":"2014-08-26T14:05:21","slug":"cardiologia","status":"publish","type":"page","link":"https:\/\/jundiai.sp.gov.br\/saude\/atendimento-especializado\/cardiologia\/","title":{"rendered":"Cardiologia"},"content":{"rendered":"<p><strong>ATENDIMENTO M\u00c9DICO ESPECIALIZADO:<\/strong> CARDIOLOGIA<\/p>\n<p><strong>O que \u00e9?<\/strong><br \/>\nAtendimento ambulatorial para doen\u00e7as do cora\u00e7\u00e3o.<\/p>\n<p><strong>Quando \u00e9 necess\u00e1rio?<\/strong><\/p>\n<p>Nas doen\u00e7as do cora\u00e7\u00e3o em acompanhamento na Unidade de Sa\u00fade que necessitam de avalia\u00e7\u00e3o m\u00e9dica especializada.<br \/>\n<strong>Somente com encaminhamento m\u00e9dico da Unidade B\u00e1sica de Sa\u00fade para a unidade abaixo:<\/strong><br \/>\n<strong>NIS \u2013 N\u00facleo Integrado de Sa\u00fade<\/strong><br \/>\nRua Carlos de Salles Bloch, 74, Anhangaba\u00fa<br \/>\nTelefone: (11) 4588 7388<br \/>\nHor\u00e1rio: das 08h \u00e0s 17h, de 2\u00aa a 6\u00aa-feira.<br \/>\n<strong>Documentos Necess\u00e1rios:<\/strong><\/p>\n<p>RG &#8211; original (simples apresenta\u00e7\u00e3o).<br \/>\nCart\u00e3o da Unidade B\u00e1sica de Sa\u00fade.<br \/>\nCart\u00e3o do SUS &#8211; original (simples apresenta\u00e7\u00e3o).<br \/>\nEncaminhamento m\u00e9dico da unidade de sa\u00fade \u2013 original e exames anteriores.<br \/>\n<strong>Como fazer?<\/strong><\/p>\n<p>Possuir cadastro na Unidade de Sa\u00fade de refer\u00eancia de seu bairro.<br \/>\nPara o cadastramento na Unidade de Sa\u00fade, \u00e9 necess\u00e1rio apresentar o RG e comprovante de resid\u00eancia (conta de \u00e1gua ou de luz).<br \/>\nAgendar consulta m\u00e9dica na Unidade de Sa\u00fade de refer\u00eancia do bairro onde mora, para a avalia\u00e7\u00e3o do caso pelo m\u00e9dico da Unidade e posterior encaminhamento a crit\u00e9rio m\u00e9dico.<\/p>\n","protected":false},"excerpt":{"rendered":"<p>ATENDIMENTO M\u00c9DICO ESPECIALIZADO: CARDIOLOGIA O que \u00e9? Atendimento ambulatorial para doen\u00e7as do cora\u00e7\u00e3o. Quando \u00e9 necess\u00e1rio? Nas doen\u00e7as do cora\u00e7\u00e3o em acompanhamento na Unidade de Sa\u00fade que necessitam de avalia\u00e7\u00e3o m\u00e9dica especializada. Somente com encaminhamento m\u00e9dico da Unidade B\u00e1sica de Sa\u00fade para a unidade abaixo: NIS \u2013 N\u00facleo Integrado de Sa\u00fade Rua Carlos de Salles [&hellip;]<\/p>\n","protected":false},"author":14,"featured_media":0,"parent":56,"menu_order":0,"comment_status":"closed","ping_status":"closed","template":"page-subpaginas.php","meta":{"footnotes":""},"class_list":["post-74","page","type-page","status-publish","hentry"],"_links":{"self":[{"href":"https:\/\/jundiai.sp.gov.br\/saude\/wp-json\/wp\/v2\/pages\/74","targetHints":{"allow":["GET"]}}],"collection":[{"href":"https:\/\/jundiai.sp.gov.br\/saude\/wp-json\/wp\/v2\/pages"}],"about":[{"href":"https:\/\/jundiai.sp.gov.br\/saude\/wp-json\/wp\/v2\/types\/page"}],"author":[{"embeddable":true,"href":"https:\/\/jundiai.sp.gov.br\/saude\/wp-json\/wp\/v2\/users\/14"}],"replies":[{"embeddable":true,"href":"https:\/\/jundiai.sp.gov.br\/saude\/wp-json\/wp\/v2\/comments?post=74"}],"version-history":[{"count":3,"href":"https:\/\/jundiai.sp.gov.br\/saude\/wp-json\/wp\/v2\/pages\/74\/revisions"}],"predecessor-version":[{"id":95,"href":"https:\/\/jundiai.sp.gov.br\/saude\/wp-json\/wp\/v2\/pages\/74\/revisions\/95"}],"up":[{"embeddable":true,"href":"https:\/\/jundiai.sp.gov.br\/saude\/wp-json\/wp\/v2\/pages\/56"}],"wp:attachment":[{"href":"https:\/\/jundiai.sp.gov.br\/saude\/wp-json\/wp\/v2\/media?parent=74"}],"curies":[{"name":"wp","href":"https:\/\/api.w.org\/{rel}","templated":true}]}}