{"id":743,"date":"2014-09-16T15:23:18","date_gmt":"2014-09-16T18:23:18","guid":{"rendered":"https:\/\/jundiai.sp.gov.br\/saude\/?page_id=743"},"modified":"2014-09-16T15:28:01","modified_gmt":"2014-09-16T18:28:01","slug":"dados-estatisticos","status":"publish","type":"page","link":"https:\/\/jundiai.sp.gov.br\/saude\/vigilancia-epidemiologica\/dados-estatisticos\/","title":{"rendered":"Dados Estat\u00edsticos"},"content":{"rendered":"<p>A Vigil\u00e2ncia Epidemiol\u00f3gica trabalha com v\u00e1rios sistemas de informa\u00e7\u00e3o disponibilizados pelo Minist\u00e9rio da Sa\u00fade, que auxiliam no controle e an\u00e1lise das doen\u00e7as de notifica\u00e7\u00e3o compuls\u00f3ria e dos dados de mortalidade e nascidos vivos.<\/p>\n<p>Esses sistemas s\u00e3o alimentados e, periodicamente, as informa\u00e7\u00f5es s\u00e3o enviadas ao Minist\u00e9rio da Sa\u00fade, onde s\u00e3o agregados \u00e0 base de dados nacional.<\/p>\n<p>Esses dados s\u00e3o disponibilizados pelo Minist\u00e9rio da Sa\u00fade para consulta p\u00fablica atrav\u00e9s da internet. Para acess\u00e1-los poder\u00e3o ser consultados os sites abaixo:<\/p>\n<ul>\n<li><a href=\"http:\/\/datasus.saude.gov.br\/\" target=\"_blank\"><strong>DATASUS &#8211; Departamento de Inform\u00e1tica do SUS<\/strong><\/a>;<\/li>\n<li><a href=\"http:\/\/www.sidra.ibge.gov.br\/\" target=\"_blank\"><strong>IBGE &#8211; Banco de dados Agregados<\/strong><\/a>;<\/li>\n<li><a href=\"http:\/\/www.seade.gov.br\/\" target=\"_blank\"><strong>SEADE &#8211; Portal de Estat\u00edsticas do Estado de S\u00e3o Paulo<\/strong><\/a>;<\/li>\n<li><a href=\"http:\/\/189.28.128.178\/sage\/\" target=\"_blank\"><strong>SAGE &#8211; Sala de Apoio \u00e0 Gest\u00e3o Estrat\u00e9gica do Minist\u00e9rio da Sa\u00fade<\/strong><\/a>.<\/li>\n<\/ul>\n","protected":false},"excerpt":{"rendered":"<p>A Vigil\u00e2ncia Epidemiol\u00f3gica trabalha com v\u00e1rios sistemas de informa\u00e7\u00e3o disponibilizados pelo Minist\u00e9rio da Sa\u00fade, que auxiliam no controle e an\u00e1lise das doen\u00e7as de notifica\u00e7\u00e3o compuls\u00f3ria e dos dados de mortalidade e nascidos vivos. Esses sistemas s\u00e3o alimentados e, periodicamente, as informa\u00e7\u00f5es s\u00e3o enviadas ao Minist\u00e9rio da Sa\u00fade, onde s\u00e3o agregados \u00e0 base de dados nacional. [&hellip;]<\/p>\n","protected":false},"author":14,"featured_media":0,"parent":737,"menu_order":0,"comment_status":"closed","ping_status":"closed","template":"page-subpaginas.php","meta":{"footnotes":""},"class_list":["post-743","page","type-page","status-publish","hentry"],"_links":{"self":[{"href":"https:\/\/jundiai.sp.gov.br\/saude\/wp-json\/wp\/v2\/pages\/743","targetHints":{"allow":["GET"]}}],"collection":[{"href":"https:\/\/jundiai.sp.gov.br\/saude\/wp-json\/wp\/v2\/pages"}],"about":[{"href":"https:\/\/jundiai.sp.gov.br\/saude\/wp-json\/wp\/v2\/types\/page"}],"author":[{"embeddable":true,"href":"https:\/\/jundiai.sp.gov.br\/saude\/wp-json\/wp\/v2\/users\/14"}],"replies":[{"embeddable":true,"href":"https:\/\/jundiai.sp.gov.br\/saude\/wp-json\/wp\/v2\/comments?post=743"}],"version-history":[{"count":3,"href":"https:\/\/jundiai.sp.gov.br\/saude\/wp-json\/wp\/v2\/pages\/743\/revisions"}],"predecessor-version":[{"id":746,"href":"https:\/\/jundiai.sp.gov.br\/saude\/wp-json\/wp\/v2\/pages\/743\/revisions\/746"}],"up":[{"embeddable":true,"href":"https:\/\/jundiai.sp.gov.br\/saude\/wp-json\/wp\/v2\/pages\/737"}],"wp:attachment":[{"href":"https:\/\/jundiai.sp.gov.br\/saude\/wp-json\/wp\/v2\/media?parent=743"}],"curies":[{"name":"wp","href":"https:\/\/api.w.org\/{rel}","templated":true}]}}