{"id":78,"date":"2014-08-25T16:55:35","date_gmt":"2014-08-25T19:55:35","guid":{"rendered":"https:\/\/jundiai.sp.gov.br\/saude\/?page_id=78"},"modified":"2014-08-26T11:05:37","modified_gmt":"2014-08-26T14:05:37","slug":"cirurgia-de-cabeca-e-pescoco","status":"publish","type":"page","link":"https:\/\/jundiai.sp.gov.br\/saude\/atendimento-especializado\/cirurgia-de-cabeca-e-pescoco\/","title":{"rendered":"Cirurgia de cabe\u00e7a e pesco\u00e7o"},"content":{"rendered":"<p><strong>ATENDIMENTO M\u00c9DICO ESPECIALIZADO:<\/strong> CIRURGIA CABE\u00c7A E PESCO\u00c7O<\/p>\n<p>&nbsp;<\/p>\n<p><strong>O que \u00e9?<\/strong><\/p>\n<p>Atendimento ambulatorial para doen\u00e7as localizadas na cabe\u00e7a ou pesco\u00e7o.<\/p>\n<p>&nbsp;<\/p>\n<p><strong>Quando \u00e9 necess\u00e1rio?<\/strong><\/p>\n<p>Nas doen\u00e7as da cabe\u00e7a ou pesco\u00e7o em acompanhamento na Unidade de Sa\u00fade que necessitam de avalia\u00e7\u00e3o m\u00e9dica especializada.<\/p>\n<p>&nbsp;<\/p>\n<p><strong>Somente com encaminhamento m\u00e9dico da Unidade B\u00e1sica de Sa\u00fade para uma das unidades abaixo:<\/strong><\/p>\n<p><strong>NIS \u2013 N\u00facleo Integrado de Sa\u00fade<\/strong><br \/>\nRua Carlos de Salles Bloch, 74 Anhangaba\u00fa<br \/>\nTelefone: (11) 4588-7388<br \/>\nHor\u00e1rio: das 08h \u00e0s 17h, de 2\u00aa a 6\u00aa-feira.<\/p>\n<p><strong>Ambulat\u00f3rio de Especialidades da Faculdade de Medicina de Jundia\u00ed<\/strong><br \/>\nRua Francisco Telles, 222 Vila Arens<br \/>\nTelefone: (11) 4587-6811<br \/>\nHor\u00e1rio: das 07h30 \u00e0s 20h, de 2\u00aa a 6\u00aa-feira.<\/p>\n<p><strong>Ambulat\u00f3rio de Especialidades do Hospital de Caridade S\u00e3o Vicente de Paulo<\/strong><br \/>\nRua Euclides da cunha, 158, Centro<br \/>\nTelefone: (11) 4583-8155<br \/>\nHor\u00e1rio:\u00a0das 07h \u00e0s 17h,\u00a0de 2\u00aa a 6\u00aa-feira.<br \/>\n<strong>Documentos Necess\u00e1rios:<\/strong><\/p>\n<p>RG &#8211; original (simples apresenta\u00e7\u00e3o).<br \/>\nCart\u00e3o da Unidade B\u00e1sica de Sa\u00fade.<br \/>\nCart\u00e3o do SUS &#8211; original (simples apresenta\u00e7\u00e3o).<br \/>\nEncaminhamento m\u00e9dico da unidade de sa\u00fade \u2013 original e exames anteriores.<\/p>\n<p>&nbsp;<\/p>\n<p><strong>Como fazer?<\/strong><\/p>\n<p>Possuir cadastro na Unidade de Sa\u00fade de refer\u00eancia de seu bairro.<br \/>\nPara o cadastramento na Unidade de Sa\u00fade, \u00e9 necess\u00e1rio apresentar o RG e comprovante de resid\u00eancia (conta de \u00e1gua ou de luz).<br \/>\nAgendar consulta m\u00e9dica na Unidade de Sa\u00fade de refer\u00eancia do bairro onde mora, para a avalia\u00e7\u00e3o do caso pelo m\u00e9dico da Unidade e posterior encaminhamento a crit\u00e9rio m\u00e9dico.<\/p>\n","protected":false},"excerpt":{"rendered":"<p>ATENDIMENTO M\u00c9DICO ESPECIALIZADO: CIRURGIA CABE\u00c7A E PESCO\u00c7O &nbsp; O que \u00e9? Atendimento ambulatorial para doen\u00e7as localizadas na cabe\u00e7a ou pesco\u00e7o. &nbsp; Quando \u00e9 necess\u00e1rio? Nas doen\u00e7as da cabe\u00e7a ou pesco\u00e7o em acompanhamento na Unidade de Sa\u00fade que necessitam de avalia\u00e7\u00e3o m\u00e9dica especializada. &nbsp; Somente com encaminhamento m\u00e9dico da Unidade B\u00e1sica de Sa\u00fade para uma das [&hellip;]<\/p>\n","protected":false},"author":14,"featured_media":0,"parent":56,"menu_order":0,"comment_status":"closed","ping_status":"closed","template":"","meta":{"footnotes":""},"class_list":["post-78","page","type-page","status-publish","hentry"],"_links":{"self":[{"href":"https:\/\/jundiai.sp.gov.br\/saude\/wp-json\/wp\/v2\/pages\/78","targetHints":{"allow":["GET"]}}],"collection":[{"href":"https:\/\/jundiai.sp.gov.br\/saude\/wp-json\/wp\/v2\/pages"}],"about":[{"href":"https:\/\/jundiai.sp.gov.br\/saude\/wp-json\/wp\/v2\/types\/page"}],"author":[{"embeddable":true,"href":"https:\/\/jundiai.sp.gov.br\/saude\/wp-json\/wp\/v2\/users\/14"}],"replies":[{"embeddable":true,"href":"https:\/\/jundiai.sp.gov.br\/saude\/wp-json\/wp\/v2\/comments?post=78"}],"version-history":[{"count":2,"href":"https:\/\/jundiai.sp.gov.br\/saude\/wp-json\/wp\/v2\/pages\/78\/revisions"}],"predecessor-version":[{"id":96,"href":"https:\/\/jundiai.sp.gov.br\/saude\/wp-json\/wp\/v2\/pages\/78\/revisions\/96"}],"up":[{"embeddable":true,"href":"https:\/\/jundiai.sp.gov.br\/saude\/wp-json\/wp\/v2\/pages\/56"}],"wp:attachment":[{"href":"https:\/\/jundiai.sp.gov.br\/saude\/wp-json\/wp\/v2\/media?parent=78"}],"curies":[{"name":"wp","href":"https:\/\/api.w.org\/{rel}","templated":true}]}}