{"id":86,"date":"2014-08-26T10:16:01","date_gmt":"2014-08-26T13:16:01","guid":{"rendered":"https:\/\/jundiai.sp.gov.br\/saude\/?page_id=86"},"modified":"2021-04-26T16:40:36","modified_gmt":"2021-04-26T19:40:36","slug":"dependentes-quimicos","status":"publish","type":"page","link":"https:\/\/jundiai.sp.gov.br\/saude\/atendimento-especializado\/dependentes-quimicos\/","title":{"rendered":"Dependentes qu\u00edmicos"},"content":{"rendered":"<p><strong>ATENDIMENTO MULTIDISCIPLINAR ESPECIALIZADO:<\/strong> DEPENDENTES QU\u00cdMICOS<\/p>\n<p><strong>O que \u00e9?<\/strong><\/p>\n<p>Atendimento especializado na \u00e1rea de sa\u00fade mental para pacientes dependentes qu\u00edmicos (drogas\/\u00e1lcool) .<\/p>\n<p>O atendimento \u00e9 feito por equipe multiprofissional, composta por assistentes sociais, psiquiatras, enfermeiros, psic\u00f3logos, terapeutas ocupacionais e educadores f\u00edsicos.<\/p>\n<p><strong>Quando \u00e9 necess\u00e1rio?<\/strong><br \/>\nQuando o individuo apresentar problemas relacionados ao uso ou abuso de \u00e1lcool e outras drogas.<\/p>\n<p><strong>Onde?<\/strong><\/p>\n<ul>\n<li><strong>Adultos e Adolescentes acima de 15 anos:<\/strong><\/li>\n<\/ul>\n<p><strong>CAPS &#8211; Centro de Atendimento Psicossocial &#8211; \u00c1lcool e Drogas<\/strong><br \/>\nRua Gi\u00e1como \u00cdtria, 393, Anhangaba\u00fa<br \/>\nTelefones: (11) 4522-4277 \/ 4522-6898<br \/>\nHor\u00e1rio: das 8h \u00e0s 17h, de segunda\u00a0a sexta-feira.<\/p>\n<ul>\n<li><strong>Crian\u00e7as e adolescentes at\u00e9 15 anos:<\/strong><\/li>\n<\/ul>\n<p><strong>CAPSi &#8211; Centro de Atendimento Psicossocial Infantil<\/strong><br \/>\nAvenida Comandante Videlmo Munhoz, 345, Anhangaba\u00fa<br \/>\nTelefone: (11) 4522-0672\/ 4586-4537<br \/>\nHor\u00e1rio: das 8h \u00e0s 17h, de segunda a sexta-feira.<\/p>\n<p><strong>Documentos Necess\u00e1rios:<\/strong><\/p>\n<p>Guia de refer\u00eancia e contra refer\u00eancia original, emitida por m\u00e9dico ou profissional de sa\u00fade de n\u00edvel superior, da rede municipal de sa\u00fade (UBS\/ Ambulat\u00f3rios)<br \/>\n<strong>Como fazer?<br \/>\n<\/strong>Possuir cadastro na Unidade de Sa\u00fade de refer\u00eancia de seu bairro.<br \/>\nPara o cadastramento na Unidade de Sa\u00fade, \u00e9 necess\u00e1rio apresentar o RG e comprovante de resid\u00eancia (conta de \u00e1gua ou de luz).<br \/>\nAgendar consulta na Unidade de Sa\u00fade de refer\u00eancia do bairro onde mora, para a avalia\u00e7\u00e3o do caso pelo m\u00e9dico ou profissional de sa\u00fade de n\u00edvel superior da unidade para posterior encaminhamento a crit\u00e9rio.<\/p>\n","protected":false},"excerpt":{"rendered":"<p>ATENDIMENTO MULTIDISCIPLINAR ESPECIALIZADO: DEPENDENTES QU\u00cdMICOS O que \u00e9? Atendimento especializado na \u00e1rea de sa\u00fade mental para pacientes dependentes qu\u00edmicos (drogas\/\u00e1lcool) . O atendimento \u00e9 feito por equipe multiprofissional, composta por assistentes sociais, psiquiatras, enfermeiros, psic\u00f3logos, terapeutas ocupacionais e educadores f\u00edsicos. Quando \u00e9 necess\u00e1rio? Quando o individuo apresentar problemas relacionados ao uso ou abuso de \u00e1lcool [&hellip;]<\/p>\n","protected":false},"author":14,"featured_media":0,"parent":56,"menu_order":0,"comment_status":"closed","ping_status":"closed","template":"page-subpaginas.php","meta":{"footnotes":""},"class_list":["post-86","page","type-page","status-publish","hentry"],"_links":{"self":[{"href":"https:\/\/jundiai.sp.gov.br\/saude\/wp-json\/wp\/v2\/pages\/86","targetHints":{"allow":["GET"]}}],"collection":[{"href":"https:\/\/jundiai.sp.gov.br\/saude\/wp-json\/wp\/v2\/pages"}],"about":[{"href":"https:\/\/jundiai.sp.gov.br\/saude\/wp-json\/wp\/v2\/types\/page"}],"author":[{"embeddable":true,"href":"https:\/\/jundiai.sp.gov.br\/saude\/wp-json\/wp\/v2\/users\/14"}],"replies":[{"embeddable":true,"href":"https:\/\/jundiai.sp.gov.br\/saude\/wp-json\/wp\/v2\/comments?post=86"}],"version-history":[{"count":4,"href":"https:\/\/jundiai.sp.gov.br\/saude\/wp-json\/wp\/v2\/pages\/86\/revisions"}],"predecessor-version":[{"id":3898,"href":"https:\/\/jundiai.sp.gov.br\/saude\/wp-json\/wp\/v2\/pages\/86\/revisions\/3898"}],"up":[{"embeddable":true,"href":"https:\/\/jundiai.sp.gov.br\/saude\/wp-json\/wp\/v2\/pages\/56"}],"wp:attachment":[{"href":"https:\/\/jundiai.sp.gov.br\/saude\/wp-json\/wp\/v2\/media?parent=86"}],"curies":[{"name":"wp","href":"https:\/\/api.w.org\/{rel}","templated":true}]}}