{"id":24,"date":"2017-04-26T10:33:04","date_gmt":"2017-04-26T13:33:04","guid":{"rendered":"https:\/\/jundiai.sp.gov.br\/seguranca-publica\/?page_id=24"},"modified":"2025-09-17T11:45:20","modified_gmt":"2025-09-17T14:45:20","slug":"organograma","status":"publish","type":"page","link":"https:\/\/jundiai.sp.gov.br\/seguranca-publica\/organograma\/","title":{"rendered":"Organograma"},"content":{"rendered":"\n<h2 class=\"wp-block-heading\">Estrutura da Secretaria<\/h2>\n\n\n\n<p>Secret\u00e1rio: <strong>Guilherme Balbino Rigo<\/strong><\/p>\n\n\n\n<hr class=\"wp-block-separator has-alpha-channel-opacity\"\/>\n\n\n\n<p><strong>Departamento de Planejamento, Gest\u00e3o e Finan\u00e7as<\/strong><br>Diretora: Daiana Thereza Manzini\u00a0Cao<\/p>\n\n\n\n<p><strong>Departamento de Intelig\u00eancia em Assuntos de Seguran\u00e7a P\u00fablica<\/strong><br>Diretor: Odair Roberto\u00a0Matenauer<\/p>\n\n\n\n<p><strong>Departamento de Gest\u00e3o do Centro Integrado de Emerg\u00eancia e Seguran\u00e7a<\/strong><br>Diretor: Erich\u00a0Streng\u00a0Godoi<\/p>\n\n\n\n<p><strong>Corregedoria Geral da Guarda Municipal<\/strong><br>Corregedor:\u00a0Edinilson Antonio<\/p>\n\n\n\n<p><strong>Guarda Municipal<\/strong><br>Comandante: C\u00e1ssio Roberto Nicola<br>Subcomandante: D\u00eanis Fernando\u00a0Berni<\/p>\n\n\n\n<p><\/p>\n","protected":false},"excerpt":{"rendered":"<p>Estrutura da Secretaria Secret\u00e1rio: Guilherme Balbino Rigo Departamento de Planejamento, Gest\u00e3o e Finan\u00e7asDiretora: Daiana Thereza Manzini\u00a0Cao Departamento de Intelig\u00eancia em Assuntos de Seguran\u00e7a P\u00fablicaDiretor: Odair Roberto\u00a0Matenauer Departamento de Gest\u00e3o do Centro Integrado de Emerg\u00eancia e Seguran\u00e7aDiretor: Erich\u00a0Streng\u00a0Godoi Corregedoria Geral da Guarda MunicipalCorregedor:\u00a0Edinilson Antonio Guarda MunicipalComandante: C\u00e1ssio Roberto NicolaSubcomandante: D\u00eanis Fernando\u00a0Berni<\/p>\n","protected":false},"author":14,"featured_media":0,"parent":0,"menu_order":0,"comment_status":"closed","ping_status":"closed","template":"","meta":{"footnotes":""},"class_list":["post-24","page","type-page","status-publish","hentry"],"_links":{"self":[{"href":"https:\/\/jundiai.sp.gov.br\/seguranca-publica\/wp-json\/wp\/v2\/pages\/24","targetHints":{"allow":["GET"]}}],"collection":[{"href":"https:\/\/jundiai.sp.gov.br\/seguranca-publica\/wp-json\/wp\/v2\/pages"}],"about":[{"href":"https:\/\/jundiai.sp.gov.br\/seguranca-publica\/wp-json\/wp\/v2\/types\/page"}],"author":[{"embeddable":true,"href":"https:\/\/jundiai.sp.gov.br\/seguranca-publica\/wp-json\/wp\/v2\/users\/14"}],"replies":[{"embeddable":true,"href":"https:\/\/jundiai.sp.gov.br\/seguranca-publica\/wp-json\/wp\/v2\/comments?post=24"}],"version-history":[{"count":14,"href":"https:\/\/jundiai.sp.gov.br\/seguranca-publica\/wp-json\/wp\/v2\/pages\/24\/revisions"}],"predecessor-version":[{"id":85,"href":"https:\/\/jundiai.sp.gov.br\/seguranca-publica\/wp-json\/wp\/v2\/pages\/24\/revisions\/85"}],"wp:attachment":[{"href":"https:\/\/jundiai.sp.gov.br\/seguranca-publica\/wp-json\/wp\/v2\/media?parent=24"}],"curies":[{"name":"wp","href":"https:\/\/api.w.org\/{rel}","templated":true}]}}