{"id":6,"date":"2017-02-16T11:49:56","date_gmt":"2017-02-16T13:49:56","guid":{"rendered":"https:\/\/jundiai.sp.gov.br\/seguranca-publica\/?page_id=6"},"modified":"2025-09-30T15:10:35","modified_gmt":"2025-09-30T18:10:35","slug":"seguranca-municipal","status":"publish","type":"page","link":"https:\/\/jundiai.sp.gov.br\/seguranca-publica\/","title":{"rendered":"Seguran\u00e7a P\u00fablica Municipal"},"content":{"rendered":"\n<p><strong>A <strong>Secretaria Municipal<\/strong> de Seguran\u00e7a P\u00fablica Municipal tem por finalidade coordenar as a\u00e7\u00f5es e pol\u00edticas de seguran\u00e7a, prote\u00e7\u00e3o dos bens e servi\u00e7os no Munic\u00edpio, suportada pela seguinte estrutura org\u00e2nica b\u00e1sica:<\/strong><\/p>\n\n\n\n<ul class=\"wp-block-list\">\n<li>N\u00facleo de Planejamento, Gest\u00e3o e Finan\u00e7as;<\/li>\n\n\n\n<li>N\u00facleo de Intelig\u00eancia em Assuntos de Seguran\u00e7a Municipal;<\/li>\n\n\n\n<li>Guarda Municipal;<\/li>\n\n\n\n<li>Unidade de Entregas Setorial.<\/li>\n<\/ul>\n\n\n\n<p>A <strong>Guarda Municipal<\/strong> atua por subordina\u00e7\u00e3o administrativa \u00e0 <strong><strong>Secretaria Municipal<\/strong> de Seguran\u00e7a P\u00fablica Municipal<\/strong>.<\/p>\n\n\n\n<h2 class=\"wp-block-heading\">Contatos<\/h2>\n\n\n\n<p><strong>Gabinete do Secret\u00e1rio de Seguran\u00e7a Municipal<\/strong><br>Avenida Uni\u00e3o dos Ferrovi\u00e1rios, 1600, Complexo Fepasa<br>Telefone: (11) 4492-9066<\/p>\n\n\n\n<p><strong>Se\u00e7\u00e3o de Atendimento<\/strong><br>Telefone: (11) 4492-9095<\/p>\n\n\n\n<p><strong>N\u00facleo de Planejamento, Gest\u00e3o e Finan\u00e7as<\/strong><br>Telefone: (11) 4492-9076<\/p>\n\n\n\n<p><strong>N\u00facleo de Intelig\u00eancia em Assuntos de Seguran\u00e7a Municipal<\/strong><br>Telefone: (11) 4492-9076<\/p>\n\n\n\n<p><strong>Guarda Municipal<\/strong><br>Avenida Uni\u00e3o dos Ferrovi\u00e1rios, 1600, Complexo Fepasa<br>Telefone: (11) 4492-9090<\/p>\n","protected":false},"excerpt":{"rendered":"<p>A Secretaria Municipal de Seguran\u00e7a P\u00fablica Municipal tem por finalidade coordenar as a\u00e7\u00f5es e pol\u00edticas de seguran\u00e7a, prote\u00e7\u00e3o dos bens e servi\u00e7os no Munic\u00edpio, suportada pela seguinte estrutura org\u00e2nica b\u00e1sica: A Guarda Municipal atua por subordina\u00e7\u00e3o administrativa \u00e0 Secretaria Municipal de Seguran\u00e7a P\u00fablica Municipal. Contatos Gabinete do Secret\u00e1rio de Seguran\u00e7a MunicipalAvenida Uni\u00e3o dos Ferrovi\u00e1rios, 1600, [&hellip;]<\/p>\n","protected":false},"author":8,"featured_media":0,"parent":0,"menu_order":0,"comment_status":"closed","ping_status":"closed","template":"","meta":{"footnotes":""},"class_list":["post-6","page","type-page","status-publish","hentry"],"_links":{"self":[{"href":"https:\/\/jundiai.sp.gov.br\/seguranca-publica\/wp-json\/wp\/v2\/pages\/6","targetHints":{"allow":["GET"]}}],"collection":[{"href":"https:\/\/jundiai.sp.gov.br\/seguranca-publica\/wp-json\/wp\/v2\/pages"}],"about":[{"href":"https:\/\/jundiai.sp.gov.br\/seguranca-publica\/wp-json\/wp\/v2\/types\/page"}],"author":[{"embeddable":true,"href":"https:\/\/jundiai.sp.gov.br\/seguranca-publica\/wp-json\/wp\/v2\/users\/8"}],"replies":[{"embeddable":true,"href":"https:\/\/jundiai.sp.gov.br\/seguranca-publica\/wp-json\/wp\/v2\/comments?post=6"}],"version-history":[{"count":13,"href":"https:\/\/jundiai.sp.gov.br\/seguranca-publica\/wp-json\/wp\/v2\/pages\/6\/revisions"}],"predecessor-version":[{"id":87,"href":"https:\/\/jundiai.sp.gov.br\/seguranca-publica\/wp-json\/wp\/v2\/pages\/6\/revisions\/87"}],"wp:attachment":[{"href":"https:\/\/jundiai.sp.gov.br\/seguranca-publica\/wp-json\/wp\/v2\/media?parent=6"}],"curies":[{"name":"wp","href":"https:\/\/api.w.org\/{rel}","templated":true}]}}