{"id":10,"date":"2019-08-05T16:46:02","date_gmt":"2019-08-05T19:46:02","guid":{"rendered":"https:\/\/jundiai.sp.gov.br\/sei\/?page_id=10"},"modified":"2025-08-05T09:54:20","modified_gmt":"2025-08-05T12:54:20","slug":"tipos-de-processos","status":"publish","type":"page","link":"https:\/\/jundiai.sp.gov.br\/sei\/tipos-de-processos\/","title":{"rendered":"PROCESSOS QUE PODEM SER ABERTOS PELO SEI:"},"content":{"rendered":"\n<ul class=\"wp-block-list\">\n<li>Certid\u00e3o de USO de SOLO RURAL ou sem IPTU<\/li>\n\n\n\n<li>INFRAESTRUTURA &#8211; Implanta\u00e7\u00e3o de Interfer\u00eancia A.P.<\/li>\n\n\n\n<li>INFRAESTRUTURA &#8211; Op. de Transp. e Mov. de Cargas<\/li>\n\n\n\n<li>Publicidade &#8211; Cancelamento de publicidade<\/li>\n\n\n\n<li>Publicidade &#8211; Licenciamento de publicidade impressa<\/li>\n\n\n\n<li>Publicidade &#8211; Licenciamento de publicidade instalada<\/li>\n\n\n\n<li>Publicidade &#8211; Licenciamento de publicidade tempor\u00e1ria e especial<\/li>\n\n\n\n<li>Publicidade &#8211; Prorroga\u00e7\u00e3o de prazo de notifica\u00e7\u00e3o<\/li>\n\n\n\n<li>Publicidade &#8211; Recurso de multa<\/li>\n\n\n\n<li>Recurso de Infra\u00e7\u00e3o do Transporte Coletivo<\/li>\n\n\n\n<li>Solicita\u00e7\u00e3o de Autoriza\u00e7\u00e3o de Eventos na Serra do Japi<\/li>\n<\/ul>\n","protected":false},"excerpt":{"rendered":"","protected":false},"author":8,"featured_media":0,"parent":0,"menu_order":0,"comment_status":"closed","ping_status":"closed","template":"","meta":{"footnotes":""},"class_list":["post-10","page","type-page","status-publish","hentry"],"_links":{"self":[{"href":"https:\/\/jundiai.sp.gov.br\/sei\/wp-json\/wp\/v2\/pages\/10","targetHints":{"allow":["GET"]}}],"collection":[{"href":"https:\/\/jundiai.sp.gov.br\/sei\/wp-json\/wp\/v2\/pages"}],"about":[{"href":"https:\/\/jundiai.sp.gov.br\/sei\/wp-json\/wp\/v2\/types\/page"}],"author":[{"embeddable":true,"href":"https:\/\/jundiai.sp.gov.br\/sei\/wp-json\/wp\/v2\/users\/8"}],"replies":[{"embeddable":true,"href":"https:\/\/jundiai.sp.gov.br\/sei\/wp-json\/wp\/v2\/comments?post=10"}],"version-history":[{"count":7,"href":"https:\/\/jundiai.sp.gov.br\/sei\/wp-json\/wp\/v2\/pages\/10\/revisions"}],"predecessor-version":[{"id":66,"href":"https:\/\/jundiai.sp.gov.br\/sei\/wp-json\/wp\/v2\/pages\/10\/revisions\/66"}],"wp:attachment":[{"href":"https:\/\/jundiai.sp.gov.br\/sei\/wp-json\/wp\/v2\/media?parent=10"}],"curies":[{"name":"wp","href":"https:\/\/api.w.org\/{rel}","templated":true}]}}