{"id":6,"date":"2019-08-05T16:45:27","date_gmt":"2019-08-05T19:45:27","guid":{"rendered":"https:\/\/jundiai.sp.gov.br\/sei\/?page_id=6"},"modified":"2024-06-10T18:22:17","modified_gmt":"2024-06-10T21:22:17","slug":"sistema-eletronico-de-informacoes-sei","status":"publish","type":"page","link":"https:\/\/jundiai.sp.gov.br\/sei\/","title":{"rendered":"Sistema Eletr\u00f4nico de Informa\u00e7\u00f5es (SEI)"},"content":{"rendered":"\n<p>O SEI \u00e9 uma ferramenta de gest\u00e3o de documentos e processos eletr\u00f4nicos, que tem como objetivo eliminar os processos manuais em papel, promovendo a efici\u00eancia administrativa, celeridade, economia de recursos, seguran\u00e7a no tr\u00e2mite, transpar\u00eancia e agilidade nos processos.<\/p>\n\n\n\n<p>Atrav\u00e9s dele, s\u00e3o disponibilizados servi\u00e7os destinado a pessoas f\u00edsicas que participem em processos administrativos, independente de vincula\u00e7\u00e3o a determinada pessoa jur\u00eddica, para fins de abertura de processos (peticionamento) ou assinatura de contratos, conv\u00eanios, termos e acordos. Para saber como \u00e9 feito o cadastro e libera\u00e7\u00e3o de acesso, consulte o <a href=\"https:\/\/portalsei.jundiai.sp.gov.br\/wp-content\/uploads\/Manual_CadastroUsuarioExterno_Jundiai_V3.pdf\" target=\"_blank\" rel=\"noopener\">Manual de Cadastro de Usu\u00e1rio Externo<\/a>.<\/p>\n\n\n\n<div style=\"height:50px\" aria-hidden=\"true\" class=\"wp-block-spacer\"><\/div>\n\n\n\n<div class=\"wp-block-columns coluna-botoes is-layout-flex wp-container-core-columns-is-layout-9d6595d7 wp-block-columns-is-layout-flex\">\n<div class=\"wp-block-column is-layout-flow wp-block-column-is-layout-flow\">\n<a id=\"acesso-externo\" class=\"sei-botao\" href=\"https:\/\/sei.jundiai.sp.gov.br\/sei\/controlador_externo.php?acao=usuario_externo_logar&amp;id_orgao_acesso_externo=0\">Acesso Externo<\/a><p><\/p>\n\n\n\n\n<p class=\"has-text-align-center\">Abertura de processos ou assinatura de contratos, conv\u00eanios, termos e acordos<\/p>\n\n\n\n<p class=\"has-text-align-center\"><a href=\"https:\/\/jundiai.sp.gov.br\/sei\/wp-content\/uploads\/sites\/49\/2024\/01\/termo_-de_concordancia_e_veracidade-_final.pdf\" target=\"_blank\" rel=\"noopener\">Termo de Concord\u00e2ncia e Veracidade<\/a><\/p>\n\n\n\n<p class=\"has-text-align-center\"><a class=\"fancybox-iframe\" href=\"https:\/\/jundiai.sp.gov.br\/sei\/tipos-de-processos\/?apenas_conteudo=S\">Veja aqui o processo que pode ser aberto pelo SEI<\/a><\/p>\n<\/div>\n\n\n\n<div class=\"wp-block-column is-layout-flow wp-block-column-is-layout-flow\">\n<a id=\"consulta-publica\" class=\"sei-botao\" href=\"https:\/\/sei.jundiai.sp.gov.br\/sei\/modulos\/pesquisa\/md_pesq_processo_pesquisar.php?acao_externa=protocolo_pesquisar&amp;acao_origem_externa=protocolo_pesquisar&amp;id_orgao_acesso_externo=0\">Consulta P\u00fablica<\/a>\n\n\n\n<p class=\"has-text-align-center\">Consulta de processos eletr\u00f4nicos abertos pelo SEI<\/p>\n<\/div>\n<\/div>\n\n\n\n<div style=\"height:50px\" aria-hidden=\"true\" class=\"wp-block-spacer\"><\/div>\n\n\n\n<div class=\"wp-block-columns coluna-botoes is-layout-flex wp-container-core-columns-is-layout-9d6595d7 wp-block-columns-is-layout-flex\">\n<div class=\"wp-block-column is-layout-flow wp-block-column-is-layout-flow\">\n<a id=\"autenticidade\" class=\"sei-botao\" href=\"https:\/\/sei.jundiai.sp.gov.br\/sei\/controlador_externo.php?acao=documento_conferir&amp;acao_origem=documento_conferir&amp;id_orgao_acesso_externo=0\">Autenticidade de Documentos<\/a>\n\n\n\n<p class=\"has-text-align-center\">Verifica\u00e7\u00e3o de autenticidade de documentos produzidos no SEI<\/p>\n<\/div>\n\n\n\n<div class=\"wp-block-column is-vertically-aligned-top is-layout-flow wp-block-column-is-layout-flow\">\n<a id=\"portal-sei\" class=\"sei-botao\" href=\"https:\/\/portalsei.jundiai.sp.gov.br\/\">Portal SEI<\/a>\n\n\n\n<p class=\"has-text-align-center\">Acessos e Manuais<\/p>\n<\/div>\n<\/div>\n\n\n\n<div style=\"height:100px\" aria-hidden=\"true\" class=\"wp-block-spacer\"><\/div>\n","protected":false},"excerpt":{"rendered":"<p>O SEI \u00e9 uma ferramenta de gest\u00e3o de documentos e processos eletr\u00f4nicos, que tem como objetivo eliminar os processos manuais em papel, promovendo a efici\u00eancia administrativa, celeridade, economia de recursos, seguran\u00e7a no tr\u00e2mite, transpar\u00eancia e agilidade nos processos. Atrav\u00e9s dele, s\u00e3o disponibilizados servi\u00e7os destinado a pessoas f\u00edsicas que participem em processos administrativos, independente de vincula\u00e7\u00e3o [&hellip;]<\/p>\n","protected":false},"author":8,"featured_media":0,"parent":0,"menu_order":0,"comment_status":"closed","ping_status":"closed","template":"","meta":{"footnotes":""},"class_list":["post-6","page","type-page","status-publish","hentry"],"_links":{"self":[{"href":"https:\/\/jundiai.sp.gov.br\/sei\/wp-json\/wp\/v2\/pages\/6","targetHints":{"allow":["GET"]}}],"collection":[{"href":"https:\/\/jundiai.sp.gov.br\/sei\/wp-json\/wp\/v2\/pages"}],"about":[{"href":"https:\/\/jundiai.sp.gov.br\/sei\/wp-json\/wp\/v2\/types\/page"}],"author":[{"embeddable":true,"href":"https:\/\/jundiai.sp.gov.br\/sei\/wp-json\/wp\/v2\/users\/8"}],"replies":[{"embeddable":true,"href":"https:\/\/jundiai.sp.gov.br\/sei\/wp-json\/wp\/v2\/comments?post=6"}],"version-history":[{"count":20,"href":"https:\/\/jundiai.sp.gov.br\/sei\/wp-json\/wp\/v2\/pages\/6\/revisions"}],"predecessor-version":[{"id":64,"href":"https:\/\/jundiai.sp.gov.br\/sei\/wp-json\/wp\/v2\/pages\/6\/revisions\/64"}],"wp:attachment":[{"href":"https:\/\/jundiai.sp.gov.br\/sei\/wp-json\/wp\/v2\/media?parent=6"}],"curies":[{"name":"wp","href":"https:\/\/api.w.org\/{rel}","templated":true}]}}