{"id":103,"date":"2017-03-20T14:13:31","date_gmt":"2017-03-20T17:13:31","guid":{"rendered":"https:\/\/jundiai.sp.gov.br\/servicos-online\/?page_id=103"},"modified":"2024-01-19T12:20:24","modified_gmt":"2024-01-19T15:20:24","slug":"segunda-via-de-tributos-do-feirante","status":"publish","type":"page","link":"https:\/\/jundiai.sp.gov.br\/servicos-online\/segunda-via-de-tributos-do-feirante\/","title":{"rendered":"Segunda Via de Tributos do Feirante"},"content":{"rendered":"<p><strong>Aten\u00e7\u00e3o:<\/strong> O sistema bloquear\u00e1 a emiss\u00e3o da segunda via para tributos de lan\u00e7amento fixo que estiverem quitados, assim como para o ISSQN no per\u00edodo fiscalizado.<\/p>\n","protected":false},"excerpt":{"rendered":"<p>Aten\u00e7\u00e3o: O sistema bloquear\u00e1 a emiss\u00e3o da segunda via para tributos de lan\u00e7amento fixo que estiverem quitados, assim como para o ISSQN no per\u00edodo fiscalizado.<\/p>\n","protected":false},"author":8,"featured_media":0,"parent":0,"menu_order":0,"comment_status":"closed","ping_status":"closed","template":"page-iframe-menu.php","meta":{"footnotes":""},"class_list":["post-103","page","type-page","status-publish","hentry"],"_links":{"self":[{"href":"https:\/\/jundiai.sp.gov.br\/servicos-online\/wp-json\/wp\/v2\/pages\/103","targetHints":{"allow":["GET"]}}],"collection":[{"href":"https:\/\/jundiai.sp.gov.br\/servicos-online\/wp-json\/wp\/v2\/pages"}],"about":[{"href":"https:\/\/jundiai.sp.gov.br\/servicos-online\/wp-json\/wp\/v2\/types\/page"}],"author":[{"embeddable":true,"href":"https:\/\/jundiai.sp.gov.br\/servicos-online\/wp-json\/wp\/v2\/users\/8"}],"replies":[{"embeddable":true,"href":"https:\/\/jundiai.sp.gov.br\/servicos-online\/wp-json\/wp\/v2\/comments?post=103"}],"version-history":[{"count":7,"href":"https:\/\/jundiai.sp.gov.br\/servicos-online\/wp-json\/wp\/v2\/pages\/103\/revisions"}],"predecessor-version":[{"id":316,"href":"https:\/\/jundiai.sp.gov.br\/servicos-online\/wp-json\/wp\/v2\/pages\/103\/revisions\/316"}],"wp:attachment":[{"href":"https:\/\/jundiai.sp.gov.br\/servicos-online\/wp-json\/wp\/v2\/media?parent=103"}],"curies":[{"name":"wp","href":"https:\/\/api.w.org\/{rel}","templated":true}]}}