{"id":107,"date":"2017-03-20T14:16:35","date_gmt":"2017-03-20T17:16:35","guid":{"rendered":"https:\/\/jundiai.sp.gov.br\/servicos-online\/?page_id=107"},"modified":"2019-12-11T14:00:40","modified_gmt":"2019-12-11T16:00:40","slug":"segunda-via-da-guia-do-itbi","status":"publish","type":"page","link":"https:\/\/jundiai.sp.gov.br\/servicos-online\/segunda-via-da-guia-do-itbi\/","title":{"rendered":"Segunda Via da Guia do ITBI"},"content":{"rendered":"<p><strong>Aten\u00e7\u00e3o:<\/strong> O sistema bloquear\u00e1 a emiss\u00e3o da segunda via para tributos de lan\u00e7amento fixo que estiverem quitados, assim como para o ISSQN no per\u00edodo fiscalizado.<\/p>\n","protected":false},"excerpt":{"rendered":"<p>Aten\u00e7\u00e3o: O sistema bloquear\u00e1 a emiss\u00e3o da segunda via para tributos de lan\u00e7amento fixo que estiverem quitados, assim como para o ISSQN no per\u00edodo fiscalizado.<\/p>\n","protected":false},"author":8,"featured_media":0,"parent":0,"menu_order":0,"comment_status":"closed","ping_status":"closed","template":"page-iframe-menu.php","meta":{"footnotes":""},"class_list":["post-107","page","type-page","status-publish","hentry"],"_links":{"self":[{"href":"https:\/\/jundiai.sp.gov.br\/servicos-online\/wp-json\/wp\/v2\/pages\/107","targetHints":{"allow":["GET"]}}],"collection":[{"href":"https:\/\/jundiai.sp.gov.br\/servicos-online\/wp-json\/wp\/v2\/pages"}],"about":[{"href":"https:\/\/jundiai.sp.gov.br\/servicos-online\/wp-json\/wp\/v2\/types\/page"}],"author":[{"embeddable":true,"href":"https:\/\/jundiai.sp.gov.br\/servicos-online\/wp-json\/wp\/v2\/users\/8"}],"replies":[{"embeddable":true,"href":"https:\/\/jundiai.sp.gov.br\/servicos-online\/wp-json\/wp\/v2\/comments?post=107"}],"version-history":[{"count":3,"href":"https:\/\/jundiai.sp.gov.br\/servicos-online\/wp-json\/wp\/v2\/pages\/107\/revisions"}],"predecessor-version":[{"id":118,"href":"https:\/\/jundiai.sp.gov.br\/servicos-online\/wp-json\/wp\/v2\/pages\/107\/revisions\/118"}],"wp:attachment":[{"href":"https:\/\/jundiai.sp.gov.br\/servicos-online\/wp-json\/wp\/v2\/media?parent=107"}],"curies":[{"name":"wp","href":"https:\/\/api.w.org\/{rel}","templated":true}]}}