{"id":112,"date":"2017-03-20T14:21:48","date_gmt":"2017-03-20T17:21:48","guid":{"rendered":"https:\/\/jundiai.sp.gov.br\/servicos-online\/?page_id=112"},"modified":"2024-03-15T11:16:50","modified_gmt":"2024-03-15T14:16:50","slug":"consulta-de-debito","status":"publish","type":"page","link":"https:\/\/jundiai.sp.gov.br\/servicos-online\/consulta-de-debito\/","title":{"rendered":"Consulta de D\u00e9bito"},"content":{"rendered":"\n<div class=\"wp-block-group aviso-amarelo\"><div class=\"wp-block-group__inner-container is-layout-constrained wp-block-group-is-layout-constrained\">\n<p><strong>Ao acessar este servi\u00e7o, verifique se:<\/strong><\/p>\n\n\n\n<ul class=\"wp-block-list\">\n<li>Os dados est\u00e3o sendo digitados corretamente<\/li>\n\n\n\n<li>O pop-up encontra-se desbloqueado<\/li>\n\n\n\n<li>O Adobe Reader est\u00e1 atualizado<\/li>\n<\/ul>\n\n\n\n<p>Ou entre em contato com o call center de cobran\u00e7a, por meio do telefone (11) 4589-8706.<\/p>\n\n\n\n<style>\n.aviso-amarelo p:last-of-type {\n    margin: 2em 0 0;\n}\n<\/style>\n<\/div><\/div>\n\n\n\n<iframe loading=\"lazy\" src=\"https:\/\/web.jundiai.sp.gov.br\/PMJ\/FN\/consultadebopcao.aspx\" width=\"100%\" height=\"1030\" scrolling=\"auto\" class=\"iframe-servicos\"><a href=\"https:\/\/web.jundiai.sp.gov.br\/PMJ\/FN\/consultadebopcao.aspx\">Clique aqui se voc\u00ea n\u00e3o estiver visualizando o conte\u00fado<\/a>.<\/iframe>\n","protected":false},"excerpt":{"rendered":"<p>Ao acessar este servi\u00e7o, verifique se: Ou entre em contato com o call center de cobran\u00e7a, por meio do telefone (11) 4589-8706. Clique aqui se voc\u00ea n\u00e3o estiver visualizando o conte\u00fado.<\/p>\n","protected":false},"author":8,"featured_media":0,"parent":0,"menu_order":0,"comment_status":"closed","ping_status":"closed","template":"","meta":{"footnotes":""},"class_list":["post-112","page","type-page","status-publish","hentry"],"_links":{"self":[{"href":"https:\/\/jundiai.sp.gov.br\/servicos-online\/wp-json\/wp\/v2\/pages\/112","targetHints":{"allow":["GET"]}}],"collection":[{"href":"https:\/\/jundiai.sp.gov.br\/servicos-online\/wp-json\/wp\/v2\/pages"}],"about":[{"href":"https:\/\/jundiai.sp.gov.br\/servicos-online\/wp-json\/wp\/v2\/types\/page"}],"author":[{"embeddable":true,"href":"https:\/\/jundiai.sp.gov.br\/servicos-online\/wp-json\/wp\/v2\/users\/8"}],"replies":[{"embeddable":true,"href":"https:\/\/jundiai.sp.gov.br\/servicos-online\/wp-json\/wp\/v2\/comments?post=112"}],"version-history":[{"count":14,"href":"https:\/\/jundiai.sp.gov.br\/servicos-online\/wp-json\/wp\/v2\/pages\/112\/revisions"}],"predecessor-version":[{"id":320,"href":"https:\/\/jundiai.sp.gov.br\/servicos-online\/wp-json\/wp\/v2\/pages\/112\/revisions\/320"}],"wp:attachment":[{"href":"https:\/\/jundiai.sp.gov.br\/servicos-online\/wp-json\/wp\/v2\/media?parent=112"}],"curies":[{"name":"wp","href":"https:\/\/api.w.org\/{rel}","templated":true}]}}