{"id":27,"date":"2017-03-16T15:13:34","date_gmt":"2017-03-16T18:13:34","guid":{"rendered":"https:\/\/jundiai.sp.gov.br\/servicos-online\/?page_id=27"},"modified":"2024-06-17T15:44:37","modified_gmt":"2024-06-17T18:44:37","slug":"consulta-de-protocolo","status":"publish","type":"page","link":"https:\/\/jundiai.sp.gov.br\/servicos-online\/consulta-de-protocolo\/","title":{"rendered":"Consulta de Protocolo Processos F\u00edsicos"},"content":{"rendered":"\n<iframe loading=\"lazy\" src=\"https:\/\/web.jundiai.sp.gov.br\/PMJ\/PR\/prm001.aspx\" width=\"100%\" height=\"1200\" scrolling=\"auto\" class=\"iframe-servicos\"><a href=\"https:\/\/web.jundiai.sp.gov.br\/PMJ\/PR\/prm001.aspx\">Clique aqui se voc\u00ea n\u00e3o estiver visualizando o conte\u00fado<\/a>.<\/iframe>\n\n<style>\n.pagina-titulo {\n    display: none;\n}\n<\/style>\n","protected":false},"excerpt":{"rendered":"<p>Clique aqui se voc\u00ea n\u00e3o estiver visualizando o conte\u00fado.<\/p>\n","protected":false},"author":8,"featured_media":0,"parent":0,"menu_order":0,"comment_status":"closed","ping_status":"closed","template":"","meta":{"footnotes":""},"class_list":["post-27","page","type-page","status-publish","hentry"],"_links":{"self":[{"href":"https:\/\/jundiai.sp.gov.br\/servicos-online\/wp-json\/wp\/v2\/pages\/27","targetHints":{"allow":["GET"]}}],"collection":[{"href":"https:\/\/jundiai.sp.gov.br\/servicos-online\/wp-json\/wp\/v2\/pages"}],"about":[{"href":"https:\/\/jundiai.sp.gov.br\/servicos-online\/wp-json\/wp\/v2\/types\/page"}],"author":[{"embeddable":true,"href":"https:\/\/jundiai.sp.gov.br\/servicos-online\/wp-json\/wp\/v2\/users\/8"}],"replies":[{"embeddable":true,"href":"https:\/\/jundiai.sp.gov.br\/servicos-online\/wp-json\/wp\/v2\/comments?post=27"}],"version-history":[{"count":5,"href":"https:\/\/jundiai.sp.gov.br\/servicos-online\/wp-json\/wp\/v2\/pages\/27\/revisions"}],"predecessor-version":[{"id":333,"href":"https:\/\/jundiai.sp.gov.br\/servicos-online\/wp-json\/wp\/v2\/pages\/27\/revisions\/333"}],"wp:attachment":[{"href":"https:\/\/jundiai.sp.gov.br\/servicos-online\/wp-json\/wp\/v2\/media?parent=27"}],"curies":[{"name":"wp","href":"https:\/\/api.w.org\/{rel}","templated":true}]}}