{"id":338,"date":"2025-10-30T14:54:31","date_gmt":"2025-10-30T17:54:31","guid":{"rendered":"https:\/\/jundiai.sp.gov.br\/servicos-online\/?page_id=338"},"modified":"2025-10-30T15:03:22","modified_gmt":"2025-10-30T18:03:22","slug":"segunda-via-de-publicidade","status":"publish","type":"page","link":"https:\/\/jundiai.sp.gov.br\/servicos-online\/segunda-via-de-publicidade\/","title":{"rendered":"Segunda Via de Tributos de Publicidade"},"content":{"rendered":"\n<iframe loading=\"lazy\" src=\"https:\/\/web.jundiai.sp.gov.br\/PMJ\/SW\/segundaviapublicidade.aspx\" width=\"100%\" height=\"800\" scrolling=\"auto\" class=\"iframe-servicos\"> \n<a href=\"https:\/\/web.jundiai.sp.gov.br\/PMJ\/SW\/segundaviapublicidade.aspx\">Clique aqui se voc\u00ea n\u00e3o estiver visualizando o conte\u00fado<\/a>.<\/iframe>\n","protected":false},"excerpt":{"rendered":"<p>Clique aqui se voc\u00ea n\u00e3o estiver visualizando o conte\u00fado.<\/p>\n","protected":false},"author":8,"featured_media":0,"parent":0,"menu_order":0,"comment_status":"closed","ping_status":"closed","template":"page-iframe-menu.php","meta":{"footnotes":""},"class_list":["post-338","page","type-page","status-publish","hentry"],"_links":{"self":[{"href":"https:\/\/jundiai.sp.gov.br\/servicos-online\/wp-json\/wp\/v2\/pages\/338","targetHints":{"allow":["GET"]}}],"collection":[{"href":"https:\/\/jundiai.sp.gov.br\/servicos-online\/wp-json\/wp\/v2\/pages"}],"about":[{"href":"https:\/\/jundiai.sp.gov.br\/servicos-online\/wp-json\/wp\/v2\/types\/page"}],"author":[{"embeddable":true,"href":"https:\/\/jundiai.sp.gov.br\/servicos-online\/wp-json\/wp\/v2\/users\/8"}],"replies":[{"embeddable":true,"href":"https:\/\/jundiai.sp.gov.br\/servicos-online\/wp-json\/wp\/v2\/comments?post=338"}],"version-history":[{"count":3,"href":"https:\/\/jundiai.sp.gov.br\/servicos-online\/wp-json\/wp\/v2\/pages\/338\/revisions"}],"predecessor-version":[{"id":342,"href":"https:\/\/jundiai.sp.gov.br\/servicos-online\/wp-json\/wp\/v2\/pages\/338\/revisions\/342"}],"wp:attachment":[{"href":"https:\/\/jundiai.sp.gov.br\/servicos-online\/wp-json\/wp\/v2\/media?parent=338"}],"curies":[{"name":"wp","href":"https:\/\/api.w.org\/{rel}","templated":true}]}}