{"id":42,"date":"2017-03-16T17:19:21","date_gmt":"2017-03-16T20:19:21","guid":{"rendered":"https:\/\/jundiai.sp.gov.br\/servicos-online\/?page_id=42"},"modified":"2019-12-11T13:52:30","modified_gmt":"2019-12-11T15:52:30","slug":"certidao-negativa-de-debitos-de-tributos-imobiliarios","status":"publish","type":"page","link":"https:\/\/jundiai.sp.gov.br\/servicos-online\/certidao-negativa-de-debitos-de-tributos-imobiliarios\/","title":{"rendered":"Certid\u00e3o Negativa de D\u00e9bitos de Tributos Imobili\u00e1rios (IPTU\/ITBI\/Taxas)"},"content":{"rendered":"","protected":false},"excerpt":{"rendered":"","protected":false},"author":8,"featured_media":0,"parent":0,"menu_order":0,"comment_status":"closed","ping_status":"closed","template":"page-iframe-menu.php","meta":{"footnotes":""},"class_list":["post-42","page","type-page","status-publish","hentry"],"_links":{"self":[{"href":"https:\/\/jundiai.sp.gov.br\/servicos-online\/wp-json\/wp\/v2\/pages\/42","targetHints":{"allow":["GET"]}}],"collection":[{"href":"https:\/\/jundiai.sp.gov.br\/servicos-online\/wp-json\/wp\/v2\/pages"}],"about":[{"href":"https:\/\/jundiai.sp.gov.br\/servicos-online\/wp-json\/wp\/v2\/types\/page"}],"author":[{"embeddable":true,"href":"https:\/\/jundiai.sp.gov.br\/servicos-online\/wp-json\/wp\/v2\/users\/8"}],"replies":[{"embeddable":true,"href":"https:\/\/jundiai.sp.gov.br\/servicos-online\/wp-json\/wp\/v2\/comments?post=42"}],"version-history":[{"count":7,"href":"https:\/\/jundiai.sp.gov.br\/servicos-online\/wp-json\/wp\/v2\/pages\/42\/revisions"}],"predecessor-version":[{"id":187,"href":"https:\/\/jundiai.sp.gov.br\/servicos-online\/wp-json\/wp\/v2\/pages\/42\/revisions\/187"}],"wp:attachment":[{"href":"https:\/\/jundiai.sp.gov.br\/servicos-online\/wp-json\/wp\/v2\/media?parent=42"}],"curies":[{"name":"wp","href":"https:\/\/api.w.org\/{rel}","templated":true}]}}