{"id":57,"date":"2017-03-20T10:27:41","date_gmt":"2017-03-20T13:27:41","guid":{"rendered":"https:\/\/jundiai.sp.gov.br\/servicos-online\/?page_id=57"},"modified":"2024-07-15T09:36:57","modified_gmt":"2024-07-15T12:36:57","slug":"certidao-de-uso-do-solo","status":"publish","type":"page","link":"https:\/\/jundiai.sp.gov.br\/servicos-online\/certidao-de-uso-do-solo\/","title":{"rendered":"Certid\u00e3o de Uso do Solo"},"content":{"rendered":"\n<iframe loading=\"lazy\" src=\"https:\/\/web.jundiai.sp.gov.br\/PMJ\/LG\/info.aspx\" width=\"100%\" height=\"1300\" scrolling=\"auto\" class=\"iframe-servicos\"><a href=\"https:\/\/web.jundiai.sp.gov.br\/PMJ\/LG\/info.aspx\">Clique aqui se voc\u00ea n\u00e3o estiver visualizando o conte\u00fado<\/a>.<\/iframe>\n","protected":false},"excerpt":{"rendered":"<p>Clique aqui se voc\u00ea n\u00e3o estiver visualizando o conte\u00fado.<\/p>\n","protected":false},"author":8,"featured_media":0,"parent":0,"menu_order":0,"comment_status":"closed","ping_status":"closed","template":"","meta":{"footnotes":""},"class_list":["post-57","page","type-page","status-publish","hentry"],"_links":{"self":[{"href":"https:\/\/jundiai.sp.gov.br\/servicos-online\/wp-json\/wp\/v2\/pages\/57","targetHints":{"allow":["GET"]}}],"collection":[{"href":"https:\/\/jundiai.sp.gov.br\/servicos-online\/wp-json\/wp\/v2\/pages"}],"about":[{"href":"https:\/\/jundiai.sp.gov.br\/servicos-online\/wp-json\/wp\/v2\/types\/page"}],"author":[{"embeddable":true,"href":"https:\/\/jundiai.sp.gov.br\/servicos-online\/wp-json\/wp\/v2\/users\/8"}],"replies":[{"embeddable":true,"href":"https:\/\/jundiai.sp.gov.br\/servicos-online\/wp-json\/wp\/v2\/comments?post=57"}],"version-history":[{"count":9,"href":"https:\/\/jundiai.sp.gov.br\/servicos-online\/wp-json\/wp\/v2\/pages\/57\/revisions"}],"predecessor-version":[{"id":334,"href":"https:\/\/jundiai.sp.gov.br\/servicos-online\/wp-json\/wp\/v2\/pages\/57\/revisions\/334"}],"wp:attachment":[{"href":"https:\/\/jundiai.sp.gov.br\/servicos-online\/wp-json\/wp\/v2\/media?parent=57"}],"curies":[{"name":"wp","href":"https:\/\/api.w.org\/{rel}","templated":true}]}}