{"id":6,"date":"2017-03-16T14:51:28","date_gmt":"2017-03-16T17:51:28","guid":{"rendered":"https:\/\/jundiai.sp.gov.br\/servicos-online\/?page_id=6"},"modified":"2025-10-30T15:04:05","modified_gmt":"2025-10-30T18:04:05","slug":"emissao-de-certidoes-e-autenticidade","status":"publish","type":"page","link":"https:\/\/jundiai.sp.gov.br\/servicos-online\/","title":{"rendered":"Emiss\u00e3o de Certid\u00f5es e Autenticidade"},"content":{"rendered":"\n<p><strong>Ao acessar estes servi\u00e7os, verifique se:<\/strong><\/p>\n\n\n\n<ul class=\"wp-block-list\">\n<li>Os dados est\u00e3o sendo digitados corretamente;<\/li>\n\n\n\n<li>Os pop-ups encontram-se desbloqueados;<\/li>\n\n\n\n<li>O <a href=\"https:\/\/get.adobe.com\/br\/reader\/\" target=\"_blank\" rel=\"noopener noreferrer\">Adobe Reader<\/a> est\u00e1 atualizado.<\/li>\n<\/ul>\n\n\n\n<p><a href=\"https:\/\/web.jundiai.sp.gov.br\/PMJ\/SW\/AlvarasTransporte.aspx\" data-type=\"URL\" data-id=\"https:\/\/web.jundiai.sp.gov.br\/PMJ\/SW\/AlvarasTransporte.aspx\" target=\"_blank\" rel=\"noreferrer noopener\">Alvar\u00e1s de Transporte<\/a><\/p>\n\n\n\n<p><a rel=\"noopener noreferrer\" href=\"https:\/\/web.cijun.sp.gov.br\/PMJ\/APROVE\/Alvara\/AutenticidadeAlvara\" target=\"_blank\">Autenticidade de Alvar\u00e1 de Obras (Novo SAEPRO)<\/a><br>Confirma a autenticidade e a validade de alvar\u00e1s emitidos atrav\u00e9s do novo SAEPRO (projetos protocolados a partir de 11\/11\/2019)<\/p>\n\n\n\n<p><a href=\"https:\/\/web.jundiai.sp.gov.br\/pmj\/cm\/AutenticidadeAlvara.aspx\" target=\"_blank\" rel=\"noopener noreferrer\">Autenticidade de Alvar\u00e1 de Obras<\/a><br>Confirma a autenticidade e a validade de alvar\u00e1s emitidos atrav\u00e9s do SAEPRO (projetos protocolados at\u00e9 10\/11\/2019)<\/p>\n\n\n\n<p><a href=\"https:\/\/jundiai.sp.gov.br\/servicos-online\/autenticidade-de-certidoes\/\">Autenticidade de Certid\u00f5es<\/a><br>Confirma a autenticidade e a validade das certid\u00f5es emitidas atrav\u00e9s do site<\/p>\n\n\n\n<p><a href=\"https:\/\/jundiai.sp.gov.br\/servicos-online\/aviso-de-lancamento-do-iptu-capa\/\">Aviso de Lan\u00e7amento do IPTU (CAPA)<\/a><\/p>\n\n\n\n<p><a href=\"https:\/\/jundiai.sp.gov.br\/servicos-online\/certidao-contribuinte-imobiliario\/\">Certid\u00e3o de Contribuinte Imobili\u00e1rio<\/a><\/p>\n\n\n\n<p><a href=\"https:\/\/jundiai.sp.gov.br\/servicos-online\/certidao-de-contribuinte-mobiliario\/\">Certid\u00e3o de Contribuinte Mobili\u00e1rio<\/a><\/p>\n\n\n\n<p><a href=\"https:\/\/web.cijun.sp.gov.br\/PMJ\/DIVATIVA.LeiConsultaDebitos\/\" target=\"_blank\" rel=\"noopener\">Certid\u00e3o de D\u00e9bitos Municipais<\/a><\/p>\n\n\n\n<p><a href=\"https:\/\/jundiai.sp.gov.br\/servicos-online\/certidao-negativa-de-debitos-ambientais\/\">Certid\u00e3o Negativa de D\u00e9bitos Ambientais<\/a><\/p>\n\n\n\n<p><a href=\"https:\/\/jundiai.sp.gov.br\/servicos-online\/certidao-negativa-de-debitos-mobiliarios\/\">Certid\u00e3o Negativa de D\u00e9bitos Mobili\u00e1rios (ISSQN\/Alvar\u00e1\/Multa)<\/a><\/p>\n\n\n\n<p><a href=\"https:\/\/jundiai.sp.gov.br\/servicos-online\/certidao-negativa-de-debitos-municipais-cpf-cnpj\/\">Certid\u00e3o Negativa de D\u00e9bitos Municipais (CPF\/CNPJ)<\/a><\/p>\n\n\n\n<p><a href=\"https:\/\/jundiai.sp.gov.br\/servicos-online\/certidao-negativa-de-debitos-de-tributos-imobiliarios\/\">Certid\u00e3o Negativa de D\u00e9bitos de Tributos Imobili\u00e1rios (IPTU\/ITBI\/Taxas)<\/a><\/p>\n\n\n\n<p><a href=\"https:\/\/jundiai.sp.gov.br\/servicos-online\/certidao-tributacao-predial\/\">Certid\u00e3o de Tributa\u00e7\u00e3o Predial<\/a><\/p>\n\n\n\n<p><a href=\"https:\/\/jundiai.sp.gov.br\/servicos-online\/certidao-de-uso-do-solo\/\">Certid\u00e3o de Uso do Solo<\/a><\/p>\n\n\n\n<p><a href=\"https:\/\/jundiai.sp.gov.br\/servicos-online\/certidao-valor-venal\/\">Certid\u00e3o de Valor Venal<\/a><\/p>\n\n\n\n<p><a href=\"https:\/\/jundiai.sp.gov.br\/servicos-online\/consulta-de-debito\/\">Consulta de D\u00e9bito<\/a><\/p>\n\n\n\n<p><a href=\"https:\/\/jundiai.sp.gov.br\/servicos-online\/consulta-de-protocolo\/\">Consulta de Protocolo Processos F\u00edsicos<\/a><\/p>\n\n\n\n<p><a href=\"https:\/\/jundiai.sp.gov.br\/servicos-online\/consulta-de-valor-da-taxa-de-alvara\/\">Consulta de Valor da Taxa<\/a><\/p>\n\n\n\n<p><a href=\"https:\/\/web.jundiai.sp.gov.br\/pmj\/ITRegistroImoveis\/Login.aspx\" target=\"_blank\" rel=\"noopener noreferrer\">Declara\u00e7\u00e3o de Transa\u00e7\u00f5es Imobili\u00e1rias<\/a><\/p>\n\n\n\n<p><a href=\"https:\/\/jundiai.sp.gov.br\/servicos-online\/emissao-de-guia-para-pagamento-de-parcelamento\/\">Emiss\u00e3o de Guia para Pagamento de Parcelamento\/Acordo<\/a><\/p>\n\n\n\n<p><a href=\"https:\/\/jundiai.sp.gov.br\/servicos-online\/manifesto-ambiental\/\">Manifesto Ambiental<\/a><\/p>\n\n\n\n<p><a href=\"https:\/\/jundiai.sp.gov.br\/servicos-online\/meu-alvara\/\">Meu Alvar\u00e1<\/a><br>Lan\u00e7amento eletr\u00f4nico do ISS semestral<\/p>\n\n\n\n<p><a href=\"https:\/\/jundiai.sp.gov.br\/servicos-online\/nomes-anteriores-do-logradouro\/\">Nomes Anteriores do Logradouro<\/a><\/p>\n\n\n\n<p><a href=\"https:\/\/jundiai.sp.gov.br\/servicos-online\/processos-do-contribuinte-imobiliario\/\">Processos do Contribuinte Imobili\u00e1rio<\/a><\/p>\n\n\n\n<p><a href=\"https:\/\/jundiai.sp.gov.br\/servicos-online\/segunda-via-da-guia-do-itbi\/\">Segunda Via da Guia do ITBI<\/a><\/p>\n\n\n\n<p><a href=\"https:\/\/jundiai.sp.gov.br\/servicos-online\/segunda-via-da-parcela-do-iptu\/\">Segunda Via da Parcela do IPTU<\/a><\/p>\n\n\n\n<p><a href=\"https:\/\/jundiai.sp.gov.br\/servicos-online\/situacao-do-cpf-cnpj\/\">Situa\u00e7\u00e3o do CPF\/CNPJ<\/a><\/p>\n\n\n\n<p><a href=\"https:\/\/jundiai.sp.gov.br\/servicos-online\/lancamento-eletronico-do-iptu\/\">Lan\u00e7amento eletr\u00f4nico do IPTU<\/a><\/p>\n\n\n\n<p><a href=\"https:\/\/jundiai.sp.gov.br\/servicos-online\/segunda-via-de-tributos-de-cadastro-fiscal-mobiliario\/\">Segunda Via de Tributos de Cadastro Fiscal Mobili\u00e1rio<\/a><\/p>\n\n\n\n<p><a href=\"https:\/\/jundiai.sp.gov.br\/servicos-online\/segunda-via-de-tributos-do-feirante\/\">Segunda Via de Tributos do Feirante<\/a><\/p>\n\n\n\n<p><a href=\"https:\/\/jundiai.sp.gov.br\/servicos-online\/situacao-cadastral-do-contribuinte-mobiliario\/\">Situa\u00e7\u00e3o Cadastral do Contribuinte Mobili\u00e1rio<\/a><\/p>\n\n\n\n<p><a href=\"https:\/\/jundiai.sp.gov.br\/servicos-online\/segunda-via-de-publicidade\/\">Segunda Via de Tributos de Publicidade<\/a><\/p>\n\n\n\n<p><a href=\"https:\/\/jundiai.sp.gov.br\/servicos-online\/tributo-do-feirante-por-e-mail\/\">Tributo do feirante por e-mail<\/a><\/p>\n\n\n\n<p><strong>Aten\u00e7\u00e3o<\/strong><br>Para tributos de lan\u00e7amento fixo que estiverem quitados, o sistema bloquear\u00e1 a emiss\u00e3o da segunda via, da mesma forma que o ISSQN no per\u00edodo fiscalizado.<\/p>\n","protected":false},"excerpt":{"rendered":"<p>Ao acessar estes servi\u00e7os, verifique se: Alvar\u00e1s de Transporte Autenticidade de Alvar\u00e1 de Obras (Novo SAEPRO)Confirma a autenticidade e a validade de alvar\u00e1s emitidos atrav\u00e9s do novo SAEPRO (projetos protocolados a partir de 11\/11\/2019) Autenticidade de Alvar\u00e1 de ObrasConfirma a autenticidade e a validade de alvar\u00e1s emitidos atrav\u00e9s do SAEPRO (projetos protocolados at\u00e9 10\/11\/2019) Autenticidade [&hellip;]<\/p>\n","protected":false},"author":8,"featured_media":0,"parent":0,"menu_order":0,"comment_status":"closed","ping_status":"closed","template":"","meta":{"footnotes":""},"class_list":["post-6","page","type-page","status-publish","hentry"],"_links":{"self":[{"href":"https:\/\/jundiai.sp.gov.br\/servicos-online\/wp-json\/wp\/v2\/pages\/6","targetHints":{"allow":["GET"]}}],"collection":[{"href":"https:\/\/jundiai.sp.gov.br\/servicos-online\/wp-json\/wp\/v2\/pages"}],"about":[{"href":"https:\/\/jundiai.sp.gov.br\/servicos-online\/wp-json\/wp\/v2\/types\/page"}],"author":[{"embeddable":true,"href":"https:\/\/jundiai.sp.gov.br\/servicos-online\/wp-json\/wp\/v2\/users\/8"}],"replies":[{"embeddable":true,"href":"https:\/\/jundiai.sp.gov.br\/servicos-online\/wp-json\/wp\/v2\/comments?post=6"}],"version-history":[{"count":53,"href":"https:\/\/jundiai.sp.gov.br\/servicos-online\/wp-json\/wp\/v2\/pages\/6\/revisions"}],"predecessor-version":[{"id":344,"href":"https:\/\/jundiai.sp.gov.br\/servicos-online\/wp-json\/wp\/v2\/pages\/6\/revisions\/344"}],"wp:attachment":[{"href":"https:\/\/jundiai.sp.gov.br\/servicos-online\/wp-json\/wp\/v2\/media?parent=6"}],"curies":[{"name":"wp","href":"https:\/\/api.w.org\/{rel}","templated":true}]}}