{"id":63,"date":"2017-03-20T11:07:06","date_gmt":"2017-03-20T14:07:06","guid":{"rendered":"https:\/\/jundiai.sp.gov.br\/servicos-online\/?page_id=63"},"modified":"2024-06-06T13:31:32","modified_gmt":"2024-06-06T16:31:32","slug":"certidao-negativa-de-debitos-mobiliarios","status":"publish","type":"page","link":"https:\/\/jundiai.sp.gov.br\/servicos-online\/certidao-negativa-de-debitos-mobiliarios\/","title":{"rendered":"Certid\u00e3o Negativa de D\u00e9bitos Mobili\u00e1rios (ISSQN \/ Alvar\u00e1 \/ Multa)"},"content":{"rendered":"\n<iframe loading=\"lazy\" src=\"https:\/\/web.cijun.sp.gov.br\/PMJ\/DIVATIVA.LeiConsultaDebitos\/CertidaoNegativaMobiliario\" width=\"100%\" height=\"800\" scrolling=\"auto\" class=\"iframe-servicos\"> \n<a href=\"https:\/\/web.cijun.sp.gov.br\/PMJ\/DIVATIVA.LeiConsultaDebitos\/CertidaoNegativaMobiliario\">Clique aqui se voc&ecirc; n&atilde;o estiver visualizando o conte&uacute;do<\/a>.<\/iframe>\n","protected":false},"excerpt":{"rendered":"<p>Clique aqui se voc&ecirc; n&atilde;o estiver visualizando o conte&uacute;do.<\/p>\n","protected":false},"author":8,"featured_media":0,"parent":0,"menu_order":0,"comment_status":"closed","ping_status":"closed","template":"page-iframe-menu.php","meta":{"footnotes":""},"class_list":["post-63","page","type-page","status-publish","hentry"],"_links":{"self":[{"href":"https:\/\/jundiai.sp.gov.br\/servicos-online\/wp-json\/wp\/v2\/pages\/63","targetHints":{"allow":["GET"]}}],"collection":[{"href":"https:\/\/jundiai.sp.gov.br\/servicos-online\/wp-json\/wp\/v2\/pages"}],"about":[{"href":"https:\/\/jundiai.sp.gov.br\/servicos-online\/wp-json\/wp\/v2\/types\/page"}],"author":[{"embeddable":true,"href":"https:\/\/jundiai.sp.gov.br\/servicos-online\/wp-json\/wp\/v2\/users\/8"}],"replies":[{"embeddable":true,"href":"https:\/\/jundiai.sp.gov.br\/servicos-online\/wp-json\/wp\/v2\/comments?post=63"}],"version-history":[{"count":2,"href":"https:\/\/jundiai.sp.gov.br\/servicos-online\/wp-json\/wp\/v2\/pages\/63\/revisions"}],"predecessor-version":[{"id":321,"href":"https:\/\/jundiai.sp.gov.br\/servicos-online\/wp-json\/wp\/v2\/pages\/63\/revisions\/321"}],"wp:attachment":[{"href":"https:\/\/jundiai.sp.gov.br\/servicos-online\/wp-json\/wp\/v2\/media?parent=63"}],"curies":[{"name":"wp","href":"https:\/\/api.w.org\/{rel}","templated":true}]}}