{"id":92,"date":"2017-03-20T13:58:39","date_gmt":"2017-03-20T16:58:39","guid":{"rendered":"https:\/\/jundiai.sp.gov.br\/servicos-online\/?page_id=92"},"modified":"2024-03-15T08:51:58","modified_gmt":"2024-03-15T11:51:58","slug":"emissao-de-guia-para-pagamento-de-parcelamento","status":"publish","type":"page","link":"https:\/\/jundiai.sp.gov.br\/servicos-online\/emissao-de-guia-para-pagamento-de-parcelamento\/","title":{"rendered":"Emiss\u00e3o de Guia para Pagamento de Parcelamento\/Acordo"},"content":{"rendered":"\n<p><strong>Aten\u00e7\u00e3o:<\/strong> O sistema bloquear\u00e1 a emiss\u00e3o da segunda via para tributos de lan\u00e7amento fixo que estiverem quitados, assim como para o ISSQN no per\u00edodo fiscalizado.<\/p>\n\n\n\n<p>A Emiss\u00e3o da Guia de Parcelamento\/Acordo \u00e9 referente aos tributos relacionados ao:<\/p>\n\n\n\n<ul class=\"wp-block-list\">\n<li>Contribuinte Imobili\u00e1rio<\/li>\n\n\n\n<li>Contribuinte Mobili\u00e1rio<\/li>\n\n\n\n<li>Feirante\/Ambulante<\/li>\n\n\n\n<li>Multas para Contribuintes n\u00e3o estabelecidos<\/li>\n<\/ul>\n\n\n\n<div style=\"height:50px\" aria-hidden=\"true\" class=\"wp-block-spacer\"><\/div>\n\n\n\n<p><strong>Escolha sua op\u00e7\u00e3o para imprimir a guia para pagamento \u00e0 vista:<\/strong><\/p>\n\n\n\n<iframe loading=\"lazy\" src=\"https:\/\/web.jundiai.sp.gov.br\/PMJ\/FN\/2ViaParcelamento.aspx\" width=\"100%\" height=\"600\" scrolling=\"auto\" class=\"iframe-servicos\"><a href=\"https:\/\/web.jundiai.sp.gov.br\/PMJ\/FN\/2ViaParcelamento.aspx\">Clique aqui se voc\u00ea n\u00e3o estiver visualizando o conte\u00fado<\/a>.<\/iframe>\n\n\n\n<p>Ou compare\u00e7a ao posto de servi\u00e7os da Prefeitura no Poupatempo, localizado na avenida Uni\u00e3o dos Ferrovi\u00e1rios, 1760, Centro, de segunda a sexta-feira das 9h \u00e0s 17h, e aos s\u00e1bados, das 9h \u00e0s 12h, com os documentos:<\/p>\n\n\n\n<ul class=\"wp-block-list\">\n<li>N\u00famero cadastral do im\u00f3vel, quando d\u00e9bitos de IPTU<\/li>\n\n\n\n<li>N\u00famero do CFM, quando d\u00e9bitos de ISSQN ou TAXAS<\/li>\n<\/ul>\n","protected":false},"excerpt":{"rendered":"<p>Aten\u00e7\u00e3o: O sistema bloquear\u00e1 a emiss\u00e3o da segunda via para tributos de lan\u00e7amento fixo que estiverem quitados, assim como para o ISSQN no per\u00edodo fiscalizado. A Emiss\u00e3o da Guia de Parcelamento\/Acordo \u00e9 referente aos tributos relacionados ao: Escolha sua op\u00e7\u00e3o para imprimir a guia para pagamento \u00e0 vista: Clique aqui se voc\u00ea n\u00e3o estiver visualizando [&hellip;]<\/p>\n","protected":false},"author":8,"featured_media":0,"parent":0,"menu_order":0,"comment_status":"closed","ping_status":"closed","template":"","meta":{"footnotes":""},"class_list":["post-92","page","type-page","status-publish","hentry"],"_links":{"self":[{"href":"https:\/\/jundiai.sp.gov.br\/servicos-online\/wp-json\/wp\/v2\/pages\/92","targetHints":{"allow":["GET"]}}],"collection":[{"href":"https:\/\/jundiai.sp.gov.br\/servicos-online\/wp-json\/wp\/v2\/pages"}],"about":[{"href":"https:\/\/jundiai.sp.gov.br\/servicos-online\/wp-json\/wp\/v2\/types\/page"}],"author":[{"embeddable":true,"href":"https:\/\/jundiai.sp.gov.br\/servicos-online\/wp-json\/wp\/v2\/users\/8"}],"replies":[{"embeddable":true,"href":"https:\/\/jundiai.sp.gov.br\/servicos-online\/wp-json\/wp\/v2\/comments?post=92"}],"version-history":[{"count":4,"href":"https:\/\/jundiai.sp.gov.br\/servicos-online\/wp-json\/wp\/v2\/pages\/92\/revisions"}],"predecessor-version":[{"id":318,"href":"https:\/\/jundiai.sp.gov.br\/servicos-online\/wp-json\/wp\/v2\/pages\/92\/revisions\/318"}],"wp:attachment":[{"href":"https:\/\/jundiai.sp.gov.br\/servicos-online\/wp-json\/wp\/v2\/media?parent=92"}],"curies":[{"name":"wp","href":"https:\/\/api.w.org\/{rel}","templated":true}]}}